{"id":21047,"date":"2025-09-19T00:45:47","date_gmt":"2025-09-19T00:45:47","guid":{"rendered":"https:\/\/encontreportugal.pt\/loja\/sem%20categoria\/t-shirt-cartao-de-embarque-portugues-mulher-ferias-casual\/"},"modified":"2025-09-19T00:56:20","modified_gmt":"2025-09-19T00:56:20","slug":"t-shirt-cartao-de-embarque-portugues-mulher-ferias-casual","status":"publish","type":"product","link":"https:\/\/encontreportugal.pt\/de\/loja\/tshirts\/t-shirt-cartao-de-embarque-portugues-mulher-ferias-casual\/","title":{"rendered":"T-shirt Cart\u00e3o de Embarque Portugu\u00eas | Mulher, F\u00e9rias, Casual"},"content":{"rendered":"<p>&nbsp;<\/p>\n<div class=\"product-specs-list-container\">\n<ul class=\"product-specs-list util-clearfix\">\n<li class=\"product-prop line-limit-length\"><span class=\"property-title\">Qu\u00edmico Hign-em causa:\u00a0<\/span><span class=\"property-desc line-limit-length\">Nenhum<\/span><\/li>\n<li class=\"product-prop line-limit-length\"><span class=\"property-title\">Artesanato de Tecelagem:\u00a0<\/span><span class=\"property-desc line-limit-length\">outro<\/span><\/li>\n<li class=\"product-prop line-limit-length\"><span class=\"property-title\">Lugar de origem:\u00a0<\/span><span class=\"property-desc line-limit-length\">China (continente)<\/span><\/li>\n<li class=\"product-prop line-limit-length\"><span class=\"property-title\">Tipo de tecido:\u00a0<\/span><span class=\"property-desc line-limit-length\">Casimira<\/span><\/li>\n<li class=\"product-prop line-limit-length\"><span class=\"property-title\">Com capuz:\u00a0<\/span><span class=\"property-desc line-limit-length\">N\u00e3o<\/span><\/li>\n<li class=\"product-prop line-limit-length\"><span class=\"property-title\">Tipo de modelo:\u00a0<\/span><span class=\"property-desc line-limit-length\">Estampada<\/span><\/li>\n<li class=\"product-prop line-limit-length\"><span class=\"property-title\">Estilo da manga:\u00a0<\/span><span class=\"property-desc line-limit-length\">Regelm\u00e4\u00dfig<\/span><\/li>\n<li class=\"product-prop line-limit-length\"><span class=\"property-title\">Colarinho:\u00a0<\/span><span class=\"property-desc line-limit-length\">O-Neck<\/span><\/li>\n<li class=\"product-prop line-limit-length\"><span class=\"property-title\">Material:\u00a0<\/span><span class=\"property-desc line-limit-length\">COTTON<\/span><\/li>\n<li class=\"product-prop line-limit-length\"><span class=\"property-title\">Estilo:\u00a0<\/span><span class=\"property-desc line-limit-length\">Casual<\/span><\/li>\n<li class=\"product-prop line-limit-length\"><span class=\"property-title\">Comprimento da manga (cm):\u00a0<\/span><span class=\"property-desc line-limit-length\">SHORT<\/span><\/li>\n<li class=\"product-prop line-limit-length\"><span class=\"property-title\">Sexo:\u00a0<\/span><span class=\"property-desc line-limit-length\">MEN<\/span><\/li>\n<li class=\"product-prop line-limit-length\"><span class=\"property-title\">Origem:\u00a0<\/span><span class=\"property-desc line-limit-length\">CN (Origem)<\/span><\/li>\n<li class=\"product-prop line-limit-length\"><span class=\"property-title\">Tipo de top:\u00a0<\/span><span class=\"property-desc line-limit-length\">CAMISETAS<\/span><\/li>\n<li class=\"product-prop line-limit-length\"><span class=\"property-title\">Tipo de Item:\u00a0<\/span><span class=\"property-desc line-limit-length\">tops<\/span><\/li>\n<li class=\"product-prop line-limit-length\"><span class=\"property-title\">Nome da marca:\u00a0<\/span><span class=\"property-desc line-limit-length\">CC YUEQI<\/span><\/li>\n<li class=\"product-prop line-limit-length\"><span class=\"property-title\">CN:\u00a0<\/span><span class=\"property-desc line-limit-length\">Fujian<\/span><\/li>\n<\/ul>\n<\/div>\n<div class=\"detailmodule_html\">\n<div class=\"detail-desc-decorate-richtext\">\n<p style=\"text-align: left; margin: 0px;\" align=\"left\"><img  title=\"\"  alt=\"S93e49d0e3c1a45d39083bde16603d90cX T-shirt Cart\u00e3o de Embarque Portugu\u00eas | Mulher, F\u00e9rias, Casual\" decoding=\"async\" src=\"https:\/\/ae01.alicdn.com\/kf\/S93e49d0e3c1a45d39083bde16603d90cX.jpg?width=1000&amp;height=309&amp;hash=1309\" \/><br \/>\n<img  title=\"\"  alt=\"Sa38b3e1fc37d4f6b91ab714d9ceeb27au T-shirt Cart\u00e3o de Embarque Portugu\u00eas | Mulher, F\u00e9rias, Casual\" fetchpriority=\"high\" decoding=\"async\" src=\"https:\/\/ae01.alicdn.com\/kf\/Sa38b3e1fc37d4f6b91ab714d9ceeb27au.jpg\" width=\"1000\" height=\"1000\" \/><br \/>\n<img  title=\"\"  alt=\"S5860b2ec5e34405db65e15bd72328126O T-shirt Cart\u00e3o de Embarque Portugu\u00eas | Mulher, F\u00e9rias, Casual\" decoding=\"async\" src=\"https:\/\/ae01.alicdn.com\/kf\/S5860b2ec5e34405db65e15bd72328126O.jpg?width=1000&amp;height=100&amp;hash=1100\" \/><img  title=\"\"  alt=\"Sff9060bbd81d4c878707006a5571301cQ T-shirt Cart\u00e3o de Embarque Portugu\u00eas | Mulher, F\u00e9rias, Casual\" decoding=\"async\" src=\"https:\/\/ae01.alicdn.com\/kf\/Sff9060bbd81d4c878707006a5571301cQ.jpg?width=1000&amp;height=1000&amp;hash=2000\" \/><\/p>\n<p><img  title=\"\"  alt=\"S6c394028f37945058477356c1a56da94U T-shirt Cart\u00e3o de Embarque Portugu\u00eas | Mulher, F\u00e9rias, Casual\" decoding=\"async\" src=\"https:\/\/ae01.alicdn.com\/kf\/S6c394028f37945058477356c1a56da94U.jpg?width=1000&amp;height=100&amp;hash=1100\" \/><br \/>\n<span style=\"font-size: 22px;\"><span id=\"tl_8\" style=\"font-family: Arial, Helvetica, sans-serif;\">N\u00f3s usamos a impress\u00e3o de alta qualidade, fazemos o projeto<\/span><\/span><span style=\"font-size: 22px;\"><span style=\"font-family: Arial, Helvetica, sans-serif;\"><span style=\"color: #ff0000;\"><strong id=\"tl_9\">Colorido, brilhante e real!<\/strong><\/span><\/span><\/span><br \/>\n<img  title=\"\"  alt=\"S50fdabf554e24aabb5779e77d05e9e46D T-shirt Cart\u00e3o de Embarque Portugu\u00eas | Mulher, F\u00e9rias, Casual\" decoding=\"async\" src=\"https:\/\/ae01.alicdn.com\/kf\/S50fdabf554e24aabb5779e77d05e9e46D.jpg?width=1000&amp;height=1897&amp;hash=2897\" \/><img  title=\"\"  alt=\"S1a049e7e0483462c92a935bfc32396d14 T-shirt Cart\u00e3o de Embarque Portugu\u00eas | Mulher, F\u00e9rias, Casual\" decoding=\"async\" src=\"https:\/\/ae01.alicdn.com\/kf\/S1a049e7e0483462c92a935bfc32396d14.jpg?width=1000&amp;height=471&amp;hash=1471\" \/><img  title=\"\"  alt=\"Sf7d6bf68cf4d48349f154c4b8d53648d6 T-shirt Cart\u00e3o de Embarque Portugu\u00eas | Mulher, F\u00e9rias, Casual\" decoding=\"async\" src=\"https:\/\/ae01.alicdn.com\/kf\/Sf7d6bf68cf4d48349f154c4b8d53648d6.jpg?width=1000&amp;height=100&amp;hash=1100\" \/><img  title=\"\"  alt=\"Sbbcdbb95897e483b96a6b4b3eadeca78v T-shirt Cart\u00e3o de Embarque Portugu\u00eas | Mulher, F\u00e9rias, Casual\" decoding=\"async\" src=\"https:\/\/ae01.alicdn.com\/kf\/Sbbcdbb95897e483b96a6b4b3eadeca78v.jpg?width=1000&amp;height=166&amp;hash=1166\" \/><br \/>\n<img  title=\"\"  alt=\"Sf2d2890840834a2bbd1994f618174aeaZ T-shirt Cart\u00e3o de Embarque Portugu\u00eas | Mulher, F\u00e9rias, Casual\" decoding=\"async\" src=\"https:\/\/ae01.alicdn.com\/kf\/Sf2d2890840834a2bbd1994f618174aeaZ.jpg?width=1000&amp;height=1000&amp;hash=2000\" \/><img  title=\"\"  alt=\"Sa67bf1bb4d254f8aaef9b11b160e834fm T-shirt Cart\u00e3o de Embarque Portugu\u00eas | Mulher, F\u00e9rias, Casual\" decoding=\"async\" src=\"https:\/\/ae01.alicdn.com\/kf\/Sa67bf1bb4d254f8aaef9b11b160e834fm.jpg?width=1000&amp;height=100&amp;hash=1100\" \/><img  title=\"\"  alt=\"S90e25ee4e1724624a6a9e0a3592e5ffew T-shirt Cart\u00e3o de Embarque Portugu\u00eas | Mulher, F\u00e9rias, Casual\" decoding=\"async\" src=\"https:\/\/ae01.alicdn.com\/kf\/S90e25ee4e1724624a6a9e0a3592e5ffew.jpg?width=1000&amp;height=2643&amp;hash=3643\" \/><\/p>\n<p style=\"text-align: left; margin: 0px;\" align=\"left\">\n<\/div>\n<\/div>","protected":false},"excerpt":{"rendered":"<p>&nbsp; Qu\u00edmico Hign-em causa:\u00a0Nenhum Artesanato de Tecelagem:\u00a0outro Lugar de origem:\u00a0China (continente) Tipo de tecido:\u00a0Casimira Com capuz:\u00a0N\u00e3o Tipo de modelo:\u00a0Estampada Estilo da manga:\u00a0Regular Colarinho:\u00a0O-Neck Material:\u00a0COTTON Estilo:\u00a0Casual Comprimento da manga (cm):\u00a0SHORT Sexo:\u00a0MEN Origem:\u00a0CN (Origem) Tipo de top:\u00a0CAMISETAS Tipo de Item:\u00a0tops Nome da marca:\u00a0CC YUEQI CN:\u00a0Fujian N\u00f3s usamos a impress\u00e3o de alta qualidade, fazemos o projetoColorido, brilhante e [&hellip;]<\/p>\n","protected":false},"featured_media":21048,"comment_status":"open","ping_status":"closed","template":"","meta":[],"product_brand":[],"product_cat":[730],"product_tag":[],"class_list":{"0":"post-21047","1":"product","2":"type-product","3":"status-publish","4":"has-post-thumbnail","6":"product_cat-tshirts","8":"first","9":"instock","10":"shipping-taxable","11":"purchasable","12":"product-type-variable"},"acf":[],"yoast_head":"<!-- This site is optimized with the Yoast SEO plugin v27.4 - https:\/\/yoast.com\/product\/yoast-seo-wordpress\/ -->\n<title>T-shirt Cart\u00e3o de Embarque Portugu\u00eas | Mulher, F\u00e9rias, Casual - Encontre Portugal<\/title>\n<meta name=\"robots\" content=\"index, follow, max-snippet:-1, max-image-preview:large, max-video-preview:-1\" \/>\n<link rel=\"canonical\" href=\"https:\/\/encontreportugal.pt\/de\/loja\/tshirts\/t-shirt-cartao-de-embarque-portugues-mulher-ferias-casual\/\" \/>\n<meta property=\"og:locale\" content=\"de_DE\" \/>\n<meta property=\"og:type\" content=\"article\" \/>\n<meta property=\"og:title\" content=\"T-shirt Cart\u00e3o de Embarque Portugu\u00eas | Mulher, F\u00e9rias, Casual - Encontre Portugal\" \/>\n<meta property=\"og:url\" content=\"https:\/\/encontreportugal.pt\/de\/loja\/tshirts\/t-shirt-cartao-de-embarque-portugues-mulher-ferias-casual\/\" \/>\n<meta property=\"og:site_name\" content=\"Encontre Portugal\" \/>\n<meta property=\"article:modified_time\" content=\"2025-09-19T00:56:20+00:00\" \/>\n<meta property=\"og:image\" content=\"https:\/\/encontreportugal.pt\/wp-content\/uploads\/2025\/09\/kf-Sa38b3e1fc37d4f6b91ab714d9ceeb27au.webp\" \/>\n\t<meta property=\"og:image:width\" content=\"2500\" \/>\n\t<meta property=\"og:image:height\" content=\"2000\" \/>\n\t<meta property=\"og:image:type\" content=\"image\/webp\" \/>\n<meta name=\"twitter:card\" content=\"summary_large_image\" \/>\n<script type=\"application\/ld+json\" class=\"yoast-schema-graph\">{\"@context\":\"https:\\\/\\\/schema.org\",\"@graph\":[{\"@type\":\"WebPage\",\"@id\":\"https:\\\/\\\/encontreportugal.pt\\\/loja\\\/tshirts\\\/t-shirt-cartao-de-embarque-portugues-mulher-ferias-casual\\\/\",\"url\":\"https:\\\/\\\/encontreportugal.pt\\\/loja\\\/tshirts\\\/t-shirt-cartao-de-embarque-portugues-mulher-ferias-casual\\\/\",\"name\":\"T-shirt Cart\u00e3o de Embarque Portugu\u00eas | Mulher, F\u00e9rias, Casual - Encontre Portugal\",\"isPartOf\":{\"@id\":\"https:\\\/\\\/encontreportugal.pt\\\/zh\\\/#website\"},\"primaryImageOfPage\":{\"@id\":\"https:\\\/\\\/encontreportugal.pt\\\/loja\\\/tshirts\\\/t-shirt-cartao-de-embarque-portugues-mulher-ferias-casual\\\/#primaryimage\"},\"image\":{\"@id\":\"https:\\\/\\\/encontreportugal.pt\\\/loja\\\/tshirts\\\/t-shirt-cartao-de-embarque-portugues-mulher-ferias-casual\\\/#primaryimage\"},\"thumbnailUrl\":\"https:\\\/\\\/encontreportugal.pt\\\/wp-content\\\/uploads\\\/2025\\\/09\\\/kf-Sa38b3e1fc37d4f6b91ab714d9ceeb27au.webp\",\"datePublished\":\"2025-09-19T00:45:47+00:00\",\"dateModified\":\"2025-09-19T00:56:20+00:00\",\"breadcrumb\":{\"@id\":\"https:\\\/\\\/encontreportugal.pt\\\/loja\\\/tshirts\\\/t-shirt-cartao-de-embarque-portugues-mulher-ferias-casual\\\/#breadcrumb\"},\"inLanguage\":\"de\",\"potentialAction\":[{\"@type\":\"ReadAction\",\"target\":[\"https:\\\/\\\/encontreportugal.pt\\\/loja\\\/tshirts\\\/t-shirt-cartao-de-embarque-portugues-mulher-ferias-casual\\\/\"]}]},{\"@type\":\"ImageObject\",\"inLanguage\":\"de\",\"@id\":\"https:\\\/\\\/encontreportugal.pt\\\/loja\\\/tshirts\\\/t-shirt-cartao-de-embarque-portugues-mulher-ferias-casual\\\/#primaryimage\",\"url\":\"https:\\\/\\\/encontreportugal.pt\\\/wp-content\\\/uploads\\\/2025\\\/09\\\/kf-Sa38b3e1fc37d4f6b91ab714d9ceeb27au.webp\",\"contentUrl\":\"https:\\\/\\\/encontreportugal.pt\\\/wp-content\\\/uploads\\\/2025\\\/09\\\/kf-Sa38b3e1fc37d4f6b91ab714d9ceeb27au.webp\",\"width\":2500,\"height\":2000},{\"@type\":\"BreadcrumbList\",\"@id\":\"https:\\\/\\\/encontreportugal.pt\\\/loja\\\/tshirts\\\/t-shirt-cartao-de-embarque-portugues-mulher-ferias-casual\\\/#breadcrumb\",\"itemListElement\":[{\"@type\":\"ListItem\",\"position\":1,\"name\":\"In\u00edcio\",\"item\":\"https:\\\/\\\/encontreportugal.pt\\\/zh\\\/\"},{\"@type\":\"ListItem\",\"position\":2,\"name\":\"Loja\",\"item\":\"https:\\\/\\\/encontreportugal.pt\\\/loja\\\/\"},{\"@type\":\"ListItem\",\"position\":3,\"name\":\"T-shirt Cart\u00e3o de Embarque Portugu\u00eas | Mulher, F\u00e9rias, Casual\"}]},{\"@type\":\"WebSite\",\"@id\":\"https:\\\/\\\/encontreportugal.pt\\\/zh\\\/#website\",\"url\":\"https:\\\/\\\/encontreportugal.pt\\\/zh\\\/\",\"name\":\"Encontre Portugal\",\"description\":\"O maior Portal de dicas ao imigrante brasileiro em Portugal.\",\"publisher\":{\"@id\":\"https:\\\/\\\/encontreportugal.pt\\\/zh\\\/#organization\"},\"potentialAction\":[{\"@type\":\"SearchAction\",\"target\":{\"@type\":\"EntryPoint\",\"urlTemplate\":\"https:\\\/\\\/encontreportugal.pt\\\/zh\\\/?s={search_term_string}\"},\"query-input\":{\"@type\":\"PropertyValueSpecification\",\"valueRequired\":true,\"valueName\":\"search_term_string\"}}],\"inLanguage\":\"de\"},{\"@type\":\"Organization\",\"@id\":\"https:\\\/\\\/encontreportugal.pt\\\/zh\\\/#organization\",\"name\":\"Encontre Portugal\",\"url\":\"https:\\\/\\\/encontreportugal.pt\\\/zh\\\/\",\"logo\":{\"@type\":\"ImageObject\",\"inLanguage\":\"de\",\"@id\":\"https:\\\/\\\/encontreportugal.pt\\\/zh\\\/#\\\/schema\\\/logo\\\/image\\\/\",\"url\":\"https:\\\/\\\/encontreportugal.pt\\\/wp-content\\\/uploads\\\/2024\\\/04\\\/cropped-logo-encontre-portugal.png\",\"contentUrl\":\"https:\\\/\\\/encontreportugal.pt\\\/wp-content\\\/uploads\\\/2024\\\/04\\\/cropped-logo-encontre-portugal.png\",\"width\":500,\"height\":165,\"caption\":\"Encontre Portugal\"},\"image\":{\"@id\":\"https:\\\/\\\/encontreportugal.pt\\\/zh\\\/#\\\/schema\\\/logo\\\/image\\\/\"}}]}<\/script>\n<!-- \/ Yoast SEO plugin. -->","yoast_head_json":{"title":"T-shirt Cart\u00e3o de Embarque Portugu\u00eas | Mulher, F\u00e9rias, Casual - Encontre Portugal","robots":{"index":"index","follow":"follow","max-snippet":"max-snippet:-1","max-image-preview":"max-image-preview:large","max-video-preview":"max-video-preview:-1"},"canonical":"https:\/\/encontreportugal.pt\/de\/loja\/tshirts\/t-shirt-cartao-de-embarque-portugues-mulher-ferias-casual\/","og_locale":"de_DE","og_type":"article","og_title":"T-shirt Cart\u00e3o de Embarque Portugu\u00eas | Mulher, F\u00e9rias, Casual - Encontre Portugal","og_url":"https:\/\/encontreportugal.pt\/de\/loja\/tshirts\/t-shirt-cartao-de-embarque-portugues-mulher-ferias-casual\/","og_site_name":"Encontre Portugal","article_modified_time":"2025-09-19T00:56:20+00:00","og_image":[{"width":2500,"height":2000,"url":"https:\/\/encontreportugal.pt\/wp-content\/uploads\/2025\/09\/kf-Sa38b3e1fc37d4f6b91ab714d9ceeb27au.webp","type":"image\/webp"}],"twitter_card":"summary_large_image","schema":{"@context":"https:\/\/schema.org","@graph":[{"@type":"WebPage","@id":"https:\/\/encontreportugal.pt\/loja\/tshirts\/t-shirt-cartao-de-embarque-portugues-mulher-ferias-casual\/","url":"https:\/\/encontreportugal.pt\/loja\/tshirts\/t-shirt-cartao-de-embarque-portugues-mulher-ferias-casual\/","name":"T-shirt Cart\u00e3o de Embarque Portugu\u00eas | Mulher, F\u00e9rias, Casual - Encontre Portugal","isPartOf":{"@id":"https:\/\/encontreportugal.pt\/zh\/#website"},"primaryImageOfPage":{"@id":"https:\/\/encontreportugal.pt\/loja\/tshirts\/t-shirt-cartao-de-embarque-portugues-mulher-ferias-casual\/#primaryimage"},"image":{"@id":"https:\/\/encontreportugal.pt\/loja\/tshirts\/t-shirt-cartao-de-embarque-portugues-mulher-ferias-casual\/#primaryimage"},"thumbnailUrl":"https:\/\/encontreportugal.pt\/wp-content\/uploads\/2025\/09\/kf-Sa38b3e1fc37d4f6b91ab714d9ceeb27au.webp","datePublished":"2025-09-19T00:45:47+00:00","dateModified":"2025-09-19T00:56:20+00:00","breadcrumb":{"@id":"https:\/\/encontreportugal.pt\/loja\/tshirts\/t-shirt-cartao-de-embarque-portugues-mulher-ferias-casual\/#breadcrumb"},"inLanguage":"de","potentialAction":[{"@type":"ReadAction","target":["https:\/\/encontreportugal.pt\/loja\/tshirts\/t-shirt-cartao-de-embarque-portugues-mulher-ferias-casual\/"]}]},{"@type":"ImageObject","inLanguage":"de","@id":"https:\/\/encontreportugal.pt\/loja\/tshirts\/t-shirt-cartao-de-embarque-portugues-mulher-ferias-casual\/#primaryimage","url":"https:\/\/encontreportugal.pt\/wp-content\/uploads\/2025\/09\/kf-Sa38b3e1fc37d4f6b91ab714d9ceeb27au.webp","contentUrl":"https:\/\/encontreportugal.pt\/wp-content\/uploads\/2025\/09\/kf-Sa38b3e1fc37d4f6b91ab714d9ceeb27au.webp","width":2500,"height":2000},{"@type":"BreadcrumbList","@id":"https:\/\/encontreportugal.pt\/loja\/tshirts\/t-shirt-cartao-de-embarque-portugues-mulher-ferias-casual\/#breadcrumb","itemListElement":[{"@type":"ListItem","position":1,"name":"In\u00edcio","item":"https:\/\/encontreportugal.pt\/zh\/"},{"@type":"ListItem","position":2,"name":"Loja","item":"https:\/\/encontreportugal.pt\/loja\/"},{"@type":"ListItem","position":3,"name":"T-shirt Cart\u00e3o de Embarque Portugu\u00eas | Mulher, F\u00e9rias, Casual"}]},{"@type":"WebSite","@id":"https:\/\/encontreportugal.pt\/zh\/#website","url":"https:\/\/encontreportugal.pt\/zh\/","name":"Encontre Portugal","description":"O maior Portal de dicas ao imigrante brasileiro em Portugal.","publisher":{"@id":"https:\/\/encontreportugal.pt\/zh\/#organization"},"potentialAction":[{"@type":"SearchAction","target":{"@type":"EntryPoint","urlTemplate":"https:\/\/encontreportugal.pt\/zh\/?s={search_term_string}"},"query-input":{"@type":"PropertyValueSpecification","valueRequired":true,"valueName":"search_term_string"}}],"inLanguage":"de"},{"@type":"Organization","@id":"https:\/\/encontreportugal.pt\/zh\/#organization","name":"Encontre Portugal","url":"https:\/\/encontreportugal.pt\/zh\/","logo":{"@type":"ImageObject","inLanguage":"de","@id":"https:\/\/encontreportugal.pt\/zh\/#\/schema\/logo\/image\/","url":"https:\/\/encontreportugal.pt\/wp-content\/uploads\/2024\/04\/cropped-logo-encontre-portugal.png","contentUrl":"https:\/\/encontreportugal.pt\/wp-content\/uploads\/2024\/04\/cropped-logo-encontre-portugal.png","width":500,"height":165,"caption":"Encontre Portugal"},"image":{"@id":"https:\/\/encontreportugal.pt\/zh\/#\/schema\/logo\/image\/"}}]}},"_links":{"self":[{"href":"https:\/\/encontreportugal.pt\/de\/wp-json\/wp\/v2\/product\/21047","targetHints":{"allow":["GET"]}}],"collection":[{"href":"https:\/\/encontreportugal.pt\/de\/wp-json\/wp\/v2\/product"}],"about":[{"href":"https:\/\/encontreportugal.pt\/de\/wp-json\/wp\/v2\/types\/product"}],"replies":[{"embeddable":true,"href":"https:\/\/encontreportugal.pt\/de\/wp-json\/wp\/v2\/comments?post=21047"}],"wp:featuredmedia":[{"embeddable":true,"href":"https:\/\/encontreportugal.pt\/de\/wp-json\/wp\/v2\/media\/21048"}],"wp:attachment":[{"href":"https:\/\/encontreportugal.pt\/de\/wp-json\/wp\/v2\/media?parent=21047"}],"wp:term":[{"taxonomy":"product_brand","embeddable":true,"href":"https:\/\/encontreportugal.pt\/de\/wp-json\/wp\/v2\/product_brand?post=21047"},{"taxonomy":"product_cat","embeddable":true,"href":"https:\/\/encontreportugal.pt\/de\/wp-json\/wp\/v2\/product_cat?post=21047"},{"taxonomy":"product_tag","embeddable":true,"href":"https:\/\/encontreportugal.pt\/de\/wp-json\/wp\/v2\/product_tag?post=21047"}],"curies":[{"name":"wp","href":"https:\/\/api.w.org\/{rel}","templated":true}]}}