{"id":20748,"date":"2025-09-19T00:10:06","date_gmt":"2025-09-19T00:10:06","guid":{"rendered":"https:\/\/encontreportugal.pt\/loja\/sem categoria\/bandeira-de-portugal-30x45cm-para-carro-100-poliester-portugues\/"},"modified":"2025-09-19T00:10:27","modified_gmt":"2025-09-19T00:10:27","slug":"bandeira-de-portugal-30x45cm-para-carro-100-poliester-portugues","status":"publish","type":"product","link":"https:\/\/encontreportugal.pt\/en\/loja\/souvenirs\/bandeira-de-portugal-30x45cm-para-carro-100-poliester-portugues\/","title":{"rendered":"Bandeira de Portugal 30x45cm para Carro | 100% Poli\u00e9ster Portugu\u00eas"},"content":{"rendered":"<div class=\"product-specs-list-container\">\n<ul class=\"product-specs-list util-clearfix\">\n<li class=\"product-prop line-limit-length\"><span\n\t\t\t\t\t\t\t\t\tclass=\"property-title\">Qu\u00edmico Hign-em causa:&nbsp;<\/span><span\n\t\t\t\t\t\t\t\t\tclass=\"property-desc line-limit-length\">Nenhum<\/span>\n\t\t\t\t\t\t<\/li>\n<li class=\"product-prop line-limit-length\"><span\n\t\t\t\t\t\t\t\t\tclass=\"property-title\">Tipo:&nbsp;<\/span><span\n\t\t\t\t\t\t\t\t\tclass=\"property-desc line-limit-length\">PRINTED<\/span>\n\t\t\t\t\t\t<\/li>\n<li class=\"product-prop line-limit-length\"><span\n\t\t\t\t\t\t\t\t\tclass=\"property-title\">Tecido:&nbsp;<\/span><span\n\t\t\t\t\t\t\t\t\tclass=\"property-desc line-limit-length\">CoolDry<\/span>\n\t\t\t\t\t\t<\/li>\n<li class=\"product-prop line-limit-length\"><span\n\t\t\t\t\t\t\t\t\tclass=\"property-title\">Estilo:&nbsp;<\/span><span\n\t\t\t\t\t\t\t\t\tclass=\"property-desc line-limit-length\">Voador<\/span>\n\t\t\t\t\t\t<\/li>\n<li class=\"product-prop line-limit-length\"><span\n\t\t\t\t\t\t\t\t\tclass=\"property-title\">Materiais de Bandeiras e Banners:&nbsp;<\/span><span\n\t\t\t\t\t\t\t\t\tclass=\"property-desc line-limit-length\">POLI\u00c9STER<\/span>\n\t\t\t\t\t\t<\/li>\n<li class=\"product-prop line-limit-length\"><span\n\t\t\t\t\t\t\t\t\tclass=\"property-title\">Material do mastro:&nbsp;<\/span><span\n\t\t\t\t\t\t\t\t\tclass=\"property-desc line-limit-length\">WOOD<\/span>\n\t\t\t\t\t\t<\/li>\n<li class=\"product-prop line-limit-length\"><span\n\t\t\t\t\t\t\t\t\tclass=\"property-title\">Utiliza\u00e7\u00e3o:&nbsp;<\/span><span\n\t\t\t\t\t\t\t\t\tclass=\"property-desc line-limit-length\">Bandeira nacional<\/span>\n\t\t\t\t\t\t<\/li>\n<li class=\"product-prop line-limit-length\"><span\n\t\t\t\t\t\t\t\t\tclass=\"property-title\">Origem:&nbsp;<\/span><span\n\t\t\t\t\t\t\t\t\tclass=\"property-desc line-limit-length\">CN (Origem)<\/span>\n\t\t\t\t\t\t<\/li>\n<\/ul><\/div>\n<div class=\"detailmodule_html\">\n<div class=\"detail-desc-decorate-richtext\">\n<div class=\"detailmodule_text-image\">\n<p style=\"font-family:OpenSans;font-size:20px;font-weight:900;line-height:28px;white-space:pre-wrap;color:rgb(0, 0, 0);margin-bottom:12px\" class=\"detail-desc-decorate-title\">Bandeiras de Portugal 30x45cm 100% Poli\u00e9ster Bandeiras de Carro Portugu\u00eas de Portugal<\/p>\n<p style=\"font-family:OpenSans;font-size:14px;font-weight:300;line-height:20px;white-space:pre-wrap;color:rgb(0, 0, 0);margin-bottom:12px\" class=\"detail-desc-decorate-content\">Nome do produto: bandeira do carro<\/p>\n<p>Tamanho: 30x45cm com mastro de pl\u00e1stico 44cm<\/p>\n<p>Material: tecidos de poli\u00e9ster de alta qualidade<\/p>\n<p>Artesanato: impress\u00e3o digital unilateral<\/p>\n<p>As bandeiras agora est\u00e3o em estoque.Tamb\u00e9m produzimos bandeiras de outros pa\u00edses em qualquer tamanho.Se voc\u00ea tiver alguma d\u00favida, n\u00e3o hesite em nos contatar<\/p>\n<p>As imagens do link s\u00e3o a imagem real da bandeira.<\/p>\n<div><img  title=\"\"  alt=\"S1ef1720ac4e8417bb85ec19661f1f63ab Bandeira de Portugal 30x45cm para Carro | 100% Poli\u00e9ster Portugu\u00eas\" decoding=\"async\" class=\"detail-desc-decorate-image\" src=\"https:\/\/ae01.alicdn.com\/kf\/S1ef1720ac4e8417bb85ec19661f1f63ab.jpg\" slate-data-type=\"image\"><img  title=\"\"  alt=\"Sf2c49ebe3d664d8e815b54c06e1ecfc1L Bandeira de Portugal 30x45cm para Carro | 100% Poli\u00e9ster Portugu\u00eas\" decoding=\"async\" class=\"detail-desc-decorate-image\" src=\"https:\/\/ae01.alicdn.com\/kf\/Sf2c49ebe3d664d8e815b54c06e1ecfc1L.jpg\" slate-data-type=\"image\"><img  title=\"\"  alt=\"Sece99917ea7248debd6b26a380b95f72w Bandeira de Portugal 30x45cm para Carro | 100% Poli\u00e9ster Portugu\u00eas\" decoding=\"async\" class=\"detail-desc-decorate-image\" src=\"https:\/\/ae01.alicdn.com\/kf\/Sece99917ea7248debd6b26a380b95f72w.jpg\" slate-data-type=\"image\"><img  title=\"\"  alt=\"S4638b299adc9472288283cfab4ebdd2bJ Bandeira de Portugal 30x45cm para Carro | 100% Poli\u00e9ster Portugu\u00eas\" decoding=\"async\" class=\"detail-desc-decorate-image\" src=\"https:\/\/ae01.alicdn.com\/kf\/S4638b299adc9472288283cfab4ebdd2bJ.jpg\" slate-data-type=\"image\"><img  title=\"\"  alt=\"S28982005212d4b28aa6f820df63ebb75W Bandeira de Portugal 30x45cm para Carro | 100% Poli\u00e9ster Portugu\u00eas\" decoding=\"async\" class=\"detail-desc-decorate-image\" src=\"https:\/\/ae01.alicdn.com\/kf\/S28982005212d4b28aa6f820df63ebb75W.jpg\" slate-data-type=\"image\"><\/div>\n<\/div>\n<div class=\"detailmodule_text-image\"><img  title=\"\"  alt=\"S161dbd6ddd854d26bb59e408d071e9b2e Bandeira de Portugal 30x45cm para Carro | 100% Poli\u00e9ster Portugu\u00eas\" decoding=\"async\" class=\"detail-desc-decorate-image\" src=\"https:\/\/ae01.alicdn.com\/kf\/S161dbd6ddd854d26bb59e408d071e9b2e.jpg\" slate-data-type=\"image\"><\/div>\n<div class=\"detailmodule_text-image\">\n<p style=\"font-family:OpenSans;font-size:20px;font-weight:900;line-height:28px;white-space:pre-wrap;color:rgb(0, 0, 0);margin-bottom:12px\" class=\"detail-desc-decorate-title\">nulo<\/p>\n<p style=\"font-family:OpenSans;font-size:14px;font-weight:300;line-height:20px;white-space:pre-wrap;color:rgb(0, 0, 0);margin-bottom:12px\" class=\"detail-desc-decorate-content\">nulo<\/p>\n<\/div>\n<div class=\"detailmodule_text-image\">\n<p style=\"font-family:OpenSans;font-size:20px;font-weight:900;line-height:28px;white-space:pre-wrap;color:rgb(0, 0, 0);margin-bottom:12px\" class=\"detail-desc-decorate-title\">nulo<\/p>\n<p style=\"font-family:OpenSans;font-size:14px;font-weight:300;line-height:20px;white-space:pre-wrap;color:rgb(0, 0, 0);margin-bottom:12px\" class=\"detail-desc-decorate-content\">nulo<\/p>\n<\/div>\n<div class=\"detailmodule_text\">\n<p style=\"font-family:OpenSans;font-size:20px;font-weight:900;line-height:28px;white-space:pre-wrap;color:rgb(0, 0, 0);margin-bottom:12px\" class=\"detail-desc-decorate-title\">nulo<\/p>\n<p style=\"font-family:OpenSans;font-size:14px;font-weight:300;line-height:20px;white-space:pre-wrap;color:rgb(0, 0, 0);margin-bottom:12px\" class=\"detail-desc-decorate-content\">nulo<\/p>\n<\/div>\n<div class=\"detailmodule_text\">\n<p style=\"font-family:OpenSans;font-size:20px;font-weight:900;line-height:28px;white-space:pre-wrap;color:rgb(0, 0, 0);margin-bottom:12px\" class=\"detail-desc-decorate-title\">nulo<\/p>\n<p style=\"font-family:OpenSans;font-size:14px;font-weight:300;line-height:20px;white-space:pre-wrap;color:rgb(0, 0, 0);margin-bottom:12px\" class=\"detail-desc-decorate-content\">nulo<\/p>\n<\/div>\n<div class=\"detailmodule_text\">\n<p style=\"font-family:OpenSans;font-size:20px;font-weight:900;line-height:28px;white-space:pre-wrap;color:rgb(0, 0, 0);margin-bottom:12px\" class=\"detail-desc-decorate-title\">nulo<\/p>\n<p style=\"font-family:OpenSans;font-size:14px;font-weight:300;line-height:20px;white-space:pre-wrap;color:rgb(0, 0, 0);margin-bottom:12px\" class=\"detail-desc-decorate-content\">nulo<\/p>\n<\/div>\n<div class=\"detailmodule_text\">\n<p style=\"font-family:OpenSans;font-size:20px;font-weight:900;line-height:28px;white-space:pre-wrap;color:rgb(0, 0, 0);margin-bottom:12px\" class=\"detail-desc-decorate-title\">nulo<\/p>\n<p style=\"font-family:OpenSans;font-size:14px;font-weight:300;line-height:20px;white-space:pre-wrap;color:rgb(0, 0, 0);margin-bottom:12px\" class=\"detail-desc-decorate-content\">nulo<\/p>\n<\/div>\n<div class=\"detailmodule_text\">\n<p style=\"font-family:OpenSans;font-size:20px;font-weight:900;line-height:28px;white-space:pre-wrap;color:rgb(0, 0, 0);margin-bottom:12px\" class=\"detail-desc-decorate-title\">nulo<\/p>\n<p style=\"font-family:OpenSans;font-size:14px;font-weight:300;line-height:20px;white-space:pre-wrap;color:rgb(0, 0, 0);margin-bottom:12px\" class=\"detail-desc-decorate-content\">nulo<\/p>\n<\/div>\n<div class=\"detailmodule_text\">\n<p style=\"font-family:OpenSans;font-size:20px;font-weight:900;line-height:28px;white-space:pre-wrap;color:rgb(0, 0, 0);margin-bottom:12px\" class=\"detail-desc-decorate-title\">nulo<\/p>\n<p style=\"font-family:OpenSans;font-size:14px;font-weight:300;line-height:20px;white-space:pre-wrap;color:rgb(0, 0, 0);margin-bottom:12px\" class=\"detail-desc-decorate-content\">nulo<\/p>\n<\/div>\n<div class=\"detailmodule_text\">\n<p style=\"font-family:OpenSans;font-size:20px;font-weight:900;line-height:28px;white-space:pre-wrap;color:rgb(0, 0, 0);margin-bottom:12px\" class=\"detail-desc-decorate-title\">nulo<\/p>\n<p style=\"font-family:OpenSans;font-size:14px;font-weight:300;line-height:20px;white-space:pre-wrap;color:rgb(0, 0, 0);margin-bottom:12px\" class=\"detail-desc-decorate-content\">nulo<\/p>\n<\/div>\n<div class=\"detailmodule_text-image\">\n<p style=\"font-family:OpenSans;font-size:20px;font-weight:900;line-height:28px;white-space:pre-wrap;color:rgb(0, 0, 0);margin-bottom:12px\" class=\"detail-desc-decorate-title\">nulo<\/p>\n<p style=\"font-family:OpenSans;font-size:14px;font-weight:300;line-height:20px;white-space:pre-wrap;color:rgb(0, 0, 0);margin-bottom:12px\" class=\"detail-desc-decorate-content\">nulo<\/p>\n<\/div>\n<div class=\"detailmodule_text-image\">\n<p style=\"font-family:OpenSans;font-size:20px;font-weight:900;line-height:28px;white-space:pre-wrap;color:rgb(0, 0, 0);margin-bottom:12px\" class=\"detail-desc-decorate-title\">nulo<\/p>\n<p style=\"font-family:OpenSans;font-size:14px;font-weight:300;line-height:20px;white-space:pre-wrap;color:rgb(0, 0, 0);margin-bottom:12px\" class=\"detail-desc-decorate-content\">nulo<\/p>\n<\/div>\n<div class=\"detailmodule_text\">\n<p style=\"font-family:OpenSans;font-size:20px;font-weight:900;line-height:28px;white-space:pre-wrap;color:rgb(0, 0, 0);margin-bottom:12px\" class=\"detail-desc-decorate-title\">nulo<\/p>\n<p style=\"font-family:OpenSans;font-size:14px;font-weight:300;line-height:20px;white-space:pre-wrap;color:rgb(0, 0, 0);margin-bottom:12px\" class=\"detail-desc-decorate-content\">nulo<\/p>\n<\/div>\n<p><\/p>\n<\/div>\n<\/div>","protected":false},"excerpt":{"rendered":"<p>Qu\u00edmico Hign-em causa:&nbsp;Nenhum Tipo:&nbsp;PRINTED Tecido:&nbsp;CoolDry Estilo:&nbsp;Voador Materiais de Bandeiras e Banners:&nbsp;POLI\u00c9STER Material do mastro:&nbsp;WOOD Utiliza\u00e7\u00e3o:&nbsp;Bandeira nacional Origem:&nbsp;CN (Origem) Bandeiras de Portugal 30x45cm 100% Poli\u00e9ster Bandeiras de Carro Portugu\u00eas de Portugal Nome do produto: bandeira do carro Tamanho: 30x45cm com mastro de pl\u00e1stico 44cm Material: tecidos de poli\u00e9ster de alta qualidade Artesanato: impress\u00e3o digital unilateral As [&hellip;]<\/p>\n","protected":false},"featured_media":20750,"comment_status":"open","ping_status":"closed","template":"","meta":[],"product_brand":[],"product_cat":[729],"product_tag":[],"class_list":{"0":"post-20748","1":"product","2":"type-product","3":"status-publish","4":"has-post-thumbnail","6":"product_cat-souvenirs","8":"first","9":"instock","10":"shipping-taxable","11":"purchasable","12":"product-type-variable"},"acf":[],"yoast_head":"<!-- This site is optimized with the Yoast SEO plugin v27.5 - https:\/\/yoast.com\/product\/yoast-seo-wordpress\/ -->\n<title>Bandeira de Portugal 30x45cm para Carro | 100% Poli\u00e9ster Portugu\u00eas - Encontre Portugal<\/title>\n<meta name=\"robots\" content=\"index, follow, max-snippet:-1, max-image-preview:large, max-video-preview:-1\" \/>\n<link rel=\"canonical\" href=\"https:\/\/encontreportugal.pt\/en\/loja\/souvenirs\/bandeira-de-portugal-30x45cm-para-carro-100-poliester-portugues\/\" \/>\n<meta property=\"og:locale\" content=\"en_GB\" \/>\n<meta property=\"og:type\" content=\"article\" \/>\n<meta property=\"og:title\" content=\"Bandeira de Portugal 30x45cm para Carro | 100% Poli\u00e9ster Portugu\u00eas - Encontre Portugal\" \/>\n<meta property=\"og:url\" content=\"https:\/\/encontreportugal.pt\/en\/loja\/souvenirs\/bandeira-de-portugal-30x45cm-para-carro-100-poliester-portugues\/\" \/>\n<meta property=\"og:site_name\" content=\"Encontre Portugal\" \/>\n<meta property=\"article:modified_time\" content=\"2025-09-19T00:10:27+00:00\" \/>\n<meta property=\"og:image\" content=\"https:\/\/encontreportugal.pt\/wp-content\/uploads\/2025\/09\/kf-S1ef1720ac4e8417bb85ec19661f1f63ab.webp\" \/>\n\t<meta property=\"og:image:width\" content=\"1000\" \/>\n\t<meta property=\"og:image:height\" content=\"1000\" \/>\n\t<meta property=\"og:image:type\" content=\"image\/webp\" \/>\n<meta name=\"twitter:card\" content=\"summary_large_image\" \/>\n<meta name=\"twitter:label1\" content=\"Estimated reading time\" \/>\n\t<meta name=\"twitter:data1\" content=\"1 minute\" \/>\n<script type=\"application\/ld+json\" class=\"yoast-schema-graph\">{\"@context\":\"https:\\\/\\\/schema.org\",\"@graph\":[{\"@type\":\"WebPage\",\"@id\":\"https:\\\/\\\/encontreportugal.pt\\\/fr\\\/loja\\\/souvenirs\\\/bandeira-de-portugal-30x45cm-para-carro-100-poliester-portugues\\\/\",\"url\":\"https:\\\/\\\/encontreportugal.pt\\\/fr\\\/loja\\\/souvenirs\\\/bandeira-de-portugal-30x45cm-para-carro-100-poliester-portugues\\\/\",\"name\":\"Bandeira de Portugal 30x45cm para Carro | 100% Poli\u00e9ster Portugu\u00eas - Encontre Portugal\",\"isPartOf\":{\"@id\":\"https:\\\/\\\/encontreportugal.pt\\\/zh\\\/#website\"},\"primaryImageOfPage\":{\"@id\":\"https:\\\/\\\/encontreportugal.pt\\\/fr\\\/loja\\\/souvenirs\\\/bandeira-de-portugal-30x45cm-para-carro-100-poliester-portugues\\\/#primaryimage\"},\"image\":{\"@id\":\"https:\\\/\\\/encontreportugal.pt\\\/fr\\\/loja\\\/souvenirs\\\/bandeira-de-portugal-30x45cm-para-carro-100-poliester-portugues\\\/#primaryimage\"},\"thumbnailUrl\":\"https:\\\/\\\/encontreportugal.pt\\\/wp-content\\\/uploads\\\/2025\\\/09\\\/kf-S1ef1720ac4e8417bb85ec19661f1f63ab.webp\",\"datePublished\":\"2025-09-19T00:10:06+00:00\",\"dateModified\":\"2025-09-19T00:10:27+00:00\",\"breadcrumb\":{\"@id\":\"https:\\\/\\\/encontreportugal.pt\\\/fr\\\/loja\\\/souvenirs\\\/bandeira-de-portugal-30x45cm-para-carro-100-poliester-portugues\\\/#breadcrumb\"},\"inLanguage\":\"en-GB\",\"potentialAction\":[{\"@type\":\"ReadAction\",\"target\":[\"https:\\\/\\\/encontreportugal.pt\\\/fr\\\/loja\\\/souvenirs\\\/bandeira-de-portugal-30x45cm-para-carro-100-poliester-portugues\\\/\"]}]},{\"@type\":\"ImageObject\",\"inLanguage\":\"en-GB\",\"@id\":\"https:\\\/\\\/encontreportugal.pt\\\/fr\\\/loja\\\/souvenirs\\\/bandeira-de-portugal-30x45cm-para-carro-100-poliester-portugues\\\/#primaryimage\",\"url\":\"https:\\\/\\\/encontreportugal.pt\\\/wp-content\\\/uploads\\\/2025\\\/09\\\/kf-S1ef1720ac4e8417bb85ec19661f1f63ab.webp\",\"contentUrl\":\"https:\\\/\\\/encontreportugal.pt\\\/wp-content\\\/uploads\\\/2025\\\/09\\\/kf-S1ef1720ac4e8417bb85ec19661f1f63ab.webp\",\"width\":1000,\"height\":1000},{\"@type\":\"BreadcrumbList\",\"@id\":\"https:\\\/\\\/encontreportugal.pt\\\/fr\\\/loja\\\/souvenirs\\\/bandeira-de-portugal-30x45cm-para-carro-100-poliester-portugues\\\/#breadcrumb\",\"itemListElement\":[{\"@type\":\"ListItem\",\"position\":1,\"name\":\"In\u00edcio\",\"item\":\"https:\\\/\\\/encontreportugal.pt\\\/zh\\\/\"},{\"@type\":\"ListItem\",\"position\":2,\"name\":\"Loja\",\"item\":\"https:\\\/\\\/encontreportugal.pt\\\/loja\\\/\"},{\"@type\":\"ListItem\",\"position\":3,\"name\":\"Bandeira de Portugal 30x45cm para Carro | 100% Poli\u00e9ster Portugu\u00eas\"}]},{\"@type\":\"WebSite\",\"@id\":\"https:\\\/\\\/encontreportugal.pt\\\/zh\\\/#website\",\"url\":\"https:\\\/\\\/encontreportugal.pt\\\/zh\\\/\",\"name\":\"Encontre Portugal\",\"description\":\"O maior Portal de dicas ao imigrante brasileiro em Portugal.\",\"publisher\":{\"@id\":\"https:\\\/\\\/encontreportugal.pt\\\/zh\\\/#organization\"},\"potentialAction\":[{\"@type\":\"SearchAction\",\"target\":{\"@type\":\"EntryPoint\",\"urlTemplate\":\"https:\\\/\\\/encontreportugal.pt\\\/zh\\\/?s={search_term_string}\"},\"query-input\":{\"@type\":\"PropertyValueSpecification\",\"valueRequired\":true,\"valueName\":\"search_term_string\"}}],\"inLanguage\":\"en-GB\"},{\"@type\":\"Organization\",\"@id\":\"https:\\\/\\\/encontreportugal.pt\\\/zh\\\/#organization\",\"name\":\"Encontre Portugal\",\"url\":\"https:\\\/\\\/encontreportugal.pt\\\/zh\\\/\",\"logo\":{\"@type\":\"ImageObject\",\"inLanguage\":\"en-GB\",\"@id\":\"https:\\\/\\\/encontreportugal.pt\\\/zh\\\/#\\\/schema\\\/logo\\\/image\\\/\",\"url\":\"https:\\\/\\\/encontreportugal.pt\\\/wp-content\\\/uploads\\\/2024\\\/04\\\/cropped-logo-encontre-portugal.png\",\"contentUrl\":\"https:\\\/\\\/encontreportugal.pt\\\/wp-content\\\/uploads\\\/2024\\\/04\\\/cropped-logo-encontre-portugal.png\",\"width\":500,\"height\":165,\"caption\":\"Encontre Portugal\"},\"image\":{\"@id\":\"https:\\\/\\\/encontreportugal.pt\\\/zh\\\/#\\\/schema\\\/logo\\\/image\\\/\"}}]}<\/script>\n<!-- \/ Yoast SEO plugin. -->","yoast_head_json":{"title":"Bandeira de Portugal 30x45cm para Carro | 100% Poli\u00e9ster Portugu\u00eas - Encontre Portugal","robots":{"index":"index","follow":"follow","max-snippet":"max-snippet:-1","max-image-preview":"max-image-preview:large","max-video-preview":"max-video-preview:-1"},"canonical":"https:\/\/encontreportugal.pt\/en\/loja\/souvenirs\/bandeira-de-portugal-30x45cm-para-carro-100-poliester-portugues\/","og_locale":"en_GB","og_type":"article","og_title":"Bandeira de Portugal 30x45cm para Carro | 100% Poli\u00e9ster Portugu\u00eas - Encontre Portugal","og_url":"https:\/\/encontreportugal.pt\/en\/loja\/souvenirs\/bandeira-de-portugal-30x45cm-para-carro-100-poliester-portugues\/","og_site_name":"Encontre Portugal","article_modified_time":"2025-09-19T00:10:27+00:00","og_image":[{"width":1000,"height":1000,"url":"https:\/\/encontreportugal.pt\/wp-content\/uploads\/2025\/09\/kf-S1ef1720ac4e8417bb85ec19661f1f63ab.webp","type":"image\/webp"}],"twitter_card":"summary_large_image","twitter_misc":{"Estimated reading time":"1 minute"},"schema":{"@context":"https:\/\/schema.org","@graph":[{"@type":"WebPage","@id":"https:\/\/encontreportugal.pt\/fr\/loja\/souvenirs\/bandeira-de-portugal-30x45cm-para-carro-100-poliester-portugues\/","url":"https:\/\/encontreportugal.pt\/fr\/loja\/souvenirs\/bandeira-de-portugal-30x45cm-para-carro-100-poliester-portugues\/","name":"Bandeira de Portugal 30x45cm para Carro | 100% Poli\u00e9ster Portugu\u00eas - Encontre Portugal","isPartOf":{"@id":"https:\/\/encontreportugal.pt\/zh\/#website"},"primaryImageOfPage":{"@id":"https:\/\/encontreportugal.pt\/fr\/loja\/souvenirs\/bandeira-de-portugal-30x45cm-para-carro-100-poliester-portugues\/#primaryimage"},"image":{"@id":"https:\/\/encontreportugal.pt\/fr\/loja\/souvenirs\/bandeira-de-portugal-30x45cm-para-carro-100-poliester-portugues\/#primaryimage"},"thumbnailUrl":"https:\/\/encontreportugal.pt\/wp-content\/uploads\/2025\/09\/kf-S1ef1720ac4e8417bb85ec19661f1f63ab.webp","datePublished":"2025-09-19T00:10:06+00:00","dateModified":"2025-09-19T00:10:27+00:00","breadcrumb":{"@id":"https:\/\/encontreportugal.pt\/fr\/loja\/souvenirs\/bandeira-de-portugal-30x45cm-para-carro-100-poliester-portugues\/#breadcrumb"},"inLanguage":"en-GB","potentialAction":[{"@type":"ReadAction","target":["https:\/\/encontreportugal.pt\/fr\/loja\/souvenirs\/bandeira-de-portugal-30x45cm-para-carro-100-poliester-portugues\/"]}]},{"@type":"ImageObject","inLanguage":"en-GB","@id":"https:\/\/encontreportugal.pt\/fr\/loja\/souvenirs\/bandeira-de-portugal-30x45cm-para-carro-100-poliester-portugues\/#primaryimage","url":"https:\/\/encontreportugal.pt\/wp-content\/uploads\/2025\/09\/kf-S1ef1720ac4e8417bb85ec19661f1f63ab.webp","contentUrl":"https:\/\/encontreportugal.pt\/wp-content\/uploads\/2025\/09\/kf-S1ef1720ac4e8417bb85ec19661f1f63ab.webp","width":1000,"height":1000},{"@type":"BreadcrumbList","@id":"https:\/\/encontreportugal.pt\/fr\/loja\/souvenirs\/bandeira-de-portugal-30x45cm-para-carro-100-poliester-portugues\/#breadcrumb","itemListElement":[{"@type":"ListItem","position":1,"name":"In\u00edcio","item":"https:\/\/encontreportugal.pt\/zh\/"},{"@type":"ListItem","position":2,"name":"Loja","item":"https:\/\/encontreportugal.pt\/loja\/"},{"@type":"ListItem","position":3,"name":"Bandeira de Portugal 30x45cm para Carro | 100% Poli\u00e9ster Portugu\u00eas"}]},{"@type":"WebSite","@id":"https:\/\/encontreportugal.pt\/zh\/#website","url":"https:\/\/encontreportugal.pt\/zh\/","name":"Find Portugal","description":"O maior Portal de dicas ao imigrante brasileiro em Portugal.","publisher":{"@id":"https:\/\/encontreportugal.pt\/zh\/#organization"},"potentialAction":[{"@type":"SearchAction","target":{"@type":"EntryPoint","urlTemplate":"https:\/\/encontreportugal.pt\/zh\/?s={search_term_string}"},"query-input":{"@type":"PropertyValueSpecification","valueRequired":true,"valueName":"search_term_string"}}],"inLanguage":"en-GB"},{"@type":"Organization","@id":"https:\/\/encontreportugal.pt\/zh\/#organization","name":"Find Portugal","url":"https:\/\/encontreportugal.pt\/zh\/","logo":{"@type":"ImageObject","inLanguage":"en-GB","@id":"https:\/\/encontreportugal.pt\/zh\/#\/schema\/logo\/image\/","url":"https:\/\/encontreportugal.pt\/wp-content\/uploads\/2024\/04\/cropped-logo-encontre-portugal.png","contentUrl":"https:\/\/encontreportugal.pt\/wp-content\/uploads\/2024\/04\/cropped-logo-encontre-portugal.png","width":500,"height":165,"caption":"Encontre Portugal"},"image":{"@id":"https:\/\/encontreportugal.pt\/zh\/#\/schema\/logo\/image\/"}}]}},"_links":{"self":[{"href":"https:\/\/encontreportugal.pt\/en\/wp-json\/wp\/v2\/product\/20748","targetHints":{"allow":["GET"]}}],"collection":[{"href":"https:\/\/encontreportugal.pt\/en\/wp-json\/wp\/v2\/product"}],"about":[{"href":"https:\/\/encontreportugal.pt\/en\/wp-json\/wp\/v2\/types\/product"}],"replies":[{"embeddable":true,"href":"https:\/\/encontreportugal.pt\/en\/wp-json\/wp\/v2\/comments?post=20748"}],"wp:featuredmedia":[{"embeddable":true,"href":"https:\/\/encontreportugal.pt\/en\/wp-json\/wp\/v2\/media\/20750"}],"wp:attachment":[{"href":"https:\/\/encontreportugal.pt\/en\/wp-json\/wp\/v2\/media?parent=20748"}],"wp:term":[{"taxonomy":"product_brand","embeddable":true,"href":"https:\/\/encontreportugal.pt\/en\/wp-json\/wp\/v2\/product_brand?post=20748"},{"taxonomy":"product_cat","embeddable":true,"href":"https:\/\/encontreportugal.pt\/en\/wp-json\/wp\/v2\/product_cat?post=20748"},{"taxonomy":"product_tag","embeddable":true,"href":"https:\/\/encontreportugal.pt\/en\/wp-json\/wp\/v2\/product_tag?post=20748"}],"curies":[{"name":"wp","href":"https:\/\/api.w.org\/{rel}","templated":true}]}}