{"id":20758,"date":"2025-09-19T00:10:58","date_gmt":"2025-09-19T00:10:58","guid":{"rendered":"https:\/\/encontreportugal.pt\/loja\/sem categoria\/bone-basebol-portugal-unissexo-brasao-snapback-primavera-verao\/"},"modified":"2025-09-19T00:11:27","modified_gmt":"2025-09-19T00:11:27","slug":"bone-basebol-portugal-unissexo-brasao-snapback-primavera-verao","status":"publish","type":"product","link":"https:\/\/encontreportugal.pt\/en\/loja\/bones\/bone-basebol-portugal-unissexo-brasao-snapback-primavera-verao\/","title":{"rendered":"Bon\u00e9 Basebol Portugal Unissexo | Bras\u00e3o, Snapback, Primavera-Ver\u00e3o"},"content":{"rendered":"<div class=\"product-specs-list-container\">\n<ul class=\"product-specs-list util-clearfix\">\n<li class=\"product-prop line-limit-length\"><span\n\t\t\t\t\t\t\t\t\tclass=\"property-title\">Artesanato de Tecelagem:&nbsp;<\/span><span\n\t\t\t\t\t\t\t\t\tclass=\"property-desc line-limit-length\">Tat<\/span>\n\t\t\t\t\t\t<\/li>\n<li class=\"product-prop line-limit-length\"><span\n\t\t\t\t\t\t\t\t\tclass=\"property-title\">Qu\u00edmico Hign-em causa:&nbsp;<\/span><span\n\t\t\t\t\t\t\t\t\tclass=\"property-desc line-limit-length\">Nenhum<\/span>\n\t\t\t\t\t\t<\/li>\n<li class=\"product-prop line-limit-length\"><span\n\t\t\t\t\t\t\t\t\tclass=\"property-title\">Caracter\u00edstica:&nbsp;<\/span><span\n\t\t\t\t\t\t\t\t\tclass=\"property-desc line-limit-length\">Decorar<\/span>\n\t\t\t\t\t\t<\/li>\n<li class=\"product-prop line-limit-length\"><span\n\t\t\t\t\t\t\t\t\tclass=\"property-title\">Applicable Scene:&nbsp;<\/span><span\n\t\t\t\t\t\t\t\t\tclass=\"property-desc line-limit-length\">CASUAL<\/span>\n\t\t\t\t\t\t<\/li>\n<li class=\"product-prop line-limit-length\"><span\n\t\t\t\t\t\t\t\t\tclass=\"property-title\">Esta\u00e7\u00e3o adequada:&nbsp;<\/span><span\n\t\t\t\t\t\t\t\t\tclass=\"property-desc line-limit-length\">Quatro Esta\u00e7\u00f5es<\/span>\n\t\t\t\t\t\t<\/li>\n<li class=\"product-prop line-limit-length\"><span\n\t\t\t\t\t\t\t\t\tclass=\"property-title\">Lugar de origem:&nbsp;<\/span><span\n\t\t\t\t\t\t\t\t\tclass=\"property-desc line-limit-length\">China (continente)<\/span>\n\t\t\t\t\t\t<\/li>\n<li class=\"product-prop line-limit-length\"><span\n\t\t\t\t\t\t\t\t\tclass=\"property-title\">Tipo de cinta:&nbsp;<\/span><span\n\t\t\t\t\t\t\t\t\tclass=\"property-desc line-limit-length\">Ajust\u00e1vel<\/span>\n\t\t\t\t\t\t<\/li>\n<li class=\"product-prop line-limit-length\"><span\n\t\t\t\t\t\t\t\t\tclass=\"property-title\">Tipo de modelo:&nbsp;<\/span><span\n\t\t\t\t\t\t\t\t\tclass=\"property-desc line-limit-length\">desenho animado<\/span>\n\t\t\t\t\t\t<\/li>\n<li class=\"product-prop line-limit-length\"><span\n\t\t\t\t\t\t\t\t\tclass=\"property-title\">Estilo:&nbsp;<\/span><span\n\t\t\t\t\t\t\t\t\tclass=\"property-desc line-limit-length\">Casual<\/span>\n\t\t\t\t\t\t<\/li>\n<li class=\"product-prop line-limit-length\"><span\n\t\t\t\t\t\t\t\t\tclass=\"property-title\">Sexo:&nbsp;<\/span><span\n\t\t\t\t\t\t\t\t\tclass=\"property-desc line-limit-length\">Unissex<\/span>\n\t\t\t\t\t\t<\/li>\n<li class=\"product-prop line-limit-length\"><span\n\t\t\t\t\t\t\t\t\tclass=\"property-title\">Nome do departamento:&nbsp;<\/span><span\n\t\t\t\t\t\t\t\t\tclass=\"property-desc line-limit-length\">Adult<\/span>\n\t\t\t\t\t\t<\/li>\n<li class=\"product-prop line-limit-length\"><span\n\t\t\t\t\t\t\t\t\tclass=\"property-title\">Material:&nbsp;<\/span><span\n\t\t\t\t\t\t\t\t\tclass=\"property-desc line-limit-length\">POLI\u00c9STER<\/span>\n\t\t\t\t\t\t<\/li>\n<li class=\"product-prop line-limit-length\"><span\n\t\t\t\t\t\t\t\t\tclass=\"property-title\">Origem:&nbsp;<\/span><span\n\t\t\t\t\t\t\t\t\tclass=\"property-desc line-limit-length\">CN (Origem)<\/span>\n\t\t\t\t\t\t<\/li>\n<li class=\"product-prop line-limit-length\"><span\n\t\t\t\t\t\t\t\t\tclass=\"property-title\">Tipo de Item:&nbsp;<\/span><span\n\t\t\t\t\t\t\t\t\tclass=\"property-desc line-limit-length\">Baseball Caps<\/span>\n\t\t\t\t\t\t<\/li>\n<li class=\"product-prop line-limit-length\"><span\n\t\t\t\t\t\t\t\t\tclass=\"property-title\">CN:&nbsp;<\/span><span\n\t\t\t\t\t\t\t\t\tclass=\"property-desc line-limit-length\">Fujian<\/span>\n\t\t\t\t\t\t<\/li>\n<\/ul><\/div>\n<div class=\"detailmodule_html\">\n<div class=\"detail-desc-decorate-richtext\">\n<div>\n<p class=\"watermark-img-box\" style=\"position:relative;display:inline-block;overflow:hidden;width:auto;height:auto;\"><img  title=\"\"  alt=\"Se321c3879b51454e9c12e7ba4f72fbe29 Bon\u00e9 Basebol Portugal Unissexo | Bras\u00e3o, Snapback, Primavera-Ver\u00e3o\" decoding=\"async\" class=\"material\" src=\"https:\/\/ae01.alicdn.com\/kf\/Se321c3879b51454e9c12e7ba4f72fbe29.jpg\" data-src=\"https:\/\/ae01.alicdn.com\/kf\/Se321c3879b51454e9c12e7ba4f72fbe29.jpg\" \/><\/p>\n<p class=\"watermark-img-box\" style=\"position:relative;display:inline-block;\"><img  title=\"\"  alt=\"S3d99dc944b6b435bb545e086dc381ba2a Bon\u00e9 Basebol Portugal Unissexo | Bras\u00e3o, Snapback, Primavera-Ver\u00e3o\" decoding=\"async\" class=\"material\" src=\"https:\/\/ae01.alicdn.com\/kf\/S3d99dc944b6b435bb545e086dc381ba2a.jpg\" data-src=\"https:\/\/ae01.alicdn.com\/kf\/S3d99dc944b6b435bb545e086dc381ba2a.jpg\" \/><\/p>\n<p class=\"watermark-img-box\" style=\"position:relative;display:inline-block;\"><img  title=\"\"  alt=\"S7d487f7401774b09b0be35f1614958b2a Bon\u00e9 Basebol Portugal Unissexo | Bras\u00e3o, Snapback, Primavera-Ver\u00e3o\" decoding=\"async\" class=\"material\" src=\"https:\/\/ae01.alicdn.com\/kf\/S7d487f7401774b09b0be35f1614958b2a.jpg\" data-src=\"https:\/\/ae01.alicdn.com\/kf\/S7d487f7401774b09b0be35f1614958b2a.jpg\" \/><\/p>\n<p class=\"watermark-img-box\" style=\"position:relative;display:inline-block;\"><img  title=\"\"  alt=\"S2add8ce56d2046d68ee56852d11091e6C Bon\u00e9 Basebol Portugal Unissexo | Bras\u00e3o, Snapback, Primavera-Ver\u00e3o\" decoding=\"async\" class=\"material\" src=\"https:\/\/ae01.alicdn.com\/kf\/S2add8ce56d2046d68ee56852d11091e6C.jpg\" data-src=\"https:\/\/ae01.alicdn.com\/kf\/S2add8ce56d2046d68ee56852d11091e6C.jpg\" \/><\/p>\n<p class=\"watermark-img-box\" style=\"position:relative;display:inline-block;\"><img  title=\"\"  alt=\"S22d2b88cdb114bd199185043c2dd4585t Bon\u00e9 Basebol Portugal Unissexo | Bras\u00e3o, Snapback, Primavera-Ver\u00e3o\" decoding=\"async\" class=\"material\" src=\"https:\/\/ae01.alicdn.com\/kf\/S22d2b88cdb114bd199185043c2dd4585t.jpg\" data-src=\"https:\/\/ae01.alicdn.com\/kf\/S22d2b88cdb114bd199185043c2dd4585t.jpg\" \/><\/p>\n<p class=\"watermark-img-box\" style=\"position:relative;display:inline-block;\"><img  title=\"\"  alt=\"Se1dd9a78e21d4750bb9cdd5dc4d002d6o Bon\u00e9 Basebol Portugal Unissexo | Bras\u00e3o, Snapback, Primavera-Ver\u00e3o\" decoding=\"async\" class=\"material\" src=\"https:\/\/ae01.alicdn.com\/kf\/Se1dd9a78e21d4750bb9cdd5dc4d002d6o.jpg\" data-src=\"https:\/\/ae01.alicdn.com\/kf\/Se1dd9a78e21d4750bb9cdd5dc4d002d6o.jpg\" \/><\/p>\n<p class=\"watermark-img-box\" style=\"position:relative;display:inline-block;\"><img  title=\"\"  alt=\"S993474402d5243b89c9bf56366f8dd06s Bon\u00e9 Basebol Portugal Unissexo | Bras\u00e3o, Snapback, Primavera-Ver\u00e3o\" decoding=\"async\" class=\"material\" src=\"https:\/\/ae01.alicdn.com\/kf\/S993474402d5243b89c9bf56366f8dd06s.jpg\" data-src=\"https:\/\/ae01.alicdn.com\/kf\/S993474402d5243b89c9bf56366f8dd06s.jpg\" \/><\/p>\n<p class=\"watermark-img-box\" style=\"position:relative;display:inline-block;\"><img  title=\"\"  alt=\"Se73132616e6846038343ed3ddd80c562b Bon\u00e9 Basebol Portugal Unissexo | Bras\u00e3o, Snapback, Primavera-Ver\u00e3o\" decoding=\"async\" class=\"material\" src=\"https:\/\/ae01.alicdn.com\/kf\/Se73132616e6846038343ed3ddd80c562b.jpg\" data-src=\"https:\/\/ae01.alicdn.com\/kf\/Se73132616e6846038343ed3ddd80c562b.jpg\" \/><\/p>\n<p class=\"watermark-img-box\" style=\"position:relative;display:inline-block;\"><img  title=\"\"  alt=\"S11190c0146444da7ae6a010ae809bc7eg Bon\u00e9 Basebol Portugal Unissexo | Bras\u00e3o, Snapback, Primavera-Ver\u00e3o\" decoding=\"async\" class=\"material\" src=\"https:\/\/ae01.alicdn.com\/kf\/S11190c0146444da7ae6a010ae809bc7eg.jpg\" data-src=\"https:\/\/ae01.alicdn.com\/kf\/S11190c0146444da7ae6a010ae809bc7eg.jpg\" \/><\/p>\n<p class=\"watermark-img-box\" style=\"position:relative;display:inline-block;\"><img  title=\"\"  alt=\"S27cb8f62d87f4ab59ddee4c31e7996a6b Bon\u00e9 Basebol Portugal Unissexo | Bras\u00e3o, Snapback, Primavera-Ver\u00e3o\" decoding=\"async\" class=\"material\" src=\"https:\/\/ae01.alicdn.com\/kf\/S27cb8f62d87f4ab59ddee4c31e7996a6b.jpg\" data-src=\"https:\/\/ae01.alicdn.com\/kf\/S27cb8f62d87f4ab59ddee4c31e7996a6b.jpg\" \/><\/p>\n<\/div><\/div>\n<\/div>","protected":false},"excerpt":{"rendered":"<p>Artesanato de Tecelagem:&nbsp;Tat Qu\u00edmico Hign-em causa:&nbsp;Nenhum Caracter\u00edstica:&nbsp;Decorar Applicable Scene:&nbsp;CASUAL Esta\u00e7\u00e3o adequada:&nbsp;Quatro Esta\u00e7\u00f5es Lugar de origem:&nbsp;China (continente) Tipo de cinta:&nbsp;Ajust\u00e1vel Tipo de modelo:&nbsp;desenho animado Estilo:&nbsp;Casual Sexo:&nbsp;Unissex Nome do departamento:&nbsp;Adult Material:&nbsp;POLI\u00c9STER Origem:&nbsp;CN (Origem) Tipo de Item:&nbsp;Baseball Caps CN:&nbsp;Fujian<\/p>","protected":false},"featured_media":20760,"comment_status":"open","ping_status":"closed","template":"","meta":[],"product_brand":[],"product_cat":[900],"product_tag":[],"class_list":{"0":"post-20758","1":"product","2":"type-product","3":"status-publish","4":"has-post-thumbnail","6":"product_cat-bones","8":"first","9":"instock","10":"shipping-taxable","11":"purchasable","12":"product-type-variable"},"acf":[],"yoast_head":"<!-- This site is optimized with the Yoast SEO plugin v27.4 - https:\/\/yoast.com\/product\/yoast-seo-wordpress\/ -->\n<title>Bon\u00e9 Basebol Portugal Unissexo | Bras\u00e3o, Snapback, Primavera-Ver\u00e3o - Encontre Portugal<\/title>\n<meta name=\"robots\" content=\"index, follow, max-snippet:-1, max-image-preview:large, max-video-preview:-1\" \/>\n<link rel=\"canonical\" href=\"https:\/\/encontreportugal.pt\/en\/loja\/bones\/bone-basebol-portugal-unissexo-brasao-snapback-primavera-verao\/\" \/>\n<meta property=\"og:locale\" content=\"en_GB\" \/>\n<meta property=\"og:type\" content=\"article\" \/>\n<meta property=\"og:title\" content=\"Bon\u00e9 Basebol Portugal Unissexo | Bras\u00e3o, Snapback, Primavera-Ver\u00e3o - Encontre Portugal\" \/>\n<meta property=\"og:url\" content=\"https:\/\/encontreportugal.pt\/en\/loja\/bones\/bone-basebol-portugal-unissexo-brasao-snapback-primavera-verao\/\" \/>\n<meta property=\"og:site_name\" content=\"Encontre Portugal\" \/>\n<meta property=\"article:modified_time\" content=\"2025-09-19T00:11:27+00:00\" \/>\n<meta property=\"og:image\" content=\"https:\/\/encontreportugal.pt\/wp-content\/uploads\/2025\/09\/kf-S83288e010b3d44f9bd7a3b575cb2250dw.webp\" \/>\n\t<meta property=\"og:image:width\" content=\"1200\" \/>\n\t<meta property=\"og:image:height\" content=\"1200\" \/>\n\t<meta property=\"og:image:type\" content=\"image\/webp\" \/>\n<meta name=\"twitter:card\" content=\"summary_large_image\" \/>\n<script type=\"application\/ld+json\" class=\"yoast-schema-graph\">{\"@context\":\"https:\\\/\\\/schema.org\",\"@graph\":[{\"@type\":\"WebPage\",\"@id\":\"https:\\\/\\\/encontreportugal.pt\\\/loja\\\/bones\\\/bone-basebol-portugal-unissexo-brasao-snapback-primavera-verao\\\/\",\"url\":\"https:\\\/\\\/encontreportugal.pt\\\/loja\\\/bones\\\/bone-basebol-portugal-unissexo-brasao-snapback-primavera-verao\\\/\",\"name\":\"Bon\u00e9 Basebol Portugal Unissexo | Bras\u00e3o, Snapback, Primavera-Ver\u00e3o - Encontre Portugal\",\"isPartOf\":{\"@id\":\"https:\\\/\\\/encontreportugal.pt\\\/zh\\\/#website\"},\"primaryImageOfPage\":{\"@id\":\"https:\\\/\\\/encontreportugal.pt\\\/loja\\\/bones\\\/bone-basebol-portugal-unissexo-brasao-snapback-primavera-verao\\\/#primaryimage\"},\"image\":{\"@id\":\"https:\\\/\\\/encontreportugal.pt\\\/loja\\\/bones\\\/bone-basebol-portugal-unissexo-brasao-snapback-primavera-verao\\\/#primaryimage\"},\"thumbnailUrl\":\"https:\\\/\\\/encontreportugal.pt\\\/wp-content\\\/uploads\\\/2025\\\/09\\\/kf-S83288e010b3d44f9bd7a3b575cb2250dw.webp\",\"datePublished\":\"2025-09-19T00:10:58+00:00\",\"dateModified\":\"2025-09-19T00:11:27+00:00\",\"breadcrumb\":{\"@id\":\"https:\\\/\\\/encontreportugal.pt\\\/loja\\\/bones\\\/bone-basebol-portugal-unissexo-brasao-snapback-primavera-verao\\\/#breadcrumb\"},\"inLanguage\":\"en-GB\",\"potentialAction\":[{\"@type\":\"ReadAction\",\"target\":[\"https:\\\/\\\/encontreportugal.pt\\\/loja\\\/bones\\\/bone-basebol-portugal-unissexo-brasao-snapback-primavera-verao\\\/\"]}]},{\"@type\":\"ImageObject\",\"inLanguage\":\"en-GB\",\"@id\":\"https:\\\/\\\/encontreportugal.pt\\\/loja\\\/bones\\\/bone-basebol-portugal-unissexo-brasao-snapback-primavera-verao\\\/#primaryimage\",\"url\":\"https:\\\/\\\/encontreportugal.pt\\\/wp-content\\\/uploads\\\/2025\\\/09\\\/kf-S83288e010b3d44f9bd7a3b575cb2250dw.webp\",\"contentUrl\":\"https:\\\/\\\/encontreportugal.pt\\\/wp-content\\\/uploads\\\/2025\\\/09\\\/kf-S83288e010b3d44f9bd7a3b575cb2250dw.webp\",\"width\":1200,\"height\":1200},{\"@type\":\"BreadcrumbList\",\"@id\":\"https:\\\/\\\/encontreportugal.pt\\\/loja\\\/bones\\\/bone-basebol-portugal-unissexo-brasao-snapback-primavera-verao\\\/#breadcrumb\",\"itemListElement\":[{\"@type\":\"ListItem\",\"position\":1,\"name\":\"In\u00edcio\",\"item\":\"https:\\\/\\\/encontreportugal.pt\\\/zh\\\/\"},{\"@type\":\"ListItem\",\"position\":2,\"name\":\"Loja\",\"item\":\"https:\\\/\\\/encontreportugal.pt\\\/loja\\\/\"},{\"@type\":\"ListItem\",\"position\":3,\"name\":\"Bon\u00e9 Basebol Portugal Unissexo | Bras\u00e3o, Snapback, Primavera-Ver\u00e3o\"}]},{\"@type\":\"WebSite\",\"@id\":\"https:\\\/\\\/encontreportugal.pt\\\/zh\\\/#website\",\"url\":\"https:\\\/\\\/encontreportugal.pt\\\/zh\\\/\",\"name\":\"Encontre Portugal\",\"description\":\"O maior Portal de dicas ao imigrante brasileiro em Portugal.\",\"publisher\":{\"@id\":\"https:\\\/\\\/encontreportugal.pt\\\/zh\\\/#organization\"},\"potentialAction\":[{\"@type\":\"SearchAction\",\"target\":{\"@type\":\"EntryPoint\",\"urlTemplate\":\"https:\\\/\\\/encontreportugal.pt\\\/zh\\\/?s={search_term_string}\"},\"query-input\":{\"@type\":\"PropertyValueSpecification\",\"valueRequired\":true,\"valueName\":\"search_term_string\"}}],\"inLanguage\":\"en-GB\"},{\"@type\":\"Organization\",\"@id\":\"https:\\\/\\\/encontreportugal.pt\\\/zh\\\/#organization\",\"name\":\"Encontre Portugal\",\"url\":\"https:\\\/\\\/encontreportugal.pt\\\/zh\\\/\",\"logo\":{\"@type\":\"ImageObject\",\"inLanguage\":\"en-GB\",\"@id\":\"https:\\\/\\\/encontreportugal.pt\\\/zh\\\/#\\\/schema\\\/logo\\\/image\\\/\",\"url\":\"https:\\\/\\\/encontreportugal.pt\\\/wp-content\\\/uploads\\\/2024\\\/04\\\/cropped-logo-encontre-portugal.png\",\"contentUrl\":\"https:\\\/\\\/encontreportugal.pt\\\/wp-content\\\/uploads\\\/2024\\\/04\\\/cropped-logo-encontre-portugal.png\",\"width\":500,\"height\":165,\"caption\":\"Encontre Portugal\"},\"image\":{\"@id\":\"https:\\\/\\\/encontreportugal.pt\\\/zh\\\/#\\\/schema\\\/logo\\\/image\\\/\"}}]}<\/script>\n<!-- \/ Yoast SEO plugin. -->","yoast_head_json":{"title":"Bon\u00e9 Basebol Portugal Unissexo | Bras\u00e3o, Snapback, Primavera-Ver\u00e3o - Encontre Portugal","robots":{"index":"index","follow":"follow","max-snippet":"max-snippet:-1","max-image-preview":"max-image-preview:large","max-video-preview":"max-video-preview:-1"},"canonical":"https:\/\/encontreportugal.pt\/en\/loja\/bones\/bone-basebol-portugal-unissexo-brasao-snapback-primavera-verao\/","og_locale":"en_GB","og_type":"article","og_title":"Bon\u00e9 Basebol Portugal Unissexo | Bras\u00e3o, Snapback, Primavera-Ver\u00e3o - Encontre Portugal","og_url":"https:\/\/encontreportugal.pt\/en\/loja\/bones\/bone-basebol-portugal-unissexo-brasao-snapback-primavera-verao\/","og_site_name":"Encontre Portugal","article_modified_time":"2025-09-19T00:11:27+00:00","og_image":[{"width":1200,"height":1200,"url":"https:\/\/encontreportugal.pt\/wp-content\/uploads\/2025\/09\/kf-S83288e010b3d44f9bd7a3b575cb2250dw.webp","type":"image\/webp"}],"twitter_card":"summary_large_image","schema":{"@context":"https:\/\/schema.org","@graph":[{"@type":"WebPage","@id":"https:\/\/encontreportugal.pt\/loja\/bones\/bone-basebol-portugal-unissexo-brasao-snapback-primavera-verao\/","url":"https:\/\/encontreportugal.pt\/loja\/bones\/bone-basebol-portugal-unissexo-brasao-snapback-primavera-verao\/","name":"Bon\u00e9 Basebol Portugal Unissexo | Bras\u00e3o, Snapback, Primavera-Ver\u00e3o - Encontre Portugal","isPartOf":{"@id":"https:\/\/encontreportugal.pt\/zh\/#website"},"primaryImageOfPage":{"@id":"https:\/\/encontreportugal.pt\/loja\/bones\/bone-basebol-portugal-unissexo-brasao-snapback-primavera-verao\/#primaryimage"},"image":{"@id":"https:\/\/encontreportugal.pt\/loja\/bones\/bone-basebol-portugal-unissexo-brasao-snapback-primavera-verao\/#primaryimage"},"thumbnailUrl":"https:\/\/encontreportugal.pt\/wp-content\/uploads\/2025\/09\/kf-S83288e010b3d44f9bd7a3b575cb2250dw.webp","datePublished":"2025-09-19T00:10:58+00:00","dateModified":"2025-09-19T00:11:27+00:00","breadcrumb":{"@id":"https:\/\/encontreportugal.pt\/loja\/bones\/bone-basebol-portugal-unissexo-brasao-snapback-primavera-verao\/#breadcrumb"},"inLanguage":"en-GB","potentialAction":[{"@type":"ReadAction","target":["https:\/\/encontreportugal.pt\/loja\/bones\/bone-basebol-portugal-unissexo-brasao-snapback-primavera-verao\/"]}]},{"@type":"ImageObject","inLanguage":"en-GB","@id":"https:\/\/encontreportugal.pt\/loja\/bones\/bone-basebol-portugal-unissexo-brasao-snapback-primavera-verao\/#primaryimage","url":"https:\/\/encontreportugal.pt\/wp-content\/uploads\/2025\/09\/kf-S83288e010b3d44f9bd7a3b575cb2250dw.webp","contentUrl":"https:\/\/encontreportugal.pt\/wp-content\/uploads\/2025\/09\/kf-S83288e010b3d44f9bd7a3b575cb2250dw.webp","width":1200,"height":1200},{"@type":"BreadcrumbList","@id":"https:\/\/encontreportugal.pt\/loja\/bones\/bone-basebol-portugal-unissexo-brasao-snapback-primavera-verao\/#breadcrumb","itemListElement":[{"@type":"ListItem","position":1,"name":"In\u00edcio","item":"https:\/\/encontreportugal.pt\/zh\/"},{"@type":"ListItem","position":2,"name":"Loja","item":"https:\/\/encontreportugal.pt\/loja\/"},{"@type":"ListItem","position":3,"name":"Bon\u00e9 Basebol Portugal Unissexo | Bras\u00e3o, Snapback, Primavera-Ver\u00e3o"}]},{"@type":"WebSite","@id":"https:\/\/encontreportugal.pt\/zh\/#website","url":"https:\/\/encontreportugal.pt\/zh\/","name":"Find Portugal","description":"O maior Portal de dicas ao imigrante brasileiro em Portugal.","publisher":{"@id":"https:\/\/encontreportugal.pt\/zh\/#organization"},"potentialAction":[{"@type":"SearchAction","target":{"@type":"EntryPoint","urlTemplate":"https:\/\/encontreportugal.pt\/zh\/?s={search_term_string}"},"query-input":{"@type":"PropertyValueSpecification","valueRequired":true,"valueName":"search_term_string"}}],"inLanguage":"en-GB"},{"@type":"Organization","@id":"https:\/\/encontreportugal.pt\/zh\/#organization","name":"Find Portugal","url":"https:\/\/encontreportugal.pt\/zh\/","logo":{"@type":"ImageObject","inLanguage":"en-GB","@id":"https:\/\/encontreportugal.pt\/zh\/#\/schema\/logo\/image\/","url":"https:\/\/encontreportugal.pt\/wp-content\/uploads\/2024\/04\/cropped-logo-encontre-portugal.png","contentUrl":"https:\/\/encontreportugal.pt\/wp-content\/uploads\/2024\/04\/cropped-logo-encontre-portugal.png","width":500,"height":165,"caption":"Encontre Portugal"},"image":{"@id":"https:\/\/encontreportugal.pt\/zh\/#\/schema\/logo\/image\/"}}]}},"_links":{"self":[{"href":"https:\/\/encontreportugal.pt\/en\/wp-json\/wp\/v2\/product\/20758","targetHints":{"allow":["GET"]}}],"collection":[{"href":"https:\/\/encontreportugal.pt\/en\/wp-json\/wp\/v2\/product"}],"about":[{"href":"https:\/\/encontreportugal.pt\/en\/wp-json\/wp\/v2\/types\/product"}],"replies":[{"embeddable":true,"href":"https:\/\/encontreportugal.pt\/en\/wp-json\/wp\/v2\/comments?post=20758"}],"wp:featuredmedia":[{"embeddable":true,"href":"https:\/\/encontreportugal.pt\/en\/wp-json\/wp\/v2\/media\/20760"}],"wp:attachment":[{"href":"https:\/\/encontreportugal.pt\/en\/wp-json\/wp\/v2\/media?parent=20758"}],"wp:term":[{"taxonomy":"product_brand","embeddable":true,"href":"https:\/\/encontreportugal.pt\/en\/wp-json\/wp\/v2\/product_brand?post=20758"},{"taxonomy":"product_cat","embeddable":true,"href":"https:\/\/encontreportugal.pt\/en\/wp-json\/wp\/v2\/product_cat?post=20758"},{"taxonomy":"product_tag","embeddable":true,"href":"https:\/\/encontreportugal.pt\/en\/wp-json\/wp\/v2\/product_tag?post=20758"}],"curies":[{"name":"wp","href":"https:\/\/api.w.org\/{rel}","templated":true}]}}