{"id":20808,"date":"2025-09-19T00:13:15","date_gmt":"2025-09-19T00:13:15","guid":{"rendered":"https:\/\/encontreportugal.pt\/loja\/sem%20categoria\/camiseta-oversized-madeira-portugal-orgulho-portugues-verao-casual\/"},"modified":"2025-09-19T21:47:53","modified_gmt":"2025-09-19T21:47:53","slug":"camiseta-oversized-madeira-portugal-orgulho-portugues-verao-casual","status":"publish","type":"product","link":"https:\/\/encontreportugal.pt\/en\/loja\/tshirts\/camiseta-oversized-madeira-portugal-orgulho-portugues-verao-casual\/","title":{"rendered":"Camiseta Oversized Madeira Portugal | Orgulho Portugu\u00eas Ver\u00e3o Casual"},"content":{"rendered":"<p>&nbsp;<\/p>\n<div class=\"product-specs-list-container\">\n<ul class=\"product-specs-list util-clearfix\">\n<li class=\"product-prop line-limit-length\"><span class=\"property-title\">Caracter\u00edsticas especiais:\u00a0<\/span><span class=\"property-desc line-limit-length\">Respir\u00e1vel,leve,Umidade Wicking,Secagem r\u00e1pida,Prote\u00e7\u00e3o solar,Sustent\u00e1vel,Sem rugas<\/span><\/li>\n<li class=\"product-prop line-limit-length\"><span class=\"property-title\">Instru\u00e7\u00f5es de cuidado do produto:\u00a0<\/span><span class=\"property-desc line-limit-length\">Lavar m\u00e1quina<\/span><\/li>\n<li class=\"product-prop line-limit-length\"><span class=\"property-title\">Tipo de Fecho:\u00a0<\/span><span class=\"property-desc line-limit-length\">Puxe Em<\/span><\/li>\n<li class=\"product-prop line-limit-length\"><span class=\"property-title\">Qu\u00edmico Hign-em causa:\u00a0<\/span><span class=\"property-desc line-limit-length\">Nenhum<\/span><\/li>\n<li class=\"product-prop line-limit-length\"><span class=\"property-title\">Artesanato de Tecelagem:\u00a0<\/span><span class=\"property-desc line-limit-length\">Malha<\/span><\/li>\n<li class=\"product-prop line-limit-length\"><span class=\"property-title\">Esta\u00e7\u00e3o adequada:\u00a0<\/span><span class=\"property-desc line-limit-length\">Quatro Esta\u00e7\u00f5es<\/span><\/li>\n<li class=\"product-prop line-limit-length\"><span class=\"property-title\">Applicable Scene:\u00a0<\/span><span class=\"property-desc line-limit-length\">Daily<\/span><\/li>\n<li class=\"product-prop line-limit-length\"><span class=\"property-title\">Lugar de origem:\u00a0<\/span><span class=\"property-desc line-limit-length\">China (continente)<\/span><\/li>\n<li class=\"product-prop line-limit-length\"><span class=\"property-title\">Com capuz:\u00a0<\/span><span class=\"property-desc line-limit-length\">N\u00e3o<\/span><\/li>\n<li class=\"product-prop line-limit-length\"><span class=\"property-title\">Tipo de modelo:\u00a0<\/span><span class=\"property-desc line-limit-length\">Estampada<\/span><\/li>\n<li class=\"product-prop line-limit-length\"><span class=\"property-title\">Material:\u00a0<\/span><span class=\"property-desc line-limit-length\">COTTON<\/span><\/li>\n<li class=\"product-prop line-limit-length\"><span class=\"property-title\">Estilo:\u00a0<\/span><span class=\"property-desc line-limit-length\">Casual<\/span><\/li>\n<li class=\"product-prop line-limit-length\"><span class=\"property-title\">Comprimento da manga (cm):\u00a0<\/span><span class=\"property-desc line-limit-length\">SHORT<\/span><\/li>\n<li class=\"product-prop line-limit-length\"><span class=\"property-title\">Tipo de top:\u00a0<\/span><span class=\"property-desc line-limit-length\">CAMISETAS<\/span><\/li>\n<li class=\"product-prop line-limit-length\"><span class=\"property-title\">Origem:\u00a0<\/span><span class=\"property-desc line-limit-length\">CN (Origem)<\/span><\/li>\n<li class=\"product-prop line-limit-length\"><span class=\"property-title\">Sexo:\u00a0<\/span><span class=\"property-desc line-limit-length\">MEN<\/span><\/li>\n<li class=\"product-prop line-limit-length\"><span class=\"property-title\">Tipo de Item:\u00a0<\/span><span class=\"property-desc line-limit-length\">tops<\/span><\/li>\n<li class=\"product-prop line-limit-length\"><span class=\"property-title\">CN:\u00a0<\/span><span class=\"property-desc line-limit-length\">Fujian<\/span><\/li>\n<\/ul>\n<\/div>\n<div class=\"detailmodule_html\">\n<div class=\"detail-desc-decorate-richtext\">\n<div class=\"detailmodule_html\">\n<div class=\"detail-desc-decorate-richtext\">\n<div class=\"womenxxs\">\n<div id=\"tl_1\">\n<p style=\"margin: 0px; padding: 0px; font-size: 30px; font-family: &quot;color:#f00;\">Bem vindo a nossa loja!<\/p>\n<p style=\"margin: 0px; padding: 0px; font-size: 20px; color: #f00;\">Informa\u00e7\u00f5es do produto<\/p>\n<p>Condi\u00e7\u00e3o: 100% novo<\/p>\n<p>Cor: Como mostrado<\/p>\n<p>Tamanho: SML XL XXL 3XL 4XL 5XL 6XL (com tecido el\u00e1stico)<\/p>\n<p>Pacote: Embalado individualmente em saco pl\u00e1stico<\/p>\n<p style=\"margin: 0px; padding: 0px; font-size: 20px; color: #f00;\">Tabela de tamanhos<\/p>\n<p>1 polegada = 2,54 cm<\/p>\n<p>Por favor, escolha seu tamanho com base na tabela abaixo:<\/p>\n<p>(\u00b11-2cm difere devido \u00e0 medi\u00e7\u00e3o manual)<\/p>\n<p><img  title=\"\"  alt=\"Sbfb2519a58484873a42834d062f470c6l Camiseta Oversized Madeira Portugal | Orgulho Portugu\u00eas Ver\u00e3o Casual\" decoding=\"async\" src=\"https:\/\/ae01.alicdn.com\/kf\/Sbfb2519a58484873a42834d062f470c6l.jpg\" data-src=\"https:\/\/ae01.alicdn.com\/kf\/Sbfb2519a58484873a42834d062f470c6l.jpg\" \/><\/p>\n<p style=\"margin: 0px; padding: 0px; font-size: 20px; color: #f00;\">NOTA:<\/p>\n<p>&nbsp;<\/p>\n<p style=\"margin: 0px; padding: 0px; font-size: 18px;\">MISMATCH DE COR<\/p>\n<p>As diferen\u00e7as de cor podem ser causadas por outros motivos, como reflexo de cor no monitor, ilumina\u00e7\u00e3o, fundo, etc. No entanto, se voc\u00ea acredita que o item recebido est\u00e1 na cor errada, entre em contato conosco para ver se uma devolu\u00e7\u00e3o ou reembolso \u00e9 poss\u00edvel.<\/p>\n<p style=\"margin: 0px; padding: 0px; font-size: 18px;\">PROBLEMAS ADEQUADAS<\/p>\n<p>1.Os tamanhos s\u00e3o ilustrados com medidas espec\u00edficas nas especifica\u00e7\u00f5es detalhadas.Por favor, verifique as especifica\u00e7\u00f5es antes de fazer um pedido.Normalmente as diferen\u00e7as permitidas no tamanho s\u00e3o de aproximadamente 1-3cm de medi\u00e7\u00e3o, por favor, n\u00e3o nos d\u00ea uma cr\u00edtica negativa.<\/p>\n<p>2. se voc\u00ea tiver algum problema com o produto, entre em contato conosco diretamente.<\/p>\n<\/div>\n<p>&nbsp;<\/p>\n<p id=\"tl_2\" style=\"font-size: 18px; font-weight: bold;\">Cor: Preto<\/p>\n<p><img  title=\"\"  alt=\"Sed4063df032e469f9ffdc1e87c39bac62 Camiseta Oversized Madeira Portugal | Orgulho Portugu\u00eas Ver\u00e3o Casual\" decoding=\"async\" src=\"https:\/\/ae01.alicdn.com\/kf\/Sed4063df032e469f9ffdc1e87c39bac62.jpg\" data-src=\"https:\/\/ae01.alicdn.com\/kf\/Sed4063df032e469f9ffdc1e87c39bac62.jpg\" \/><\/p>\n<p><img  title=\"\"  alt=\"Sb24836e95fa140f9bac956e6d34cfa98a Camiseta Oversized Madeira Portugal | Orgulho Portugu\u00eas Ver\u00e3o Casual\" decoding=\"async\" src=\"https:\/\/ae01.alicdn.com\/kf\/Sb24836e95fa140f9bac956e6d34cfa98a.jpg\" data-src=\"https:\/\/ae01.alicdn.com\/kf\/Sb24836e95fa140f9bac956e6d34cfa98a.jpg\" \/><\/p>\n<p><img  title=\"\"  alt=\"S939a6c1970984c72a983773686a35ee1R Camiseta Oversized Madeira Portugal | Orgulho Portugu\u00eas Ver\u00e3o Casual\" decoding=\"async\" src=\"https:\/\/ae01.alicdn.com\/kf\/S939a6c1970984c72a983773686a35ee1R.jpg\" data-src=\"https:\/\/ae01.alicdn.com\/kf\/S939a6c1970984c72a983773686a35ee1R.jpg\" \/><\/p>\n<p><img  title=\"\"  alt=\"S52279e273da84fb3b4d7afa45f9b8c1f5 Camiseta Oversized Madeira Portugal | Orgulho Portugu\u00eas Ver\u00e3o Casual\" decoding=\"async\" src=\"https:\/\/ae01.alicdn.com\/kf\/S52279e273da84fb3b4d7afa45f9b8c1f5.jpg\" data-src=\"https:\/\/ae01.alicdn.com\/kf\/S52279e273da84fb3b4d7afa45f9b8c1f5.jpg\" \/><\/p>\n<p><img  title=\"\"  alt=\"S2cbafefb2445410a83a527805234e873s Camiseta Oversized Madeira Portugal | Orgulho Portugu\u00eas Ver\u00e3o Casual\" decoding=\"async\" src=\"https:\/\/ae01.alicdn.com\/kf\/S2cbafefb2445410a83a527805234e873s.jpg\" data-src=\"https:\/\/ae01.alicdn.com\/kf\/S2cbafefb2445410a83a527805234e873s.jpg\" \/><\/p>\n<p><img  title=\"\"  alt=\"Sbf5ce349c8d445d9a66d8c8bdff26ff9R Camiseta Oversized Madeira Portugal | Orgulho Portugu\u00eas Ver\u00e3o Casual\" decoding=\"async\" src=\"https:\/\/ae01.alicdn.com\/kf\/Sbf5ce349c8d445d9a66d8c8bdff26ff9R.jpg\" data-src=\"https:\/\/ae01.alicdn.com\/kf\/Sbf5ce349c8d445d9a66d8c8bdff26ff9R.jpg\" \/><\/p>\n<p>&nbsp;<\/p>\n<p>&nbsp;<\/p>\n<p>&nbsp;<\/p>\n<\/div>\n<\/div>\n<\/div>\n<\/div>\n<\/div>","protected":false},"excerpt":{"rendered":"<p>&nbsp; Caracter\u00edsticas especiais:\u00a0Respir\u00e1vel,leve,Umidade Wicking,Secagem r\u00e1pida,Prote\u00e7\u00e3o solar,Sustent\u00e1vel,Sem rugas Instru\u00e7\u00f5es de cuidado do produto:\u00a0Lavar m\u00e1quina Tipo de Fecho:\u00a0Puxe Em Qu\u00edmico Hign-em causa:\u00a0Nenhum Artesanato de Tecelagem:\u00a0Malha Esta\u00e7\u00e3o adequada:\u00a0Quatro Esta\u00e7\u00f5es Applicable Scene:\u00a0Daily Lugar de origem:\u00a0China (continente) Com capuz:\u00a0N\u00e3o Tipo de modelo:\u00a0Estampada Material:\u00a0COTTON Estilo:\u00a0Casual Comprimento da manga (cm):\u00a0SHORT Tipo de top:\u00a0CAMISETAS Origem:\u00a0CN (Origem) Sexo:\u00a0MEN Tipo de Item:\u00a0tops CN:\u00a0Fujian Bem vindo [&hellip;]<\/p>\n","protected":false},"featured_media":20809,"comment_status":"open","ping_status":"closed","template":"","meta":[],"product_brand":[],"product_cat":[730],"product_tag":[],"class_list":{"0":"post-20808","1":"product","2":"type-product","3":"status-publish","4":"has-post-thumbnail","6":"product_cat-tshirts","8":"first","9":"instock","10":"shipping-taxable","11":"purchasable","12":"product-type-variable"},"acf":[],"yoast_head":"<!-- This site is optimized with the Yoast SEO plugin v27.4 - https:\/\/yoast.com\/product\/yoast-seo-wordpress\/ -->\n<title>Camiseta Oversized Madeira Portugal | Orgulho Portugu\u00eas Ver\u00e3o Casual - Encontre Portugal<\/title>\n<meta name=\"robots\" content=\"index, follow, max-snippet:-1, max-image-preview:large, max-video-preview:-1\" \/>\n<link rel=\"canonical\" href=\"https:\/\/encontreportugal.pt\/en\/loja\/tshirts\/camiseta-oversized-madeira-portugal-orgulho-portugues-verao-casual\/\" \/>\n<meta property=\"og:locale\" content=\"en_GB\" \/>\n<meta property=\"og:type\" content=\"article\" \/>\n<meta property=\"og:title\" content=\"Camiseta Oversized Madeira Portugal | Orgulho Portugu\u00eas Ver\u00e3o Casual - Encontre Portugal\" \/>\n<meta property=\"og:url\" content=\"https:\/\/encontreportugal.pt\/en\/loja\/tshirts\/camiseta-oversized-madeira-portugal-orgulho-portugues-verao-casual\/\" \/>\n<meta property=\"og:site_name\" content=\"Encontre Portugal\" \/>\n<meta property=\"article:modified_time\" content=\"2025-09-19T21:47:53+00:00\" \/>\n<meta property=\"og:image\" content=\"https:\/\/encontreportugal.pt\/wp-content\/uploads\/2025\/09\/kf-Sed4063df032e469f9ffdc1e87c39bac62.webp\" \/>\n\t<meta property=\"og:image:width\" content=\"1600\" \/>\n\t<meta property=\"og:image:height\" content=\"1600\" \/>\n\t<meta property=\"og:image:type\" content=\"image\/webp\" \/>\n<meta name=\"twitter:card\" content=\"summary_large_image\" \/>\n<meta name=\"twitter:label1\" content=\"Estimated reading time\" \/>\n\t<meta name=\"twitter:data1\" content=\"1 minute\" \/>\n<script type=\"application\/ld+json\" class=\"yoast-schema-graph\">{\"@context\":\"https:\\\/\\\/schema.org\",\"@graph\":[{\"@type\":\"WebPage\",\"@id\":\"https:\\\/\\\/encontreportugal.pt\\\/loja\\\/tshirts\\\/camiseta-oversized-madeira-portugal-orgulho-portugues-verao-casual\\\/\",\"url\":\"https:\\\/\\\/encontreportugal.pt\\\/loja\\\/tshirts\\\/camiseta-oversized-madeira-portugal-orgulho-portugues-verao-casual\\\/\",\"name\":\"Camiseta Oversized Madeira Portugal | Orgulho Portugu\u00eas Ver\u00e3o Casual - Encontre Portugal\",\"isPartOf\":{\"@id\":\"https:\\\/\\\/encontreportugal.pt\\\/zh\\\/#website\"},\"primaryImageOfPage\":{\"@id\":\"https:\\\/\\\/encontreportugal.pt\\\/loja\\\/tshirts\\\/camiseta-oversized-madeira-portugal-orgulho-portugues-verao-casual\\\/#primaryimage\"},\"image\":{\"@id\":\"https:\\\/\\\/encontreportugal.pt\\\/loja\\\/tshirts\\\/camiseta-oversized-madeira-portugal-orgulho-portugues-verao-casual\\\/#primaryimage\"},\"thumbnailUrl\":\"https:\\\/\\\/encontreportugal.pt\\\/wp-content\\\/uploads\\\/2025\\\/09\\\/kf-Sed4063df032e469f9ffdc1e87c39bac62.webp\",\"datePublished\":\"2025-09-19T00:13:15+00:00\",\"dateModified\":\"2025-09-19T21:47:53+00:00\",\"breadcrumb\":{\"@id\":\"https:\\\/\\\/encontreportugal.pt\\\/loja\\\/tshirts\\\/camiseta-oversized-madeira-portugal-orgulho-portugues-verao-casual\\\/#breadcrumb\"},\"inLanguage\":\"en-GB\",\"potentialAction\":[{\"@type\":\"ReadAction\",\"target\":[\"https:\\\/\\\/encontreportugal.pt\\\/loja\\\/tshirts\\\/camiseta-oversized-madeira-portugal-orgulho-portugues-verao-casual\\\/\"]}]},{\"@type\":\"ImageObject\",\"inLanguage\":\"en-GB\",\"@id\":\"https:\\\/\\\/encontreportugal.pt\\\/loja\\\/tshirts\\\/camiseta-oversized-madeira-portugal-orgulho-portugues-verao-casual\\\/#primaryimage\",\"url\":\"https:\\\/\\\/encontreportugal.pt\\\/wp-content\\\/uploads\\\/2025\\\/09\\\/kf-Sed4063df032e469f9ffdc1e87c39bac62.webp\",\"contentUrl\":\"https:\\\/\\\/encontreportugal.pt\\\/wp-content\\\/uploads\\\/2025\\\/09\\\/kf-Sed4063df032e469f9ffdc1e87c39bac62.webp\",\"width\":1600,\"height\":1600},{\"@type\":\"BreadcrumbList\",\"@id\":\"https:\\\/\\\/encontreportugal.pt\\\/loja\\\/tshirts\\\/camiseta-oversized-madeira-portugal-orgulho-portugues-verao-casual\\\/#breadcrumb\",\"itemListElement\":[{\"@type\":\"ListItem\",\"position\":1,\"name\":\"In\u00edcio\",\"item\":\"https:\\\/\\\/encontreportugal.pt\\\/zh\\\/\"},{\"@type\":\"ListItem\",\"position\":2,\"name\":\"Loja\",\"item\":\"https:\\\/\\\/encontreportugal.pt\\\/loja\\\/\"},{\"@type\":\"ListItem\",\"position\":3,\"name\":\"Camiseta Oversized Madeira Portugal | Orgulho Portugu\u00eas Ver\u00e3o Casual\"}]},{\"@type\":\"WebSite\",\"@id\":\"https:\\\/\\\/encontreportugal.pt\\\/zh\\\/#website\",\"url\":\"https:\\\/\\\/encontreportugal.pt\\\/zh\\\/\",\"name\":\"Encontre Portugal\",\"description\":\"O maior Portal de dicas ao imigrante brasileiro em Portugal.\",\"publisher\":{\"@id\":\"https:\\\/\\\/encontreportugal.pt\\\/zh\\\/#organization\"},\"potentialAction\":[{\"@type\":\"SearchAction\",\"target\":{\"@type\":\"EntryPoint\",\"urlTemplate\":\"https:\\\/\\\/encontreportugal.pt\\\/zh\\\/?s={search_term_string}\"},\"query-input\":{\"@type\":\"PropertyValueSpecification\",\"valueRequired\":true,\"valueName\":\"search_term_string\"}}],\"inLanguage\":\"en-GB\"},{\"@type\":\"Organization\",\"@id\":\"https:\\\/\\\/encontreportugal.pt\\\/zh\\\/#organization\",\"name\":\"Encontre Portugal\",\"url\":\"https:\\\/\\\/encontreportugal.pt\\\/zh\\\/\",\"logo\":{\"@type\":\"ImageObject\",\"inLanguage\":\"en-GB\",\"@id\":\"https:\\\/\\\/encontreportugal.pt\\\/zh\\\/#\\\/schema\\\/logo\\\/image\\\/\",\"url\":\"https:\\\/\\\/encontreportugal.pt\\\/wp-content\\\/uploads\\\/2024\\\/04\\\/cropped-logo-encontre-portugal.png\",\"contentUrl\":\"https:\\\/\\\/encontreportugal.pt\\\/wp-content\\\/uploads\\\/2024\\\/04\\\/cropped-logo-encontre-portugal.png\",\"width\":500,\"height\":165,\"caption\":\"Encontre Portugal\"},\"image\":{\"@id\":\"https:\\\/\\\/encontreportugal.pt\\\/zh\\\/#\\\/schema\\\/logo\\\/image\\\/\"}}]}<\/script>\n<!-- \/ Yoast SEO plugin. -->","yoast_head_json":{"title":"Camiseta Oversized Madeira Portugal | Orgulho Portugu\u00eas Ver\u00e3o Casual - Encontre Portugal","robots":{"index":"index","follow":"follow","max-snippet":"max-snippet:-1","max-image-preview":"max-image-preview:large","max-video-preview":"max-video-preview:-1"},"canonical":"https:\/\/encontreportugal.pt\/en\/loja\/tshirts\/camiseta-oversized-madeira-portugal-orgulho-portugues-verao-casual\/","og_locale":"en_GB","og_type":"article","og_title":"Camiseta Oversized Madeira Portugal | Orgulho Portugu\u00eas Ver\u00e3o Casual - Encontre Portugal","og_url":"https:\/\/encontreportugal.pt\/en\/loja\/tshirts\/camiseta-oversized-madeira-portugal-orgulho-portugues-verao-casual\/","og_site_name":"Encontre Portugal","article_modified_time":"2025-09-19T21:47:53+00:00","og_image":[{"width":1600,"height":1600,"url":"https:\/\/encontreportugal.pt\/wp-content\/uploads\/2025\/09\/kf-Sed4063df032e469f9ffdc1e87c39bac62.webp","type":"image\/webp"}],"twitter_card":"summary_large_image","twitter_misc":{"Estimated reading time":"1 minute"},"schema":{"@context":"https:\/\/schema.org","@graph":[{"@type":"WebPage","@id":"https:\/\/encontreportugal.pt\/loja\/tshirts\/camiseta-oversized-madeira-portugal-orgulho-portugues-verao-casual\/","url":"https:\/\/encontreportugal.pt\/loja\/tshirts\/camiseta-oversized-madeira-portugal-orgulho-portugues-verao-casual\/","name":"Camiseta Oversized Madeira Portugal | Orgulho Portugu\u00eas Ver\u00e3o Casual - Encontre Portugal","isPartOf":{"@id":"https:\/\/encontreportugal.pt\/zh\/#website"},"primaryImageOfPage":{"@id":"https:\/\/encontreportugal.pt\/loja\/tshirts\/camiseta-oversized-madeira-portugal-orgulho-portugues-verao-casual\/#primaryimage"},"image":{"@id":"https:\/\/encontreportugal.pt\/loja\/tshirts\/camiseta-oversized-madeira-portugal-orgulho-portugues-verao-casual\/#primaryimage"},"thumbnailUrl":"https:\/\/encontreportugal.pt\/wp-content\/uploads\/2025\/09\/kf-Sed4063df032e469f9ffdc1e87c39bac62.webp","datePublished":"2025-09-19T00:13:15+00:00","dateModified":"2025-09-19T21:47:53+00:00","breadcrumb":{"@id":"https:\/\/encontreportugal.pt\/loja\/tshirts\/camiseta-oversized-madeira-portugal-orgulho-portugues-verao-casual\/#breadcrumb"},"inLanguage":"en-GB","potentialAction":[{"@type":"ReadAction","target":["https:\/\/encontreportugal.pt\/loja\/tshirts\/camiseta-oversized-madeira-portugal-orgulho-portugues-verao-casual\/"]}]},{"@type":"ImageObject","inLanguage":"en-GB","@id":"https:\/\/encontreportugal.pt\/loja\/tshirts\/camiseta-oversized-madeira-portugal-orgulho-portugues-verao-casual\/#primaryimage","url":"https:\/\/encontreportugal.pt\/wp-content\/uploads\/2025\/09\/kf-Sed4063df032e469f9ffdc1e87c39bac62.webp","contentUrl":"https:\/\/encontreportugal.pt\/wp-content\/uploads\/2025\/09\/kf-Sed4063df032e469f9ffdc1e87c39bac62.webp","width":1600,"height":1600},{"@type":"BreadcrumbList","@id":"https:\/\/encontreportugal.pt\/loja\/tshirts\/camiseta-oversized-madeira-portugal-orgulho-portugues-verao-casual\/#breadcrumb","itemListElement":[{"@type":"ListItem","position":1,"name":"In\u00edcio","item":"https:\/\/encontreportugal.pt\/zh\/"},{"@type":"ListItem","position":2,"name":"Loja","item":"https:\/\/encontreportugal.pt\/loja\/"},{"@type":"ListItem","position":3,"name":"Camiseta Oversized Madeira Portugal | Orgulho Portugu\u00eas Ver\u00e3o Casual"}]},{"@type":"WebSite","@id":"https:\/\/encontreportugal.pt\/zh\/#website","url":"https:\/\/encontreportugal.pt\/zh\/","name":"Find Portugal","description":"O maior Portal de dicas ao imigrante brasileiro em Portugal.","publisher":{"@id":"https:\/\/encontreportugal.pt\/zh\/#organization"},"potentialAction":[{"@type":"SearchAction","target":{"@type":"EntryPoint","urlTemplate":"https:\/\/encontreportugal.pt\/zh\/?s={search_term_string}"},"query-input":{"@type":"PropertyValueSpecification","valueRequired":true,"valueName":"search_term_string"}}],"inLanguage":"en-GB"},{"@type":"Organization","@id":"https:\/\/encontreportugal.pt\/zh\/#organization","name":"Find Portugal","url":"https:\/\/encontreportugal.pt\/zh\/","logo":{"@type":"ImageObject","inLanguage":"en-GB","@id":"https:\/\/encontreportugal.pt\/zh\/#\/schema\/logo\/image\/","url":"https:\/\/encontreportugal.pt\/wp-content\/uploads\/2024\/04\/cropped-logo-encontre-portugal.png","contentUrl":"https:\/\/encontreportugal.pt\/wp-content\/uploads\/2024\/04\/cropped-logo-encontre-portugal.png","width":500,"height":165,"caption":"Encontre Portugal"},"image":{"@id":"https:\/\/encontreportugal.pt\/zh\/#\/schema\/logo\/image\/"}}]}},"_links":{"self":[{"href":"https:\/\/encontreportugal.pt\/en\/wp-json\/wp\/v2\/product\/20808","targetHints":{"allow":["GET"]}}],"collection":[{"href":"https:\/\/encontreportugal.pt\/en\/wp-json\/wp\/v2\/product"}],"about":[{"href":"https:\/\/encontreportugal.pt\/en\/wp-json\/wp\/v2\/types\/product"}],"replies":[{"embeddable":true,"href":"https:\/\/encontreportugal.pt\/en\/wp-json\/wp\/v2\/comments?post=20808"}],"wp:featuredmedia":[{"embeddable":true,"href":"https:\/\/encontreportugal.pt\/en\/wp-json\/wp\/v2\/media\/20809"}],"wp:attachment":[{"href":"https:\/\/encontreportugal.pt\/en\/wp-json\/wp\/v2\/media?parent=20808"}],"wp:term":[{"taxonomy":"product_brand","embeddable":true,"href":"https:\/\/encontreportugal.pt\/en\/wp-json\/wp\/v2\/product_brand?post=20808"},{"taxonomy":"product_cat","embeddable":true,"href":"https:\/\/encontreportugal.pt\/en\/wp-json\/wp\/v2\/product_cat?post=20808"},{"taxonomy":"product_tag","embeddable":true,"href":"https:\/\/encontreportugal.pt\/en\/wp-json\/wp\/v2\/product_tag?post=20808"}],"curies":[{"name":"wp","href":"https:\/\/api.w.org\/{rel}","templated":true}]}}