{"id":16291,"date":"2025-06-10T15:35:34","date_gmt":"2025-06-10T15:35:34","guid":{"rendered":"https:\/\/encontreportugal.pt\/loja\/sem categoria\/camiseta-feminina-portuguesa-roupas-de-grife-e-estilo-japones\/"},"modified":"2025-06-10T15:35:44","modified_gmt":"2025-06-10T15:35:44","slug":"camiseta-feminina-portuguesa-roupas-de-grife-e-estilo-japones","status":"publish","type":"product","link":"https:\/\/encontreportugal.pt\/es\/loja\/tshirts\/camiseta-feminina-portuguesa-roupas-de-grife-e-estilo-japones\/","title":{"rendered":"Camiseta Feminina Portuguesa \u2014 Roupas de Grife e Estilo Japon\u00eas"},"content":{"rendered":"<div class=\"product-specs-list-container\">\u00a0<\/div>\n<div class=\"detailmodule_html\">\n<div class=\"detail-desc-decorate-richtext\">\n<p data-start=\"172\" data-end=\"486\">Renove o seu guarda-roupa com esta <strong data-start=\"207\" data-end=\"239\">camiseta feminina portuguesa<\/strong> de estilo japon\u00eas, ideal para quem procura originalidade, conforto e um toque de moda internacional. Com um corte regular, tecido Modal de alta qualidade e desenho animado divertido, esta t-shirt casual \u00e9 perfeita para mulheres jovens e modernas.<\/p>\n<p data-start=\"488\" data-end=\"712\">O modelo apresenta mangas curtas, gola redonda (O-neck) e elasticidade m\u00e9dia, proporcionando ajuste confort\u00e1vel ao corpo. Recomenda-se verificar a tabela de tamanhos, pois o ajuste pode ser ligeiramente menor que o habitual.<\/p>\n<p data-start=\"714\" data-end=\"734\"><strong data-start=\"714\" data-end=\"734\">Caracter\u00edsticas:<\/strong><\/p>\n<ul data-start=\"735\" data-end=\"1020\">\n<li data-start=\"735\" data-end=\"780\">\n<p data-start=\"737\" data-end=\"780\">Material: Modal (tecido macio e respir\u00e1vel)<\/p>\n<\/li>\n<li data-start=\"781\" data-end=\"836\">\n<p data-start=\"783\" data-end=\"836\">Estilo: Casual, divertido, inspirado na moda japonesa<\/p>\n<\/li>\n<li data-start=\"837\" data-end=\"872\">\n<p data-start=\"839\" data-end=\"872\">Esta\u00e7\u00e3o: Adequada para todo o ano<\/p>\n<\/li>\n<li data-start=\"873\" data-end=\"887\">\n<p data-start=\"875\" data-end=\"887\">Manga: Curta<\/p>\n<\/li>\n<li data-start=\"888\" data-end=\"922\">\n<p data-start=\"890\" data-end=\"922\">Colarinho: O-neck (gola redonda)<\/p>\n<\/li>\n<li data-start=\"923\" data-end=\"944\">\n<p data-start=\"925\" data-end=\"944\">Elasticidade: M\u00e9dia<\/p>\n<\/li>\n<li data-start=\"945\" data-end=\"967\">\n<p data-start=\"947\" data-end=\"967\">Comprimento: Regular<\/p>\n<\/li>\n<li data-start=\"968\" data-end=\"993\">\n<p data-start=\"970\" data-end=\"993\">Modelo: Desenho animado<\/p>\n<\/li>\n<li data-start=\"994\" data-end=\"1020\">\n<p data-start=\"996\" data-end=\"1020\">Origem: Guangdong, China<\/p>\n<\/li>\n<\/ul>\n<p data-start=\"1022\" data-end=\"1175\">Esta t-shirt feminina \u00e9 perfeita para o dia a dia, para criar looks descontra\u00eddos ou para presentear algu\u00e9m especial que adora tend\u00eancias internacionais.<\/p>\n<p><img  title=\"\"  alt=\"S817ba6da99aa416aaef4489e79093086Z Camiseta Feminina Portuguesa \u2014 Roupas de Grife e Estilo Japon\u00eas\" decoding=\"async\" src=\"https:\/\/ae01.alicdn.com\/kf\/S817ba6da99aa416aaef4489e79093086Z.jpg\" \/><\/p>\n<p><img  title=\"\"  alt=\"Sf244efa70f804462b1fef3469e58c39eq Camiseta Feminina Portuguesa \u2014 Roupas de Grife e Estilo Japon\u00eas\" decoding=\"async\" src=\"https:\/\/ae01.alicdn.com\/kf\/Sf244efa70f804462b1fef3469e58c39eq.jpg\" \/><\/p>\n<p><img  title=\"\"  alt=\"Sf285a6d6675e4235ab41335087f40f0f5 Camiseta Feminina Portuguesa \u2014 Roupas de Grife e Estilo Japon\u00eas\" decoding=\"async\" src=\"https:\/\/ae01.alicdn.com\/kf\/Sf285a6d6675e4235ab41335087f40f0f5.jpg\" \/><\/p>\n<p><img  title=\"\"  alt=\"S8816236dcdf74d81811bdd40fd0359f8L Camiseta Feminina Portuguesa \u2014 Roupas de Grife e Estilo Japon\u00eas\" decoding=\"async\" src=\"https:\/\/ae01.alicdn.com\/kf\/S8816236dcdf74d81811bdd40fd0359f8L.jpg\" \/><\/p>\n<p><img  title=\"\"  alt=\"Sa714cd3023ad4facaf974e005776dd6f7 Camiseta Feminina Portuguesa \u2014 Roupas de Grife e Estilo Japon\u00eas\" decoding=\"async\" src=\"https:\/\/ae01.alicdn.com\/kf\/Sa714cd3023ad4facaf974e005776dd6f7.jpg\" \/><\/p>\n<p><img  title=\"\"  alt=\"Sd4edbdf2d07c4b1796343682466a70ae8 Camiseta Feminina Portuguesa \u2014 Roupas de Grife e Estilo Japon\u00eas\" decoding=\"async\" src=\"https:\/\/ae01.alicdn.com\/kf\/Sd4edbdf2d07c4b1796343682466a70ae8.jpg\" \/><\/p>\n<p><img  title=\"\"  alt=\"S8a3f46b4a935413c88f6001433e14a86j Camiseta Feminina Portuguesa \u2014 Roupas de Grife e Estilo Japon\u00eas\" decoding=\"async\" src=\"https:\/\/ae01.alicdn.com\/kf\/S8a3f46b4a935413c88f6001433e14a86j.jpg\" \/><\/p>\n<p><img  title=\"\"  alt=\"S2546f43e44dc4384ad2746de7fd73839G Camiseta Feminina Portuguesa \u2014 Roupas de Grife e Estilo Japon\u00eas\" decoding=\"async\" src=\"https:\/\/ae01.alicdn.com\/kf\/S2546f43e44dc4384ad2746de7fd73839G.jpg\" \/><\/p>\n<p><img  title=\"\"  alt=\"S31c00d1444284a5586e393b2aa27489bG Camiseta Feminina Portuguesa \u2014 Roupas de Grife e Estilo Japon\u00eas\" decoding=\"async\" src=\"https:\/\/ae01.alicdn.com\/kf\/S31c00d1444284a5586e393b2aa27489bG.jpg\" \/><\/p>\n<p><img  title=\"\"  alt=\"S09bd0b820d8a42ef85f064375afe6273q Camiseta Feminina Portuguesa \u2014 Roupas de Grife e Estilo Japon\u00eas\" decoding=\"async\" src=\"https:\/\/ae01.alicdn.com\/kf\/S09bd0b820d8a42ef85f064375afe6273q.jpg\" \/><\/div>\n<\/div>","protected":false},"excerpt":{"rendered":"<p>\u00a0 Renove o seu guarda-roupa com esta camiseta feminina portuguesa de estilo japon\u00eas, ideal para quem procura originalidade, conforto e um toque de moda internacional. Com um corte regular, tecido Modal de alta qualidade e desenho animado divertido, esta t-shirt casual \u00e9 perfeita para mulheres jovens e modernas. O modelo apresenta mangas curtas, gola redonda [&hellip;]<\/p>\n","protected":false},"featured_media":16292,"comment_status":"open","ping_status":"closed","template":"","meta":[],"product_brand":[],"product_cat":[730],"product_tag":[],"class_list":{"0":"post-16291","1":"product","2":"type-product","3":"status-publish","4":"has-post-thumbnail","6":"product_cat-tshirts","8":"first","9":"instock","10":"shipping-taxable","11":"purchasable","12":"product-type-variable"},"acf":[],"yoast_head":"<!-- This site is optimized with the Yoast SEO plugin v27.4 - https:\/\/yoast.com\/product\/yoast-seo-wordpress\/ -->\n<title>Camiseta Feminina Portuguesa \u2014 Roupas de Grife e Estilo Japon\u00eas - Encontre Portugal<\/title>\n<meta name=\"robots\" content=\"index, follow, max-snippet:-1, max-image-preview:large, max-video-preview:-1\" \/>\n<link rel=\"canonical\" href=\"https:\/\/encontreportugal.pt\/es\/loja\/tshirts\/camiseta-feminina-portuguesa-roupas-de-grife-e-estilo-japones\/\" \/>\n<meta property=\"og:locale\" content=\"es_ES\" \/>\n<meta property=\"og:type\" content=\"article\" \/>\n<meta property=\"og:title\" content=\"Camiseta Feminina Portuguesa \u2014 Roupas de Grife e Estilo Japon\u00eas - Encontre Portugal\" \/>\n<meta property=\"og:url\" content=\"https:\/\/encontreportugal.pt\/es\/loja\/tshirts\/camiseta-feminina-portuguesa-roupas-de-grife-e-estilo-japones\/\" \/>\n<meta property=\"og:site_name\" content=\"Encontre Portugal\" \/>\n<meta property=\"article:modified_time\" content=\"2025-06-10T15:35:44+00:00\" \/>\n<meta property=\"og:image\" content=\"https:\/\/encontreportugal.pt\/wp-content\/uploads\/2025\/06\/kf-Sa714cd3023ad4facaf974e005776dd6f7.webp\" \/>\n\t<meta property=\"og:image:width\" content=\"1000\" \/>\n\t<meta property=\"og:image:height\" content=\"1000\" \/>\n\t<meta property=\"og:image:type\" content=\"image\/webp\" \/>\n<meta name=\"twitter:card\" content=\"summary_large_image\" \/>\n<meta name=\"twitter:label1\" content=\"Tiempo de lectura\" \/>\n\t<meta name=\"twitter:data1\" content=\"1 minuto\" \/>\n<script type=\"application\/ld+json\" class=\"yoast-schema-graph\">{\"@context\":\"https:\\\/\\\/schema.org\",\"@graph\":[{\"@type\":\"WebPage\",\"@id\":\"https:\\\/\\\/encontreportugal.pt\\\/loja\\\/tshirts\\\/camiseta-feminina-portuguesa-roupas-de-grife-e-estilo-japones\\\/\",\"url\":\"https:\\\/\\\/encontreportugal.pt\\\/loja\\\/tshirts\\\/camiseta-feminina-portuguesa-roupas-de-grife-e-estilo-japones\\\/\",\"name\":\"Camiseta Feminina Portuguesa \u2014 Roupas de Grife e Estilo Japon\u00eas - Encontre Portugal\",\"isPartOf\":{\"@id\":\"https:\\\/\\\/encontreportugal.pt\\\/zh\\\/#website\"},\"primaryImageOfPage\":{\"@id\":\"https:\\\/\\\/encontreportugal.pt\\\/loja\\\/tshirts\\\/camiseta-feminina-portuguesa-roupas-de-grife-e-estilo-japones\\\/#primaryimage\"},\"image\":{\"@id\":\"https:\\\/\\\/encontreportugal.pt\\\/loja\\\/tshirts\\\/camiseta-feminina-portuguesa-roupas-de-grife-e-estilo-japones\\\/#primaryimage\"},\"thumbnailUrl\":\"https:\\\/\\\/encontreportugal.pt\\\/wp-content\\\/uploads\\\/2025\\\/06\\\/kf-Sa714cd3023ad4facaf974e005776dd6f7.webp\",\"datePublished\":\"2025-06-10T15:35:34+00:00\",\"dateModified\":\"2025-06-10T15:35:44+00:00\",\"breadcrumb\":{\"@id\":\"https:\\\/\\\/encontreportugal.pt\\\/loja\\\/tshirts\\\/camiseta-feminina-portuguesa-roupas-de-grife-e-estilo-japones\\\/#breadcrumb\"},\"inLanguage\":\"es\",\"potentialAction\":[{\"@type\":\"ReadAction\",\"target\":[\"https:\\\/\\\/encontreportugal.pt\\\/loja\\\/tshirts\\\/camiseta-feminina-portuguesa-roupas-de-grife-e-estilo-japones\\\/\"]}]},{\"@type\":\"ImageObject\",\"inLanguage\":\"es\",\"@id\":\"https:\\\/\\\/encontreportugal.pt\\\/loja\\\/tshirts\\\/camiseta-feminina-portuguesa-roupas-de-grife-e-estilo-japones\\\/#primaryimage\",\"url\":\"https:\\\/\\\/encontreportugal.pt\\\/wp-content\\\/uploads\\\/2025\\\/06\\\/kf-Sa714cd3023ad4facaf974e005776dd6f7.webp\",\"contentUrl\":\"https:\\\/\\\/encontreportugal.pt\\\/wp-content\\\/uploads\\\/2025\\\/06\\\/kf-Sa714cd3023ad4facaf974e005776dd6f7.webp\",\"width\":1000,\"height\":1000},{\"@type\":\"BreadcrumbList\",\"@id\":\"https:\\\/\\\/encontreportugal.pt\\\/loja\\\/tshirts\\\/camiseta-feminina-portuguesa-roupas-de-grife-e-estilo-japones\\\/#breadcrumb\",\"itemListElement\":[{\"@type\":\"ListItem\",\"position\":1,\"name\":\"In\u00edcio\",\"item\":\"https:\\\/\\\/encontreportugal.pt\\\/zh\\\/\"},{\"@type\":\"ListItem\",\"position\":2,\"name\":\"Loja\",\"item\":\"https:\\\/\\\/encontreportugal.pt\\\/loja\\\/\"},{\"@type\":\"ListItem\",\"position\":3,\"name\":\"Camiseta Feminina Portuguesa \u2014 Roupas de Grife e Estilo Japon\u00eas\"}]},{\"@type\":\"WebSite\",\"@id\":\"https:\\\/\\\/encontreportugal.pt\\\/zh\\\/#website\",\"url\":\"https:\\\/\\\/encontreportugal.pt\\\/zh\\\/\",\"name\":\"Encontre Portugal\",\"description\":\"O maior Portal de dicas ao imigrante brasileiro em Portugal.\",\"publisher\":{\"@id\":\"https:\\\/\\\/encontreportugal.pt\\\/zh\\\/#organization\"},\"potentialAction\":[{\"@type\":\"SearchAction\",\"target\":{\"@type\":\"EntryPoint\",\"urlTemplate\":\"https:\\\/\\\/encontreportugal.pt\\\/zh\\\/?s={search_term_string}\"},\"query-input\":{\"@type\":\"PropertyValueSpecification\",\"valueRequired\":true,\"valueName\":\"search_term_string\"}}],\"inLanguage\":\"es\"},{\"@type\":\"Organization\",\"@id\":\"https:\\\/\\\/encontreportugal.pt\\\/zh\\\/#organization\",\"name\":\"Encontre Portugal\",\"url\":\"https:\\\/\\\/encontreportugal.pt\\\/zh\\\/\",\"logo\":{\"@type\":\"ImageObject\",\"inLanguage\":\"es\",\"@id\":\"https:\\\/\\\/encontreportugal.pt\\\/zh\\\/#\\\/schema\\\/logo\\\/image\\\/\",\"url\":\"https:\\\/\\\/encontreportugal.pt\\\/wp-content\\\/uploads\\\/2024\\\/04\\\/cropped-logo-encontre-portugal.png\",\"contentUrl\":\"https:\\\/\\\/encontreportugal.pt\\\/wp-content\\\/uploads\\\/2024\\\/04\\\/cropped-logo-encontre-portugal.png\",\"width\":500,\"height\":165,\"caption\":\"Encontre Portugal\"},\"image\":{\"@id\":\"https:\\\/\\\/encontreportugal.pt\\\/zh\\\/#\\\/schema\\\/logo\\\/image\\\/\"}}]}<\/script>\n<!-- \/ Yoast SEO plugin. -->","yoast_head_json":{"title":"Camiseta Feminina Portuguesa \u2014 Roupas de Grife e Estilo Japon\u00eas - Encontre Portugal","robots":{"index":"index","follow":"follow","max-snippet":"max-snippet:-1","max-image-preview":"max-image-preview:large","max-video-preview":"max-video-preview:-1"},"canonical":"https:\/\/encontreportugal.pt\/es\/loja\/tshirts\/camiseta-feminina-portuguesa-roupas-de-grife-e-estilo-japones\/","og_locale":"es_ES","og_type":"article","og_title":"Camiseta Feminina Portuguesa \u2014 Roupas de Grife e Estilo Japon\u00eas - Encontre Portugal","og_url":"https:\/\/encontreportugal.pt\/es\/loja\/tshirts\/camiseta-feminina-portuguesa-roupas-de-grife-e-estilo-japones\/","og_site_name":"Encontre Portugal","article_modified_time":"2025-06-10T15:35:44+00:00","og_image":[{"width":1000,"height":1000,"url":"https:\/\/encontreportugal.pt\/wp-content\/uploads\/2025\/06\/kf-Sa714cd3023ad4facaf974e005776dd6f7.webp","type":"image\/webp"}],"twitter_card":"summary_large_image","twitter_misc":{"Tiempo de lectura":"1 minuto"},"schema":{"@context":"https:\/\/schema.org","@graph":[{"@type":"WebPage","@id":"https:\/\/encontreportugal.pt\/loja\/tshirts\/camiseta-feminina-portuguesa-roupas-de-grife-e-estilo-japones\/","url":"https:\/\/encontreportugal.pt\/loja\/tshirts\/camiseta-feminina-portuguesa-roupas-de-grife-e-estilo-japones\/","name":"Camiseta Feminina Portuguesa \u2014 Roupas de Grife e Estilo Japon\u00eas - Encontre Portugal","isPartOf":{"@id":"https:\/\/encontreportugal.pt\/zh\/#website"},"primaryImageOfPage":{"@id":"https:\/\/encontreportugal.pt\/loja\/tshirts\/camiseta-feminina-portuguesa-roupas-de-grife-e-estilo-japones\/#primaryimage"},"image":{"@id":"https:\/\/encontreportugal.pt\/loja\/tshirts\/camiseta-feminina-portuguesa-roupas-de-grife-e-estilo-japones\/#primaryimage"},"thumbnailUrl":"https:\/\/encontreportugal.pt\/wp-content\/uploads\/2025\/06\/kf-Sa714cd3023ad4facaf974e005776dd6f7.webp","datePublished":"2025-06-10T15:35:34+00:00","dateModified":"2025-06-10T15:35:44+00:00","breadcrumb":{"@id":"https:\/\/encontreportugal.pt\/loja\/tshirts\/camiseta-feminina-portuguesa-roupas-de-grife-e-estilo-japones\/#breadcrumb"},"inLanguage":"es","potentialAction":[{"@type":"ReadAction","target":["https:\/\/encontreportugal.pt\/loja\/tshirts\/camiseta-feminina-portuguesa-roupas-de-grife-e-estilo-japones\/"]}]},{"@type":"ImageObject","inLanguage":"es","@id":"https:\/\/encontreportugal.pt\/loja\/tshirts\/camiseta-feminina-portuguesa-roupas-de-grife-e-estilo-japones\/#primaryimage","url":"https:\/\/encontreportugal.pt\/wp-content\/uploads\/2025\/06\/kf-Sa714cd3023ad4facaf974e005776dd6f7.webp","contentUrl":"https:\/\/encontreportugal.pt\/wp-content\/uploads\/2025\/06\/kf-Sa714cd3023ad4facaf974e005776dd6f7.webp","width":1000,"height":1000},{"@type":"BreadcrumbList","@id":"https:\/\/encontreportugal.pt\/loja\/tshirts\/camiseta-feminina-portuguesa-roupas-de-grife-e-estilo-japones\/#breadcrumb","itemListElement":[{"@type":"ListItem","position":1,"name":"In\u00edcio","item":"https:\/\/encontreportugal.pt\/zh\/"},{"@type":"ListItem","position":2,"name":"Loja","item":"https:\/\/encontreportugal.pt\/loja\/"},{"@type":"ListItem","position":3,"name":"Camiseta Feminina Portuguesa \u2014 Roupas de Grife e Estilo Japon\u00eas"}]},{"@type":"WebSite","@id":"https:\/\/encontreportugal.pt\/zh\/#website","url":"https:\/\/encontreportugal.pt\/zh\/","name":"Buscar Portugal","description":"O maior Portal de dicas ao imigrante brasileiro em Portugal.","publisher":{"@id":"https:\/\/encontreportugal.pt\/zh\/#organization"},"potentialAction":[{"@type":"SearchAction","target":{"@type":"EntryPoint","urlTemplate":"https:\/\/encontreportugal.pt\/zh\/?s={search_term_string}"},"query-input":{"@type":"PropertyValueSpecification","valueRequired":true,"valueName":"search_term_string"}}],"inLanguage":"es"},{"@type":"Organization","@id":"https:\/\/encontreportugal.pt\/zh\/#organization","name":"Buscar Portugal","url":"https:\/\/encontreportugal.pt\/zh\/","logo":{"@type":"ImageObject","inLanguage":"es","@id":"https:\/\/encontreportugal.pt\/zh\/#\/schema\/logo\/image\/","url":"https:\/\/encontreportugal.pt\/wp-content\/uploads\/2024\/04\/cropped-logo-encontre-portugal.png","contentUrl":"https:\/\/encontreportugal.pt\/wp-content\/uploads\/2024\/04\/cropped-logo-encontre-portugal.png","width":500,"height":165,"caption":"Encontre Portugal"},"image":{"@id":"https:\/\/encontreportugal.pt\/zh\/#\/schema\/logo\/image\/"}}]}},"_links":{"self":[{"href":"https:\/\/encontreportugal.pt\/es\/wp-json\/wp\/v2\/product\/16291","targetHints":{"allow":["GET"]}}],"collection":[{"href":"https:\/\/encontreportugal.pt\/es\/wp-json\/wp\/v2\/product"}],"about":[{"href":"https:\/\/encontreportugal.pt\/es\/wp-json\/wp\/v2\/types\/product"}],"replies":[{"embeddable":true,"href":"https:\/\/encontreportugal.pt\/es\/wp-json\/wp\/v2\/comments?post=16291"}],"wp:featuredmedia":[{"embeddable":true,"href":"https:\/\/encontreportugal.pt\/es\/wp-json\/wp\/v2\/media\/16292"}],"wp:attachment":[{"href":"https:\/\/encontreportugal.pt\/es\/wp-json\/wp\/v2\/media?parent=16291"}],"wp:term":[{"taxonomy":"product_brand","embeddable":true,"href":"https:\/\/encontreportugal.pt\/es\/wp-json\/wp\/v2\/product_brand?post=16291"},{"taxonomy":"product_cat","embeddable":true,"href":"https:\/\/encontreportugal.pt\/es\/wp-json\/wp\/v2\/product_cat?post=16291"},{"taxonomy":"product_tag","embeddable":true,"href":"https:\/\/encontreportugal.pt\/es\/wp-json\/wp\/v2\/product_tag?post=16291"}],"curies":[{"name":"wp","href":"https:\/\/api.w.org\/{rel}","templated":true}]}}