{"id":16713,"date":"2025-06-10T16:24:42","date_gmt":"2025-06-10T16:24:42","guid":{"rendered":"https:\/\/encontreportugal.pt\/loja\/sem categoria\/camiseta-funchal-portugal-manga-longa-ou-curta-viagem-ilha\/"},"modified":"2025-06-10T16:24:59","modified_gmt":"2025-06-10T16:24:59","slug":"camiseta-funchal-portugal-manga-longa-ou-curta-viagem-ilha","status":"publish","type":"product","link":"https:\/\/encontreportugal.pt\/es\/loja\/tshirts\/camiseta-funchal-portugal-manga-longa-ou-curta-viagem-ilha\/","title":{"rendered":"Camiseta Funchal Portugal \u2014 Manga Longa ou Curta, Viagem Ilha"},"content":{"rendered":"<div class=\"product-specs-list-container\">\u00a0<\/div>\n<div class=\"detailmodule_html\">\n<div class=\"detail-desc-decorate-richtext\">\n<p data-start=\"161\" data-end=\"419\">Viaje no estilo com esta <strong data-start=\"186\" data-end=\"215\">camiseta Funchal Portugal<\/strong>, dispon\u00edvel em vers\u00e3o de manga curta ou longa. Fabricada em algod\u00e3o macio e tecido casimira, oferece conforto, leveza e respirabilidade ideais para o seu dia a dia, passeios ou viagens \u00e0 ilha da Madeira.<\/p>\n<p data-start=\"421\" data-end=\"691\">O modelo estampado destaca elementos de Funchal, tornando esta t-shirt uma \u00f3tima recorda\u00e7\u00e3o para turistas, amantes de Portugal ou como presente especial para familiares e amigos. O corte casual, sem capuz e gola redonda (O-neck), combina com diversos estilos e ocasi\u00f5es.<\/p>\n<p data-start=\"693\" data-end=\"713\"><strong data-start=\"693\" data-end=\"713\">Caracter\u00edsticas:<\/strong><\/p>\n<ul data-start=\"714\" data-end=\"925\">\n<li data-start=\"714\" data-end=\"761\">\n<p data-start=\"716\" data-end=\"761\">Material: Algod\u00e3o de alta qualidade, casimira<\/p>\n<\/li>\n<li data-start=\"762\" data-end=\"791\">\n<p data-start=\"764\" data-end=\"791\">Estilo: Casual, confort\u00e1vel<\/p>\n<\/li>\n<li data-start=\"792\" data-end=\"829\">\n<p data-start=\"794\" data-end=\"829\">Modelo: Estampado Funchal, Portugal<\/p>\n<\/li>\n<li data-start=\"830\" data-end=\"853\">\n<p data-start=\"832\" data-end=\"853\">Manga: Curta ou longa<\/p>\n<\/li>\n<li data-start=\"854\" data-end=\"883\">\n<p data-start=\"856\" data-end=\"883\">Gola: O-neck (gola redonda)<\/p>\n<\/li>\n<li data-start=\"884\" data-end=\"901\">\n<p data-start=\"886\" data-end=\"901\">Sexo: Masculino<\/p>\n<\/li>\n<li data-start=\"902\" data-end=\"925\">\n<p data-start=\"904\" data-end=\"925\">Origem: Fujian, China<\/p>\n<\/li>\n<\/ul>\n<p data-start=\"927\" data-end=\"1063\"><strong data-start=\"927\" data-end=\"947\">Sugest\u00e3o de uso:<\/strong><br data-start=\"947\" data-end=\"950\" \/>Perfeita para usar em viagens, passeios, eventos ou para quem deseja lembrar-se de Funchal com estilo e conforto.<\/p>\n<p><img  title=\"\"  alt=\"Saf8de74ac1dd4853bf84fa8dccd5dff5T Camiseta Funchal Portugal \u2014 Manga Longa ou Curta, Viagem Ilha\" decoding=\"async\" src=\"https:\/\/ae01.alicdn.com\/kf\/Saf8de74ac1dd4853bf84fa8dccd5dff5T.jpg?width=1000&amp;height=267&amp;hash=1267\" \/><\/p>\n<p>\u00a0<\/p>\n<p>\u00a0<\/p>\n<p><img  title=\"\"  alt=\"Saa95abfbbeb841f3bdbe8815eb58dd6bM Camiseta Funchal Portugal \u2014 Manga Longa ou Curta, Viagem Ilha\" fetchpriority=\"high\" decoding=\"async\" src=\"https:\/\/ae01.alicdn.com\/kf\/Saa95abfbbeb841f3bdbe8815eb58dd6bM.jpg\" width=\"944\" height=\"944\" \/><img  title=\"\"  alt=\"Sc53160c94824400983577a7e319ed848S Camiseta Funchal Portugal \u2014 Manga Longa ou Curta, Viagem Ilha\" decoding=\"async\" src=\"https:\/\/ae01.alicdn.com\/kf\/Sc53160c94824400983577a7e319ed848S.jpg?width=1000&amp;height=100&amp;hash=1100\" \/><img  title=\"\"  alt=\"S6b033e46eeff420b89e6d64dad02fbebu Camiseta Funchal Portugal \u2014 Manga Longa ou Curta, Viagem Ilha\" decoding=\"async\" src=\"https:\/\/ae01.alicdn.com\/kf\/S6b033e46eeff420b89e6d64dad02fbebu.jpg?width=1000&amp;height=1000&amp;hash=2000\" \/><\/p>\n<p data-start=\"119\" data-end=\"155\"><strong data-start=\"119\" data-end=\"155\">Nota Importante sobre o Tamanho:<\/strong><\/p>\n<ol data-start=\"157\" data-end=\"701\">\n<li data-start=\"157\" data-end=\"301\">\n<p data-start=\"160\" data-end=\"301\">Os nossos produtos seguem o <strong data-start=\"188\" data-end=\"208\">tamanho asi\u00e1tico<\/strong>. Recomendamos que consulte a tabela de medidas detalhada e <strong data-start=\"268\" data-end=\"300\">n\u00e3o escolha apenas por S\/M\/L<\/strong>.<\/p>\n<\/li>\n<li data-start=\"302\" data-end=\"400\">\n<p data-start=\"305\" data-end=\"400\">A tabela de tamanhos refere-se \u00e0s <strong data-start=\"339\" data-end=\"369\">dimens\u00f5es da pe\u00e7a de roupa<\/strong> e n\u00e3o \u00e0s medidas do seu corpo.<\/p>\n<\/li>\n<li data-start=\"401\" data-end=\"502\">\n<p data-start=\"404\" data-end=\"502\">Se as suas medidas estiverem entre dois tamanhos, <strong data-start=\"454\" data-end=\"481\">opte pelo tamanho maior<\/strong> para maior conforto.<\/p>\n<\/li>\n<li data-start=\"503\" data-end=\"567\">\n<p data-start=\"506\" data-end=\"567\">Permita uma varia\u00e7\u00e3o de <strong data-start=\"530\" data-end=\"542\">1 a 3 cm<\/strong> devido \u00e0 medi\u00e7\u00e3o manual.<\/p>\n<\/li>\n<li data-start=\"568\" data-end=\"652\">\n<p data-start=\"571\" data-end=\"652\">Em caso de d\u00favidas sobre o tamanho, <strong data-start=\"607\" data-end=\"651\">contacte-nos antes de finalizar a compra<\/strong>.<\/p>\n<\/li>\n<li data-start=\"653\" data-end=\"701\">\n<p data-start=\"656\" data-end=\"701\">(1 cm = 0,39 polegadas; 1 polegada = 2,54 cm)<\/p>\n<\/li>\n<\/ol>\n<p data-start=\"703\" data-end=\"813\" data-is-last-node=\"\" data-is-only-node=\"\"><strong data-start=\"703\" data-end=\"813\" data-is-last-node=\"\">Usamos impress\u00e3o de alta qualidade para garantir que o design seja colorido, brilhante e fiel ao original!<\/strong><\/p>\n<p><img  title=\"\"  alt=\"S80cea028e9544e238b307bd97f8b27595 Camiseta Funchal Portugal \u2014 Manga Longa ou Curta, Viagem Ilha\" decoding=\"async\" src=\"https:\/\/ae01.alicdn.com\/kf\/S80cea028e9544e238b307bd97f8b27595.jpg?width=1000&amp;height=100&amp;hash=1100\" width=\"944\" height=\"94\" \/><\/p>\n<p><img  title=\"\"  alt=\"Sdb3e685b35ad4ee0bf7909d7626030b8u Camiseta Funchal Portugal \u2014 Manga Longa ou Curta, Viagem Ilha\" decoding=\"async\" src=\"https:\/\/ae01.alicdn.com\/kf\/Sdb3e685b35ad4ee0bf7909d7626030b8u.jpg?width=700&amp;height=700&amp;hash=1400\" width=\"944\" height=\"944\" \/><img  title=\"\"  alt=\"Sbc409c0fd44842709e3da2a70f2f0ed2P Camiseta Funchal Portugal \u2014 Manga Longa ou Curta, Viagem Ilha\" loading=\"lazy\" decoding=\"async\" src=\"https:\/\/ae01.alicdn.com\/kf\/Sbc409c0fd44842709e3da2a70f2f0ed2P.jpg?width=700&amp;height=700&amp;hash=1400\" width=\"944\" height=\"944\" \/><\/p>\n<p><img  title=\"\"  alt=\"Secacbed3d71c49baa1b4836d35d511519 Camiseta Funchal Portugal \u2014 Manga Longa ou Curta, Viagem Ilha\" decoding=\"async\" src=\"https:\/\/ae01.alicdn.com\/kf\/Secacbed3d71c49baa1b4836d35d511519.jpg?width=1000&amp;height=100&amp;hash=1100\" \/><img  title=\"\"  alt=\"Sd0342f50c9144348a44a2f5641f192f4e Camiseta Funchal Portugal \u2014 Manga Longa ou Curta, Viagem Ilha\" loading=\"lazy\" decoding=\"async\" src=\"https:\/\/ae01.alicdn.com\/kf\/Sd0342f50c9144348a44a2f5641f192f4e.jpg?width=1200&amp;height=1200&amp;hash=2400\" width=\"944\" height=\"944\" \/><img  title=\"\"  alt=\"S1c219af2631749b8a6e3dae387a9317bq Camiseta Funchal Portugal \u2014 Manga Longa ou Curta, Viagem Ilha\" decoding=\"async\" src=\"https:\/\/ae01.alicdn.com\/kf\/S1c219af2631749b8a6e3dae387a9317bq.jpg?width=1000&amp;height=100&amp;hash=1100\" \/><\/p>\n<p><span id=\"tl_15\" style=\"background-color: #ffffff; color: #222222; font-size: 22px; font-family: Arial, Helvetica, sans-serif;\">N\u00f3s tamb\u00e9m fornecemos completo t-shirt personaliza\u00e7\u00e3o servi\u00e7os. Entre em contato conosco se voc\u00ea precisar de qualquer tipo de camisetas com design personalizado, logotipo, texto para suas escolas, eventos sporing, faculdades, eventos de angaria\u00e7\u00e3o de fundos ou eventos promocionais.<\/span><\/p>\n<p><img  title=\"\"  alt=\"S5420a208f63d4cb28d4b0336cb5c9ee9H Camiseta Funchal Portugal \u2014 Manga Longa ou Curta, Viagem Ilha\" decoding=\"async\" src=\"https:\/\/ae01.alicdn.com\/kf\/S5420a208f63d4cb28d4b0336cb5c9ee9H.jpg?width=1000&amp;height=314&amp;hash=1314\" \/><\/p>\n<p data-start=\"96\" data-end=\"127\"><strong data-start=\"96\" data-end=\"127\">Passos para Personaliza\u00e7\u00e3o:<\/strong><\/p>\n<p data-start=\"129\" data-end=\"428\"><strong data-start=\"129\" data-end=\"141\">Paso 1:<\/strong> Envie-nos uma mensagem com o texto ou log\u00f3tipo que deseja na t-shirt.<br data-start=\"211\" data-end=\"214\" \/><strong data-start=\"214\" data-end=\"226\">Segundo paso:<\/strong> Escolha o tamanho pretendido, o tipo de letra, a cor e indique onde pretende colocar o design na camisa.<br data-start=\"331\" data-end=\"334\" \/><strong data-start=\"334\" data-end=\"346\">Tercer paso:<\/strong> Aguarde que lhe enviemos uma imagem de pr\u00e9-visualiza\u00e7\u00e3o de como ficar\u00e1 o produto.<\/p>\n<p data-start=\"430\" data-end=\"560\"><strong data-start=\"430\" data-end=\"440\">Notas:<\/strong><br data-start=\"440\" data-end=\"443\" \/>Podemos imprimir na frente e no verso. Para impress\u00e3o em mais de um lado, ser\u00e1 cobrada uma taxa adicional de 4<strong data-start=\"552\" data-end=\"559\">\u20ac<\/strong>.<\/p>\n<p>\u00a0<\/p>\n<\/div>\n<\/div>","protected":false},"excerpt":{"rendered":"<p>\u00a0 Viaje no estilo com esta camiseta Funchal Portugal, dispon\u00edvel em vers\u00e3o de manga curta ou longa. Fabricada em algod\u00e3o macio e tecido casimira, oferece conforto, leveza e respirabilidade ideais para o seu dia a dia, passeios ou viagens \u00e0 ilha da Madeira. O modelo estampado destaca elementos de Funchal, tornando esta t-shirt uma \u00f3tima [&hellip;]<\/p>\n","protected":false},"featured_media":16714,"comment_status":"open","ping_status":"closed","template":"","meta":[],"product_brand":[],"product_cat":[730],"product_tag":[],"class_list":{"0":"post-16713","1":"product","2":"type-product","3":"status-publish","4":"has-post-thumbnail","6":"product_cat-tshirts","8":"first","9":"instock","10":"shipping-taxable","11":"purchasable","12":"product-type-variable"},"acf":[],"yoast_head":"<!-- This site is optimized with the Yoast SEO plugin v27.4 - https:\/\/yoast.com\/product\/yoast-seo-wordpress\/ -->\n<title>Camiseta Funchal Portugal \u2014 Manga Longa ou Curta, Viagem Ilha - Encontre Portugal<\/title>\n<meta name=\"robots\" content=\"index, follow, max-snippet:-1, max-image-preview:large, max-video-preview:-1\" \/>\n<link rel=\"canonical\" href=\"https:\/\/encontreportugal.pt\/es\/loja\/tshirts\/camiseta-funchal-portugal-manga-longa-ou-curta-viagem-ilha\/\" \/>\n<meta property=\"og:locale\" content=\"es_ES\" \/>\n<meta property=\"og:type\" content=\"article\" \/>\n<meta property=\"og:title\" content=\"Camiseta Funchal Portugal \u2014 Manga Longa ou Curta, Viagem Ilha - Encontre Portugal\" \/>\n<meta property=\"og:url\" content=\"https:\/\/encontreportugal.pt\/es\/loja\/tshirts\/camiseta-funchal-portugal-manga-longa-ou-curta-viagem-ilha\/\" \/>\n<meta property=\"og:site_name\" content=\"Encontre Portugal\" \/>\n<meta property=\"article:modified_time\" content=\"2025-06-10T16:24:59+00:00\" \/>\n<meta property=\"og:image\" content=\"https:\/\/encontreportugal.pt\/wp-content\/uploads\/2025\/06\/kf-Saa95abfbbeb841f3bdbe8815eb58dd6bM.webp\" \/>\n\t<meta property=\"og:image:width\" content=\"2000\" \/>\n\t<meta property=\"og:image:height\" content=\"2000\" \/>\n\t<meta property=\"og:image:type\" content=\"image\/webp\" \/>\n<meta name=\"twitter:card\" content=\"summary_large_image\" \/>\n<meta name=\"twitter:label1\" content=\"Tiempo de lectura\" \/>\n\t<meta name=\"twitter:data1\" content=\"2 minutos\" \/>\n<script type=\"application\/ld+json\" class=\"yoast-schema-graph\">{\"@context\":\"https:\\\/\\\/schema.org\",\"@graph\":[{\"@type\":\"WebPage\",\"@id\":\"https:\\\/\\\/encontreportugal.pt\\\/loja\\\/tshirts\\\/camiseta-funchal-portugal-manga-longa-ou-curta-viagem-ilha\\\/\",\"url\":\"https:\\\/\\\/encontreportugal.pt\\\/loja\\\/tshirts\\\/camiseta-funchal-portugal-manga-longa-ou-curta-viagem-ilha\\\/\",\"name\":\"Camiseta Funchal Portugal \u2014 Manga Longa ou Curta, Viagem Ilha - Encontre Portugal\",\"isPartOf\":{\"@id\":\"https:\\\/\\\/encontreportugal.pt\\\/zh\\\/#website\"},\"primaryImageOfPage\":{\"@id\":\"https:\\\/\\\/encontreportugal.pt\\\/loja\\\/tshirts\\\/camiseta-funchal-portugal-manga-longa-ou-curta-viagem-ilha\\\/#primaryimage\"},\"image\":{\"@id\":\"https:\\\/\\\/encontreportugal.pt\\\/loja\\\/tshirts\\\/camiseta-funchal-portugal-manga-longa-ou-curta-viagem-ilha\\\/#primaryimage\"},\"thumbnailUrl\":\"https:\\\/\\\/encontreportugal.pt\\\/wp-content\\\/uploads\\\/2025\\\/06\\\/kf-Saa95abfbbeb841f3bdbe8815eb58dd6bM.webp\",\"datePublished\":\"2025-06-10T16:24:42+00:00\",\"dateModified\":\"2025-06-10T16:24:59+00:00\",\"breadcrumb\":{\"@id\":\"https:\\\/\\\/encontreportugal.pt\\\/loja\\\/tshirts\\\/camiseta-funchal-portugal-manga-longa-ou-curta-viagem-ilha\\\/#breadcrumb\"},\"inLanguage\":\"es\",\"potentialAction\":[{\"@type\":\"ReadAction\",\"target\":[\"https:\\\/\\\/encontreportugal.pt\\\/loja\\\/tshirts\\\/camiseta-funchal-portugal-manga-longa-ou-curta-viagem-ilha\\\/\"]}]},{\"@type\":\"ImageObject\",\"inLanguage\":\"es\",\"@id\":\"https:\\\/\\\/encontreportugal.pt\\\/loja\\\/tshirts\\\/camiseta-funchal-portugal-manga-longa-ou-curta-viagem-ilha\\\/#primaryimage\",\"url\":\"https:\\\/\\\/encontreportugal.pt\\\/wp-content\\\/uploads\\\/2025\\\/06\\\/kf-Saa95abfbbeb841f3bdbe8815eb58dd6bM.webp\",\"contentUrl\":\"https:\\\/\\\/encontreportugal.pt\\\/wp-content\\\/uploads\\\/2025\\\/06\\\/kf-Saa95abfbbeb841f3bdbe8815eb58dd6bM.webp\",\"width\":2000,\"height\":2000},{\"@type\":\"BreadcrumbList\",\"@id\":\"https:\\\/\\\/encontreportugal.pt\\\/loja\\\/tshirts\\\/camiseta-funchal-portugal-manga-longa-ou-curta-viagem-ilha\\\/#breadcrumb\",\"itemListElement\":[{\"@type\":\"ListItem\",\"position\":1,\"name\":\"In\u00edcio\",\"item\":\"https:\\\/\\\/encontreportugal.pt\\\/zh\\\/\"},{\"@type\":\"ListItem\",\"position\":2,\"name\":\"Loja\",\"item\":\"https:\\\/\\\/encontreportugal.pt\\\/loja\\\/\"},{\"@type\":\"ListItem\",\"position\":3,\"name\":\"Camiseta Funchal Portugal \u2014 Manga Longa ou Curta, Viagem Ilha\"}]},{\"@type\":\"WebSite\",\"@id\":\"https:\\\/\\\/encontreportugal.pt\\\/zh\\\/#website\",\"url\":\"https:\\\/\\\/encontreportugal.pt\\\/zh\\\/\",\"name\":\"Encontre Portugal\",\"description\":\"O maior Portal de dicas ao imigrante brasileiro em Portugal.\",\"publisher\":{\"@id\":\"https:\\\/\\\/encontreportugal.pt\\\/zh\\\/#organization\"},\"potentialAction\":[{\"@type\":\"SearchAction\",\"target\":{\"@type\":\"EntryPoint\",\"urlTemplate\":\"https:\\\/\\\/encontreportugal.pt\\\/zh\\\/?s={search_term_string}\"},\"query-input\":{\"@type\":\"PropertyValueSpecification\",\"valueRequired\":true,\"valueName\":\"search_term_string\"}}],\"inLanguage\":\"es\"},{\"@type\":\"Organization\",\"@id\":\"https:\\\/\\\/encontreportugal.pt\\\/zh\\\/#organization\",\"name\":\"Encontre Portugal\",\"url\":\"https:\\\/\\\/encontreportugal.pt\\\/zh\\\/\",\"logo\":{\"@type\":\"ImageObject\",\"inLanguage\":\"es\",\"@id\":\"https:\\\/\\\/encontreportugal.pt\\\/zh\\\/#\\\/schema\\\/logo\\\/image\\\/\",\"url\":\"https:\\\/\\\/encontreportugal.pt\\\/wp-content\\\/uploads\\\/2024\\\/04\\\/cropped-logo-encontre-portugal.png\",\"contentUrl\":\"https:\\\/\\\/encontreportugal.pt\\\/wp-content\\\/uploads\\\/2024\\\/04\\\/cropped-logo-encontre-portugal.png\",\"width\":500,\"height\":165,\"caption\":\"Encontre Portugal\"},\"image\":{\"@id\":\"https:\\\/\\\/encontreportugal.pt\\\/zh\\\/#\\\/schema\\\/logo\\\/image\\\/\"}}]}<\/script>\n<!-- \/ Yoast SEO plugin. -->","yoast_head_json":{"title":"Camiseta Funchal Portugal \u2014 Manga Longa ou Curta, Viagem Ilha - Encontre Portugal","robots":{"index":"index","follow":"follow","max-snippet":"max-snippet:-1","max-image-preview":"max-image-preview:large","max-video-preview":"max-video-preview:-1"},"canonical":"https:\/\/encontreportugal.pt\/es\/loja\/tshirts\/camiseta-funchal-portugal-manga-longa-ou-curta-viagem-ilha\/","og_locale":"es_ES","og_type":"article","og_title":"Camiseta Funchal Portugal \u2014 Manga Longa ou Curta, Viagem Ilha - Encontre Portugal","og_url":"https:\/\/encontreportugal.pt\/es\/loja\/tshirts\/camiseta-funchal-portugal-manga-longa-ou-curta-viagem-ilha\/","og_site_name":"Encontre Portugal","article_modified_time":"2025-06-10T16:24:59+00:00","og_image":[{"width":2000,"height":2000,"url":"https:\/\/encontreportugal.pt\/wp-content\/uploads\/2025\/06\/kf-Saa95abfbbeb841f3bdbe8815eb58dd6bM.webp","type":"image\/webp"}],"twitter_card":"summary_large_image","twitter_misc":{"Tiempo de lectura":"2 minutos"},"schema":{"@context":"https:\/\/schema.org","@graph":[{"@type":"WebPage","@id":"https:\/\/encontreportugal.pt\/loja\/tshirts\/camiseta-funchal-portugal-manga-longa-ou-curta-viagem-ilha\/","url":"https:\/\/encontreportugal.pt\/loja\/tshirts\/camiseta-funchal-portugal-manga-longa-ou-curta-viagem-ilha\/","name":"Camiseta Funchal Portugal \u2014 Manga Longa ou Curta, Viagem Ilha - Encontre Portugal","isPartOf":{"@id":"https:\/\/encontreportugal.pt\/zh\/#website"},"primaryImageOfPage":{"@id":"https:\/\/encontreportugal.pt\/loja\/tshirts\/camiseta-funchal-portugal-manga-longa-ou-curta-viagem-ilha\/#primaryimage"},"image":{"@id":"https:\/\/encontreportugal.pt\/loja\/tshirts\/camiseta-funchal-portugal-manga-longa-ou-curta-viagem-ilha\/#primaryimage"},"thumbnailUrl":"https:\/\/encontreportugal.pt\/wp-content\/uploads\/2025\/06\/kf-Saa95abfbbeb841f3bdbe8815eb58dd6bM.webp","datePublished":"2025-06-10T16:24:42+00:00","dateModified":"2025-06-10T16:24:59+00:00","breadcrumb":{"@id":"https:\/\/encontreportugal.pt\/loja\/tshirts\/camiseta-funchal-portugal-manga-longa-ou-curta-viagem-ilha\/#breadcrumb"},"inLanguage":"es","potentialAction":[{"@type":"ReadAction","target":["https:\/\/encontreportugal.pt\/loja\/tshirts\/camiseta-funchal-portugal-manga-longa-ou-curta-viagem-ilha\/"]}]},{"@type":"ImageObject","inLanguage":"es","@id":"https:\/\/encontreportugal.pt\/loja\/tshirts\/camiseta-funchal-portugal-manga-longa-ou-curta-viagem-ilha\/#primaryimage","url":"https:\/\/encontreportugal.pt\/wp-content\/uploads\/2025\/06\/kf-Saa95abfbbeb841f3bdbe8815eb58dd6bM.webp","contentUrl":"https:\/\/encontreportugal.pt\/wp-content\/uploads\/2025\/06\/kf-Saa95abfbbeb841f3bdbe8815eb58dd6bM.webp","width":2000,"height":2000},{"@type":"BreadcrumbList","@id":"https:\/\/encontreportugal.pt\/loja\/tshirts\/camiseta-funchal-portugal-manga-longa-ou-curta-viagem-ilha\/#breadcrumb","itemListElement":[{"@type":"ListItem","position":1,"name":"In\u00edcio","item":"https:\/\/encontreportugal.pt\/zh\/"},{"@type":"ListItem","position":2,"name":"Loja","item":"https:\/\/encontreportugal.pt\/loja\/"},{"@type":"ListItem","position":3,"name":"Camiseta Funchal Portugal \u2014 Manga Longa ou Curta, Viagem Ilha"}]},{"@type":"WebSite","@id":"https:\/\/encontreportugal.pt\/zh\/#website","url":"https:\/\/encontreportugal.pt\/zh\/","name":"Buscar Portugal","description":"O maior Portal de dicas ao imigrante brasileiro em Portugal.","publisher":{"@id":"https:\/\/encontreportugal.pt\/zh\/#organization"},"potentialAction":[{"@type":"SearchAction","target":{"@type":"EntryPoint","urlTemplate":"https:\/\/encontreportugal.pt\/zh\/?s={search_term_string}"},"query-input":{"@type":"PropertyValueSpecification","valueRequired":true,"valueName":"search_term_string"}}],"inLanguage":"es"},{"@type":"Organization","@id":"https:\/\/encontreportugal.pt\/zh\/#organization","name":"Buscar Portugal","url":"https:\/\/encontreportugal.pt\/zh\/","logo":{"@type":"ImageObject","inLanguage":"es","@id":"https:\/\/encontreportugal.pt\/zh\/#\/schema\/logo\/image\/","url":"https:\/\/encontreportugal.pt\/wp-content\/uploads\/2024\/04\/cropped-logo-encontre-portugal.png","contentUrl":"https:\/\/encontreportugal.pt\/wp-content\/uploads\/2024\/04\/cropped-logo-encontre-portugal.png","width":500,"height":165,"caption":"Encontre Portugal"},"image":{"@id":"https:\/\/encontreportugal.pt\/zh\/#\/schema\/logo\/image\/"}}]}},"_links":{"self":[{"href":"https:\/\/encontreportugal.pt\/es\/wp-json\/wp\/v2\/product\/16713","targetHints":{"allow":["GET"]}}],"collection":[{"href":"https:\/\/encontreportugal.pt\/es\/wp-json\/wp\/v2\/product"}],"about":[{"href":"https:\/\/encontreportugal.pt\/es\/wp-json\/wp\/v2\/types\/product"}],"replies":[{"embeddable":true,"href":"https:\/\/encontreportugal.pt\/es\/wp-json\/wp\/v2\/comments?post=16713"}],"wp:featuredmedia":[{"embeddable":true,"href":"https:\/\/encontreportugal.pt\/es\/wp-json\/wp\/v2\/media\/16714"}],"wp:attachment":[{"href":"https:\/\/encontreportugal.pt\/es\/wp-json\/wp\/v2\/media?parent=16713"}],"wp:term":[{"taxonomy":"product_brand","embeddable":true,"href":"https:\/\/encontreportugal.pt\/es\/wp-json\/wp\/v2\/product_brand?post=16713"},{"taxonomy":"product_cat","embeddable":true,"href":"https:\/\/encontreportugal.pt\/es\/wp-json\/wp\/v2\/product_cat?post=16713"},{"taxonomy":"product_tag","embeddable":true,"href":"https:\/\/encontreportugal.pt\/es\/wp-json\/wp\/v2\/product_tag?post=16713"}],"curies":[{"name":"wp","href":"https:\/\/api.w.org\/{rel}","templated":true}]}}