{"id":20924,"date":"2025-09-19T00:16:41","date_gmt":"2025-09-19T00:16:41","guid":{"rendered":"https:\/\/encontreportugal.pt\/loja\/sem categoria\/camiseta-secagem-rapida-plus-size-portugal-topos-esportivos-masculinos\/"},"modified":"2025-09-19T00:17:01","modified_gmt":"2025-09-19T00:17:01","slug":"camiseta-secagem-rapida-plus-size-portugal-topos-esportivos-masculinos","status":"publish","type":"product","link":"https:\/\/encontreportugal.pt\/es\/loja\/tshirts\/camiseta-secagem-rapida-plus-size-portugal-topos-esportivos-masculinos\/","title":{"rendered":"Camiseta Secagem R\u00e1pida Plus Size Portugal | Topos Esportivos Masculinos"},"content":{"rendered":"<div class=\"product-specs-list-container\">\n<ul class=\"product-specs-list util-clearfix\">\n<li class=\"product-prop line-limit-length\"><span\n\t\t\t\t\t\t\t\t\tclass=\"property-title\">Qu\u00edmico Hign-em causa:&nbsp;<\/span><span\n\t\t\t\t\t\t\t\t\tclass=\"property-desc line-limit-length\">Nenhum<\/span>\n\t\t\t\t\t\t<\/li>\n<li class=\"product-prop line-limit-length\"><span\n\t\t\t\t\t\t\t\t\tclass=\"property-title\">Artesanato de Tecelagem:&nbsp;<\/span><span\n\t\t\t\t\t\t\t\t\tclass=\"property-desc line-limit-length\">Malha<\/span>\n\t\t\t\t\t\t<\/li>\n<li class=\"product-prop line-limit-length\"><span\n\t\t\t\t\t\t\t\t\tclass=\"property-title\">Esta\u00e7\u00e3o adequada:&nbsp;<\/span><span\n\t\t\t\t\t\t\t\t\tclass=\"property-desc line-limit-length\">Quatro Esta\u00e7\u00f5es<\/span>\n\t\t\t\t\t\t<\/li>\n<li class=\"product-prop line-limit-length\"><span\n\t\t\t\t\t\t\t\t\tclass=\"property-title\">Applicable Scene:&nbsp;<\/span><span\n\t\t\t\t\t\t\t\t\tclass=\"property-desc line-limit-length\">CASUAL<\/span>\n\t\t\t\t\t\t<\/li>\n<li class=\"product-prop line-limit-length\"><span\n\t\t\t\t\t\t\t\t\tclass=\"property-title\">Lugar de origem:&nbsp;<\/span><span\n\t\t\t\t\t\t\t\t\tclass=\"property-desc line-limit-length\">China (continente)<\/span>\n\t\t\t\t\t\t<\/li>\n<li class=\"product-prop line-limit-length\"><span\n\t\t\t\t\t\t\t\t\tclass=\"property-title\">N\u00famero do modelo:&nbsp;<\/span><span\n\t\t\t\t\t\t\t\t\tclass=\"property-desc line-limit-length\">HOT<\/span>\n\t\t\t\t\t\t<\/li>\n<li class=\"product-prop line-limit-length\"><span\n\t\t\t\t\t\t\t\t\tclass=\"property-title\">Com capuz:&nbsp;<\/span><span\n\t\t\t\t\t\t\t\t\tclass=\"property-desc line-limit-length\">N\u00e3o<\/span>\n\t\t\t\t\t\t<\/li>\n<li class=\"product-prop line-limit-length\"><span\n\t\t\t\t\t\t\t\t\tclass=\"property-title\">Tipo de modelo:&nbsp;<\/span><span\n\t\t\t\t\t\t\t\t\tclass=\"property-desc line-limit-length\">Estampada<\/span>\n\t\t\t\t\t\t<\/li>\n<li class=\"product-prop line-limit-length\"><span\n\t\t\t\t\t\t\t\t\tclass=\"property-title\">Material:&nbsp;<\/span><span\n\t\t\t\t\t\t\t\t\tclass=\"property-desc line-limit-length\">COTTON<\/span>\n\t\t\t\t\t\t<\/li>\n<li class=\"product-prop line-limit-length\"><span\n\t\t\t\t\t\t\t\t\tclass=\"property-title\">Estilo:&nbsp;<\/span><span\n\t\t\t\t\t\t\t\t\tclass=\"property-desc line-limit-length\">Chic<\/span>\n\t\t\t\t\t\t<\/li>\n<li class=\"product-prop line-limit-length\"><span\n\t\t\t\t\t\t\t\t\tclass=\"property-title\">Tipo de Item:&nbsp;<\/span><span\n\t\t\t\t\t\t\t\t\tclass=\"property-desc line-limit-length\">tops<\/span>\n\t\t\t\t\t\t<\/li>\n<li class=\"product-prop line-limit-length\"><span\n\t\t\t\t\t\t\t\t\tclass=\"property-title\">CN:&nbsp;<\/span><span\n\t\t\t\t\t\t\t\t\tclass=\"property-desc line-limit-length\">Fujian<\/span>\n\t\t\t\t\t\t<\/li>\n<li class=\"product-prop line-limit-length\"><span\n\t\t\t\t\t\t\t\t\tclass=\"property-title\">Origem:&nbsp;<\/span><span\n\t\t\t\t\t\t\t\t\tclass=\"property-desc line-limit-length\">CN (Origem)<\/span>\n\t\t\t\t\t\t<\/li>\n<li class=\"product-prop line-limit-length\"><span\n\t\t\t\t\t\t\t\t\tclass=\"property-title\">Sexo:&nbsp;<\/span><span\n\t\t\t\t\t\t\t\t\tclass=\"property-desc line-limit-length\">MEN<\/span>\n\t\t\t\t\t\t<\/li>\n<li class=\"product-prop line-limit-length\"><span\n\t\t\t\t\t\t\t\t\tclass=\"property-title\">Sleeve Length(cm):&nbsp;<\/span><span\n\t\t\t\t\t\t\t\t\tclass=\"property-desc line-limit-length\">Short<\/span>\n\t\t\t\t\t\t<\/li>\n<li class=\"product-prop line-limit-length\"><span\n\t\t\t\t\t\t\t\t\tclass=\"property-title\">Tops Type:&nbsp;<\/span><span\n\t\t\t\t\t\t\t\t\tclass=\"property-desc line-limit-length\">Tees<\/span>\n\t\t\t\t\t\t<\/li>\n<\/ul><\/div>\n<div class=\"detailmodule_html\">\n<div class=\"detail-desc-decorate-richtext\">\n<div class=\"detailmodule_html\">\n<div class=\"detail-desc-decorate-richtext\">\n<div class=\"womenxxs\">\n<div id=\"tl_1\">\n<p style=\"margin:0px;padding:0px;font-size:30px;font-family:&quot;color:#f00;\">Bem vindo a nossa loja!<\/p>\n<p style=\"margin:0px;padding:0px;font-size:20px;color:#f00;\">Informa&ccedil;&otilde;es do produto<\/p>\n<p>Condi&ccedil;&atilde;o: 100% novo<br \/>\n    <br \/>Cor: Como mostrado<br \/>\n    <br \/>Tamanho: SML XL XXL (com tecido el&aacute;stico)<br \/>\n    <br \/>Pacote: Embalado individualmente em saco pl&aacute;stico <\/p>\n<p style=\"margin:0px;padding:0px;font-size:20px;color:#f00;\">Tabela de tamanhos<\/p>\n<p>1 polegada = 2,54 cm<br \/>\n    <br \/>Por favor, escolha seu tamanho com base na tabela abaixo:<br \/>\n    <br \/>(&plusmn;1-2cm difere devido &agrave; medi&ccedil;&atilde;o manual) <\/p>\n<p style=\"margin:0px;padding:0px;font-size:20px;color:#F00;\">NOTA:<\/p>\n<p> <\/p>\n<p style=\"margin:0px;padding:0px;font-size:18px;\">MISMATCH DE COR<\/p>\n<p>As diferen&ccedil;as de cor podem ser causadas por outros motivos, como reflexo de cor no monitor, ilumina&ccedil;&atilde;o, fundo, etc. No entanto, se voc&ecirc; acredita que o item recebido est&aacute; na cor errada, entre em contato conosco para ver se uma devolu&ccedil;&atilde;o ou reembolso &eacute; poss&iacute;vel. <\/p>\n<p style=\"margin:0px;padding:0px;font-size:18px;\">PROBLEMAS ADEQUADAS<\/p>\n<p>1.Os tamanhos s&atilde;o ilustrados com medidas espec&iacute;ficas nas especifica&ccedil;&otilde;es detalhadas.Por favor, verifique as especifica&ccedil;&otilde;es antes de fazer um pedido.Normalmente as diferen&ccedil;as permitidas no tamanho s&atilde;o de aproximadamente 1-3cm de medi&ccedil;&atilde;o, por favor, n&atilde;o nos d&ecirc; uma cr&iacute;tica negativa.<br \/>\n    <br \/>2. se voc&ecirc; tiver algum problema com o produto, entre em contato conosco diretamente.<br \/>\n    \n   <\/div>\n<p>\n   <img  title=\"\"  alt=\"S4c525116c3db4019953d1dab60c1cf09I Camiseta Secagem R\u00e1pida Plus Size Portugal | Topos Esportivos Masculinos\" decoding=\"async\" src=\"https:\/\/ae01.alicdn.com\/kf\/S4c525116c3db4019953d1dab60c1cf09I.jpg\" data-src=\"https:\/\/ae01.alicdn.com\/kf\/S4c525116c3db4019953d1dab60c1cf09I.jpg\" \/><\/p>\n<p>   <img  title=\"\"  alt=\"Sdc66cfb0262b4e239c7790a118a7317eX Camiseta Secagem R\u00e1pida Plus Size Portugal | Topos Esportivos Masculinos\" decoding=\"async\" src=\"https:\/\/ae01.alicdn.com\/kf\/Sdc66cfb0262b4e239c7790a118a7317eX.jpg\" data-src=\"https:\/\/ae01.alicdn.com\/kf\/Sdc66cfb0262b4e239c7790a118a7317eX.jpg\" \/><\/p>\n<p>   <img  title=\"\"  alt=\"S4c776b11b5de48d88de73fd93e149996G Camiseta Secagem R\u00e1pida Plus Size Portugal | Topos Esportivos Masculinos\" decoding=\"async\" src=\"https:\/\/ae01.alicdn.com\/kf\/S4c776b11b5de48d88de73fd93e149996G.jpg\" data-src=\"https:\/\/ae01.alicdn.com\/kf\/S4c776b11b5de48d88de73fd93e149996G.jpg\" \/><\/p>\n<p>   <img  title=\"\"  alt=\"S124dbb28f13846fab408a86586f94080G Camiseta Secagem R\u00e1pida Plus Size Portugal | Topos Esportivos Masculinos\" decoding=\"async\" src=\"https:\/\/ae01.alicdn.com\/kf\/S124dbb28f13846fab408a86586f94080G.jpg\" data-src=\"https:\/\/ae01.alicdn.com\/kf\/S124dbb28f13846fab408a86586f94080G.jpg\" \/><\/p>\n<p>   <img  title=\"\"  alt=\"S46c3cc4a33cd4e40a5b469461e9b2bbaB Camiseta Secagem R\u00e1pida Plus Size Portugal | Topos Esportivos Masculinos\" decoding=\"async\" src=\"https:\/\/ae01.alicdn.com\/kf\/S46c3cc4a33cd4e40a5b469461e9b2bbaB.jpg\" data-src=\"https:\/\/ae01.alicdn.com\/kf\/S46c3cc4a33cd4e40a5b469461e9b2bbaB.jpg\" \/><\/p>\n<p>   <img  title=\"\"  alt=\"S3e6440e787234c6c9dc2b8088df2bfa7n Camiseta Secagem R\u00e1pida Plus Size Portugal | Topos Esportivos Masculinos\" decoding=\"async\" src=\"https:\/\/ae01.alicdn.com\/kf\/S3e6440e787234c6c9dc2b8088df2bfa7n.jpg\" data-src=\"https:\/\/ae01.alicdn.com\/kf\/S3e6440e787234c6c9dc2b8088df2bfa7n.jpg\" \/><\/p>\n<p>   <img  title=\"\"  alt=\"S4826c530f1a749628eeba7978e374659t Camiseta Secagem R\u00e1pida Plus Size Portugal | Topos Esportivos Masculinos\" decoding=\"async\" src=\"https:\/\/ae01.alicdn.com\/kf\/S4826c530f1a749628eeba7978e374659t.jpg\" data-src=\"https:\/\/ae01.alicdn.com\/kf\/S4826c530f1a749628eeba7978e374659t.jpg\" \/><\/p>\n<p>   <img  title=\"\"  alt=\"Sd300eb87055942208c8e45b37ccdc45az Camiseta Secagem R\u00e1pida Plus Size Portugal | Topos Esportivos Masculinos\" decoding=\"async\" src=\"https:\/\/ae01.alicdn.com\/kf\/Sd300eb87055942208c8e45b37ccdc45az.jpg\" data-src=\"https:\/\/ae01.alicdn.com\/kf\/Sd300eb87055942208c8e45b37ccdc45az.jpg\" \/><\/p>\n<p>   <img  title=\"\"  alt=\"S9e78694e034b4a779b45f7757f406126Q Camiseta Secagem R\u00e1pida Plus Size Portugal | Topos Esportivos Masculinos\" decoding=\"async\" src=\"https:\/\/ae01.alicdn.com\/kf\/S9e78694e034b4a779b45f7757f406126Q.jpg\" data-src=\"https:\/\/ae01.alicdn.com\/kf\/S9e78694e034b4a779b45f7757f406126Q.jpg\" \/><\/p>\n<p>   <img  title=\"\"  alt=\"S1c4ab0a28b01411697e62ce4762c53926 Camiseta Secagem R\u00e1pida Plus Size Portugal | Topos Esportivos Masculinos\" decoding=\"async\" src=\"https:\/\/ae01.alicdn.com\/kf\/S1c4ab0a28b01411697e62ce4762c53926.jpg\" data-src=\"https:\/\/ae01.alicdn.com\/kf\/S1c4ab0a28b01411697e62ce4762c53926.jpg\" \/><\/p>\n<p>   <img  title=\"\"  alt=\"S79e5b9975d934f95900dabf4a73b5928c Camiseta Secagem R\u00e1pida Plus Size Portugal | Topos Esportivos Masculinos\" decoding=\"async\" src=\"https:\/\/ae01.alicdn.com\/kf\/S79e5b9975d934f95900dabf4a73b5928c.jpg\" data-src=\"https:\/\/ae01.alicdn.com\/kf\/S79e5b9975d934f95900dabf4a73b5928c.jpg\" \/><\/p><\/div>\n<\/p><\/div>\n<\/div>\n<\/div>\n<\/div>","protected":false},"excerpt":{"rendered":"<p>Qu\u00edmico Hign-em causa:&nbsp;Nenhum Artesanato de Tecelagem:&nbsp;Malha Esta\u00e7\u00e3o adequada:&nbsp;Quatro Esta\u00e7\u00f5es Applicable Scene:&nbsp;CASUAL Lugar de origem:&nbsp;China (continente) N\u00famero do modelo:&nbsp;HOT Com capuz:&nbsp;N\u00e3o Tipo de modelo:&nbsp;Estampada Material:&nbsp;COTTON Estilo:&nbsp;Chic Tipo de Item:&nbsp;tops CN:&nbsp;Fujian Origem:&nbsp;CN (Origem) Sexo:&nbsp;MEN Sleeve Length(cm):&nbsp;Short Tops Type:&nbsp;Tees Bem vindo a nossa loja! Informa&ccedil;&otilde;es do produto Condi&ccedil;&atilde;o: 100% novo Cor: Como mostrado Tamanho: SML XL XXL (com [&hellip;]<\/p>\n","protected":false},"featured_media":20925,"comment_status":"open","ping_status":"closed","template":"","meta":[],"product_brand":[],"product_cat":[730],"product_tag":[],"class_list":{"0":"post-20924","1":"product","2":"type-product","3":"status-publish","4":"has-post-thumbnail","6":"product_cat-tshirts","8":"first","9":"instock","10":"shipping-taxable","11":"purchasable","12":"product-type-variable"},"acf":[],"yoast_head":"<!-- This site is optimized with the Yoast SEO plugin v27.5 - https:\/\/yoast.com\/product\/yoast-seo-wordpress\/ -->\n<title>Camiseta Secagem R\u00e1pida Plus Size Portugal | Topos Esportivos Masculinos - Encontre Portugal<\/title>\n<meta name=\"robots\" content=\"index, follow, max-snippet:-1, max-image-preview:large, max-video-preview:-1\" \/>\n<link rel=\"canonical\" href=\"https:\/\/encontreportugal.pt\/es\/loja\/tshirts\/camiseta-secagem-rapida-plus-size-portugal-topos-esportivos-masculinos\/\" \/>\n<meta property=\"og:locale\" content=\"es_ES\" \/>\n<meta property=\"og:type\" content=\"article\" \/>\n<meta property=\"og:title\" content=\"Camiseta Secagem R\u00e1pida Plus Size Portugal | Topos Esportivos Masculinos - Encontre Portugal\" \/>\n<meta property=\"og:url\" content=\"https:\/\/encontreportugal.pt\/es\/loja\/tshirts\/camiseta-secagem-rapida-plus-size-portugal-topos-esportivos-masculinos\/\" \/>\n<meta property=\"og:site_name\" content=\"Encontre Portugal\" \/>\n<meta property=\"article:modified_time\" content=\"2025-09-19T00:17:01+00:00\" \/>\n<meta property=\"og:image\" content=\"https:\/\/encontreportugal.pt\/wp-content\/uploads\/2025\/09\/kf-S6182adc95fcb41f884c5e6a2dfc797adO.webp\" \/>\n\t<meta property=\"og:image:width\" content=\"1200\" \/>\n\t<meta property=\"og:image:height\" content=\"1200\" \/>\n\t<meta property=\"og:image:type\" content=\"image\/webp\" \/>\n<meta name=\"twitter:card\" content=\"summary_large_image\" \/>\n<meta name=\"twitter:label1\" content=\"Tiempo de lectura\" \/>\n\t<meta name=\"twitter:data1\" content=\"1 minuto\" \/>\n<script type=\"application\/ld+json\" class=\"yoast-schema-graph\">{\"@context\":\"https:\\\/\\\/schema.org\",\"@graph\":[{\"@type\":\"WebPage\",\"@id\":\"https:\\\/\\\/encontreportugal.pt\\\/es\\\/loja\\\/tshirts\\\/camiseta-secagem-rapida-plus-size-portugal-topos-esportivos-masculinos\\\/\",\"url\":\"https:\\\/\\\/encontreportugal.pt\\\/es\\\/loja\\\/tshirts\\\/camiseta-secagem-rapida-plus-size-portugal-topos-esportivos-masculinos\\\/\",\"name\":\"Camiseta Secagem R\u00e1pida Plus Size Portugal | Topos Esportivos Masculinos - Encontre Portugal\",\"isPartOf\":{\"@id\":\"https:\\\/\\\/encontreportugal.pt\\\/zh\\\/#website\"},\"primaryImageOfPage\":{\"@id\":\"https:\\\/\\\/encontreportugal.pt\\\/es\\\/loja\\\/tshirts\\\/camiseta-secagem-rapida-plus-size-portugal-topos-esportivos-masculinos\\\/#primaryimage\"},\"image\":{\"@id\":\"https:\\\/\\\/encontreportugal.pt\\\/es\\\/loja\\\/tshirts\\\/camiseta-secagem-rapida-plus-size-portugal-topos-esportivos-masculinos\\\/#primaryimage\"},\"thumbnailUrl\":\"https:\\\/\\\/encontreportugal.pt\\\/wp-content\\\/uploads\\\/2025\\\/09\\\/kf-S6182adc95fcb41f884c5e6a2dfc797adO.webp\",\"datePublished\":\"2025-09-19T00:16:41+00:00\",\"dateModified\":\"2025-09-19T00:17:01+00:00\",\"breadcrumb\":{\"@id\":\"https:\\\/\\\/encontreportugal.pt\\\/es\\\/loja\\\/tshirts\\\/camiseta-secagem-rapida-plus-size-portugal-topos-esportivos-masculinos\\\/#breadcrumb\"},\"inLanguage\":\"es\",\"potentialAction\":[{\"@type\":\"ReadAction\",\"target\":[\"https:\\\/\\\/encontreportugal.pt\\\/es\\\/loja\\\/tshirts\\\/camiseta-secagem-rapida-plus-size-portugal-topos-esportivos-masculinos\\\/\"]}]},{\"@type\":\"ImageObject\",\"inLanguage\":\"es\",\"@id\":\"https:\\\/\\\/encontreportugal.pt\\\/es\\\/loja\\\/tshirts\\\/camiseta-secagem-rapida-plus-size-portugal-topos-esportivos-masculinos\\\/#primaryimage\",\"url\":\"https:\\\/\\\/encontreportugal.pt\\\/wp-content\\\/uploads\\\/2025\\\/09\\\/kf-S6182adc95fcb41f884c5e6a2dfc797adO.webp\",\"contentUrl\":\"https:\\\/\\\/encontreportugal.pt\\\/wp-content\\\/uploads\\\/2025\\\/09\\\/kf-S6182adc95fcb41f884c5e6a2dfc797adO.webp\",\"width\":1200,\"height\":1200},{\"@type\":\"BreadcrumbList\",\"@id\":\"https:\\\/\\\/encontreportugal.pt\\\/es\\\/loja\\\/tshirts\\\/camiseta-secagem-rapida-plus-size-portugal-topos-esportivos-masculinos\\\/#breadcrumb\",\"itemListElement\":[{\"@type\":\"ListItem\",\"position\":1,\"name\":\"In\u00edcio\",\"item\":\"https:\\\/\\\/encontreportugal.pt\\\/zh\\\/\"},{\"@type\":\"ListItem\",\"position\":2,\"name\":\"Loja\",\"item\":\"https:\\\/\\\/encontreportugal.pt\\\/loja\\\/\"},{\"@type\":\"ListItem\",\"position\":3,\"name\":\"Camiseta Secagem R\u00e1pida Plus Size Portugal | Topos Esportivos Masculinos\"}]},{\"@type\":\"WebSite\",\"@id\":\"https:\\\/\\\/encontreportugal.pt\\\/zh\\\/#website\",\"url\":\"https:\\\/\\\/encontreportugal.pt\\\/zh\\\/\",\"name\":\"Encontre Portugal\",\"description\":\"O maior Portal de dicas ao imigrante brasileiro em Portugal.\",\"publisher\":{\"@id\":\"https:\\\/\\\/encontreportugal.pt\\\/zh\\\/#organization\"},\"potentialAction\":[{\"@type\":\"SearchAction\",\"target\":{\"@type\":\"EntryPoint\",\"urlTemplate\":\"https:\\\/\\\/encontreportugal.pt\\\/zh\\\/?s={search_term_string}\"},\"query-input\":{\"@type\":\"PropertyValueSpecification\",\"valueRequired\":true,\"valueName\":\"search_term_string\"}}],\"inLanguage\":\"es\"},{\"@type\":\"Organization\",\"@id\":\"https:\\\/\\\/encontreportugal.pt\\\/zh\\\/#organization\",\"name\":\"Encontre Portugal\",\"url\":\"https:\\\/\\\/encontreportugal.pt\\\/zh\\\/\",\"logo\":{\"@type\":\"ImageObject\",\"inLanguage\":\"es\",\"@id\":\"https:\\\/\\\/encontreportugal.pt\\\/zh\\\/#\\\/schema\\\/logo\\\/image\\\/\",\"url\":\"https:\\\/\\\/encontreportugal.pt\\\/wp-content\\\/uploads\\\/2024\\\/04\\\/cropped-logo-encontre-portugal.png\",\"contentUrl\":\"https:\\\/\\\/encontreportugal.pt\\\/wp-content\\\/uploads\\\/2024\\\/04\\\/cropped-logo-encontre-portugal.png\",\"width\":500,\"height\":165,\"caption\":\"Encontre Portugal\"},\"image\":{\"@id\":\"https:\\\/\\\/encontreportugal.pt\\\/zh\\\/#\\\/schema\\\/logo\\\/image\\\/\"}}]}<\/script>\n<!-- \/ Yoast SEO plugin. -->","yoast_head_json":{"title":"Camiseta Secagem R\u00e1pida Plus Size Portugal | Topos Esportivos Masculinos - Encontre Portugal","robots":{"index":"index","follow":"follow","max-snippet":"max-snippet:-1","max-image-preview":"max-image-preview:large","max-video-preview":"max-video-preview:-1"},"canonical":"https:\/\/encontreportugal.pt\/es\/loja\/tshirts\/camiseta-secagem-rapida-plus-size-portugal-topos-esportivos-masculinos\/","og_locale":"es_ES","og_type":"article","og_title":"Camiseta Secagem R\u00e1pida Plus Size Portugal | Topos Esportivos Masculinos - Encontre Portugal","og_url":"https:\/\/encontreportugal.pt\/es\/loja\/tshirts\/camiseta-secagem-rapida-plus-size-portugal-topos-esportivos-masculinos\/","og_site_name":"Encontre Portugal","article_modified_time":"2025-09-19T00:17:01+00:00","og_image":[{"width":1200,"height":1200,"url":"https:\/\/encontreportugal.pt\/wp-content\/uploads\/2025\/09\/kf-S6182adc95fcb41f884c5e6a2dfc797adO.webp","type":"image\/webp"}],"twitter_card":"summary_large_image","twitter_misc":{"Tiempo de lectura":"1 minuto"},"schema":{"@context":"https:\/\/schema.org","@graph":[{"@type":"WebPage","@id":"https:\/\/encontreportugal.pt\/es\/loja\/tshirts\/camiseta-secagem-rapida-plus-size-portugal-topos-esportivos-masculinos\/","url":"https:\/\/encontreportugal.pt\/es\/loja\/tshirts\/camiseta-secagem-rapida-plus-size-portugal-topos-esportivos-masculinos\/","name":"Camiseta Secagem R\u00e1pida Plus Size Portugal | Topos Esportivos Masculinos - Encontre Portugal","isPartOf":{"@id":"https:\/\/encontreportugal.pt\/zh\/#website"},"primaryImageOfPage":{"@id":"https:\/\/encontreportugal.pt\/es\/loja\/tshirts\/camiseta-secagem-rapida-plus-size-portugal-topos-esportivos-masculinos\/#primaryimage"},"image":{"@id":"https:\/\/encontreportugal.pt\/es\/loja\/tshirts\/camiseta-secagem-rapida-plus-size-portugal-topos-esportivos-masculinos\/#primaryimage"},"thumbnailUrl":"https:\/\/encontreportugal.pt\/wp-content\/uploads\/2025\/09\/kf-S6182adc95fcb41f884c5e6a2dfc797adO.webp","datePublished":"2025-09-19T00:16:41+00:00","dateModified":"2025-09-19T00:17:01+00:00","breadcrumb":{"@id":"https:\/\/encontreportugal.pt\/es\/loja\/tshirts\/camiseta-secagem-rapida-plus-size-portugal-topos-esportivos-masculinos\/#breadcrumb"},"inLanguage":"es","potentialAction":[{"@type":"ReadAction","target":["https:\/\/encontreportugal.pt\/es\/loja\/tshirts\/camiseta-secagem-rapida-plus-size-portugal-topos-esportivos-masculinos\/"]}]},{"@type":"ImageObject","inLanguage":"es","@id":"https:\/\/encontreportugal.pt\/es\/loja\/tshirts\/camiseta-secagem-rapida-plus-size-portugal-topos-esportivos-masculinos\/#primaryimage","url":"https:\/\/encontreportugal.pt\/wp-content\/uploads\/2025\/09\/kf-S6182adc95fcb41f884c5e6a2dfc797adO.webp","contentUrl":"https:\/\/encontreportugal.pt\/wp-content\/uploads\/2025\/09\/kf-S6182adc95fcb41f884c5e6a2dfc797adO.webp","width":1200,"height":1200},{"@type":"BreadcrumbList","@id":"https:\/\/encontreportugal.pt\/es\/loja\/tshirts\/camiseta-secagem-rapida-plus-size-portugal-topos-esportivos-masculinos\/#breadcrumb","itemListElement":[{"@type":"ListItem","position":1,"name":"In\u00edcio","item":"https:\/\/encontreportugal.pt\/zh\/"},{"@type":"ListItem","position":2,"name":"Loja","item":"https:\/\/encontreportugal.pt\/loja\/"},{"@type":"ListItem","position":3,"name":"Camiseta Secagem R\u00e1pida Plus Size Portugal | Topos Esportivos Masculinos"}]},{"@type":"WebSite","@id":"https:\/\/encontreportugal.pt\/zh\/#website","url":"https:\/\/encontreportugal.pt\/zh\/","name":"Buscar Portugal","description":"O maior Portal de dicas ao imigrante brasileiro em Portugal.","publisher":{"@id":"https:\/\/encontreportugal.pt\/zh\/#organization"},"potentialAction":[{"@type":"SearchAction","target":{"@type":"EntryPoint","urlTemplate":"https:\/\/encontreportugal.pt\/zh\/?s={search_term_string}"},"query-input":{"@type":"PropertyValueSpecification","valueRequired":true,"valueName":"search_term_string"}}],"inLanguage":"es"},{"@type":"Organization","@id":"https:\/\/encontreportugal.pt\/zh\/#organization","name":"Buscar Portugal","url":"https:\/\/encontreportugal.pt\/zh\/","logo":{"@type":"ImageObject","inLanguage":"es","@id":"https:\/\/encontreportugal.pt\/zh\/#\/schema\/logo\/image\/","url":"https:\/\/encontreportugal.pt\/wp-content\/uploads\/2024\/04\/cropped-logo-encontre-portugal.png","contentUrl":"https:\/\/encontreportugal.pt\/wp-content\/uploads\/2024\/04\/cropped-logo-encontre-portugal.png","width":500,"height":165,"caption":"Encontre Portugal"},"image":{"@id":"https:\/\/encontreportugal.pt\/zh\/#\/schema\/logo\/image\/"}}]}},"_links":{"self":[{"href":"https:\/\/encontreportugal.pt\/es\/wp-json\/wp\/v2\/product\/20924","targetHints":{"allow":["GET"]}}],"collection":[{"href":"https:\/\/encontreportugal.pt\/es\/wp-json\/wp\/v2\/product"}],"about":[{"href":"https:\/\/encontreportugal.pt\/es\/wp-json\/wp\/v2\/types\/product"}],"replies":[{"embeddable":true,"href":"https:\/\/encontreportugal.pt\/es\/wp-json\/wp\/v2\/comments?post=20924"}],"wp:featuredmedia":[{"embeddable":true,"href":"https:\/\/encontreportugal.pt\/es\/wp-json\/wp\/v2\/media\/20925"}],"wp:attachment":[{"href":"https:\/\/encontreportugal.pt\/es\/wp-json\/wp\/v2\/media?parent=20924"}],"wp:term":[{"taxonomy":"product_brand","embeddable":true,"href":"https:\/\/encontreportugal.pt\/es\/wp-json\/wp\/v2\/product_brand?post=20924"},{"taxonomy":"product_cat","embeddable":true,"href":"https:\/\/encontreportugal.pt\/es\/wp-json\/wp\/v2\/product_cat?post=20924"},{"taxonomy":"product_tag","embeddable":true,"href":"https:\/\/encontreportugal.pt\/es\/wp-json\/wp\/v2\/product_tag?post=20924"}],"curies":[{"name":"wp","href":"https:\/\/api.w.org\/{rel}","templated":true}]}}