{"id":15976,"date":"2025-06-09T22:14:16","date_gmt":"2025-06-09T22:14:16","guid":{"rendered":"https:\/\/encontreportugal.pt\/loja\/sem%20categoria\/broche-esmaltado-bandeira-portugal-lapela-masculino-feminino-moda-presente\/"},"modified":"2025-06-09T22:16:25","modified_gmt":"2025-06-09T22:16:25","slug":"broche-esmaltado-bandeira-portugal-lapela-masculino-feminino-moda-presente","status":"publish","type":"product","link":"https:\/\/encontreportugal.pt\/zh\/loja\/souvenirs\/broche-esmaltado-bandeira-portugal-lapela-masculino-feminino-moda-presente\/","title":{"rendered":"Broche Esmaltado Bandeira Portugal \u2014 Lapela Masculino\/Feminino, Moda Presente"},"content":{"rendered":"<div class=\"product-specs-list-container\">\n<p data-start=\"166\" data-end=\"485\">Demonstre o seu orgulho portugu\u00eas com este elegante <strong data-start=\"218\" data-end=\"275\">broche de lapela esmaltado com a bandeira de Portugal<\/strong>. Fabricado em metal resistente e com acabamento moderno, este pin multicolorido \u00e9 perfeito para homens e mulheres, podendo ser usado em roupas, gravatas, fatos, chap\u00e9us ou at\u00e9 mesmo na bagagem durante viagens.<\/p>\n<p data-start=\"487\" data-end=\"686\">Este acess\u00f3rio patri\u00f3tico destaca-se pelo seu design europeu e detalhes de alta qualidade, tornando-se uma lembran\u00e7a especial ou um presente ideal para quem aprecia moda, cultura e tradi\u00e7\u00e3o nacional.<\/p>\n<p data-start=\"688\" data-end=\"708\"><strong data-start=\"688\" data-end=\"708\">Caracter\u00edsticas:<\/strong><\/p>\n<ul data-start=\"709\" data-end=\"955\">\n<li data-start=\"709\" data-end=\"736\">\n<p data-start=\"711\" data-end=\"736\">Material: Metal esmaltado<\/p>\n<\/li>\n<li data-start=\"737\" data-end=\"761\">\n<p data-start=\"739\" data-end=\"761\">Tamanho: 1,8 cm x 2 cm<\/p>\n<\/li>\n<li data-start=\"762\" data-end=\"791\">\n<p data-start=\"764\" data-end=\"791\">Estilo: Moderno, patri\u00f3tico<\/p>\n<\/li>\n<li data-start=\"792\" data-end=\"826\">\n<p data-start=\"794\" data-end=\"826\">Tema: Portugal, orgulho nacional<\/p>\n<\/li>\n<li data-start=\"827\" data-end=\"887\">\n<p data-start=\"829\" data-end=\"887\">Utiliza\u00e7\u00e3o: Roupa, gravata, fato, viagem, eventos oficiais<\/p>\n<\/li>\n<li data-start=\"888\" data-end=\"939\">\n<p data-start=\"890\" data-end=\"939\">Embalagem: Cada broche vai em saco OPP individual<\/p>\n<\/li>\n<li data-start=\"940\" data-end=\"955\">\n<p data-start=\"942\" data-end=\"955\">Origem: China<\/p>\n<\/li>\n<\/ul>\n<p data-start=\"957\" data-end=\"1101\"><strong data-start=\"957\" data-end=\"982\">Sugest\u00e3o de presente:<\/strong> Perfeito para colecionadores, amigos, familiares ou para usar em ocasi\u00f5es especiais e mostrar o seu amor por Portugal.<\/p>\n<\/div>\n<div class=\"detailmodule_html\">\n<div class=\"detail-desc-decorate-richtext\">\n<div class=\"detailmodule_html\">\n<div class=\"detail-desc-decorate-richtext\">\n<div style=\"margin: 10px auto 0px auto; display: inline-block; max-width: 100%;\">\n<div><\/div>\n<\/div>\n<p><img  title=\"\"  alt=\"S24ec15a3e9014b44a2d33ad8f7c513de0 Broche Esmaltado Bandeira Portugal \u2014 Lapela Masculino\/Feminino, Moda Presente\" decoding=\"async\" src=\"https:\/\/ae01.alicdn.com\/kf\/S24ec15a3e9014b44a2d33ad8f7c513de0.png\" \/><\/p>\n<div><\/div>\n<p><span style=\"font-size: 20px;\">Padrilho bandeira esmalte pino crach\u00e1 lapela broche de metal lembran\u00e7a chap\u00e9u das mulheres dos homens patri\u00f3ticos portugu\u00eas moda presente<\/span><\/p>\n<div>\n<div>\n<div style=\"font-family: arial, helvetica, sans-serif; font-size: 13px; text-align: center; color: #000000; box-sizing: content-box;\" align=\"center\"><\/div>\n<div style=\"font-family: arial, helvetica, sans-serif; font-size: 13px; color: #000000; box-sizing: content-box;\"><span style=\"font-size: 16px;\">Condi\u00e7\u00e3o: 100% novo de alta qualidade<\/span><\/div>\n<div style=\"font-family: arial, helvetica, sans-serif; font-size: 13px; color: #000000; box-sizing: content-box;\"><span style=\"font-size: 16px;\">Material:<\/span><span style=\"font-size: 16px;\"><span style=\"color: #333333;\">Liga de zinco<\/span><\/span><\/div>\n<div style=\"font-family: arial, helvetica, sans-serif; font-size: 13px; color: #000000; box-sizing: content-box;\"><span style=\"font-size: 16px;\">Projeto:<\/span><span style=\"font-size: 16px;\"><span style=\"color: #333333;\">Broche de crach\u00e1 chapeado<\/span><\/span><\/div>\n<div style=\"font-family: arial, helvetica, sans-serif; font-size: 13px; box-sizing: content-box;\"><span style=\"font-size: 16px;\">Tema: Portugal<\/span><span style=\"font-size: 16px;\"><span style=\"color: #333333;\">Alfinete de lapela de bandeira<\/span><\/span><\/div>\n<div style=\"font-family: arial, helvetica, sans-serif; font-size: 13px; color: #000000; box-sizing: content-box;\"><span style=\"font-size: 16px;\">Tamanho do pino:<\/span><span style=\"font-size: 16px;\"><span style=\"color: #333333;\">1,8*2,0 cm (0,71&#8243;*0,79&#8243;)<\/span><\/span><\/div>\n<div style=\"font-family: arial, helvetica, sans-serif; font-size: 13px; color: #000000; box-sizing: content-box;\"><span style=\"font-size: 16px;\">Peso do pino:<\/span><span style=\"font-size: 16px;\">S<\/span><span style=\"font-size: 16px;\"><span style=\"color: #333333;\">ubjeto para a condi\u00e7\u00e3o real<\/span><\/span><\/div>\n<div style=\"font-family: arial, helvetica, sans-serif; font-size: 13px; color: #000000; box-sizing: content-box;\"><span style=\"font-size: 16px;\">Uso do produto:<\/span><span style=\"font-size: 16px;\"><span style=\"color: #333333;\">Exposi\u00e7\u00e3o Nacional Mundial\/Broche de S\u00edmbolo de Festival Importante\/Grandes Ele\u00e7\u00f5es e Campaignas\/Decora\u00e7\u00e3o de Roupas para Casa Decora\u00e7\u00e3o de Festa<\/span><\/span><\/div>\n<div style=\"font-family: arial, helvetica, sans-serif; font-size: 13px; color: #000000; box-sizing: content-box;\"><span style=\"font-size: 16px;\">\u8bf7\u6ce8\u610f\uff1a<\/span><span style=\"font-size: 16px;\"><span style=\"color: #333333;\">O produto pode ser usado em joias, roupas, sapatos, bolsas, gravatas, len\u00e7os, chap\u00e9us, mochilas e outros itens decorativos, facilitando o uso e a desmontagem.<\/span><\/span><\/div>\n<\/div>\n<\/div>\n<div style=\"font-family: 'Open Sans', Arial, Helvetica, sans-serif, Heiti; font-size: 14px; font-weight: 400; letter-spacing: normal; text-align: start; white-space: normal; color: #000000; margin: 0px; padding: 0px; box-sizing: content-box;\" align=\"start\"><img  title=\"\"  alt=\"S078a90a6b885422f9e04d174d1e649cdR Broche Esmaltado Bandeira Portugal \u2014 Lapela Masculino\/Feminino, Moda Presente\" decoding=\"async\" src=\"https:\/\/ae01.alicdn.com\/kf\/S078a90a6b885422f9e04d174d1e649cdR.png\" \/><img  title=\"\"  alt=\"S24b034e28aa94a71b08806d37a404f04K Broche Esmaltado Bandeira Portugal \u2014 Lapela Masculino\/Feminino, Moda Presente\" decoding=\"async\" src=\"https:\/\/ae01.alicdn.com\/kf\/S24b034e28aa94a71b08806d37a404f04K.jpg\" \/><img  title=\"\"  alt=\"S35dd7c825b0b4749bf915b5e58dc347eo Broche Esmaltado Bandeira Portugal \u2014 Lapela Masculino\/Feminino, Moda Presente\" decoding=\"async\" src=\"https:\/\/ae01.alicdn.com\/kf\/S35dd7c825b0b4749bf915b5e58dc347eo.jpg\" \/><img  title=\"\"  alt=\"S13fab0f6534646d7bd525b0a935bd94dJ Broche Esmaltado Bandeira Portugal \u2014 Lapela Masculino\/Feminino, Moda Presente\" decoding=\"async\" src=\"https:\/\/ae01.alicdn.com\/kf\/S13fab0f6534646d7bd525b0a935bd94dJ.jpg\" \/><img  title=\"\"  alt=\"Se516af034fa7464195b15fb1fdb11b113 Broche Esmaltado Bandeira Portugal \u2014 Lapela Masculino\/Feminino, Moda Presente\" decoding=\"async\" src=\"https:\/\/ae01.alicdn.com\/kf\/Se516af034fa7464195b15fb1fdb11b113.jpg\" \/><img  title=\"\"  alt=\"S21b2fe75e9c54cedbf25f1f6852b667eG Broche Esmaltado Bandeira Portugal \u2014 Lapela Masculino\/Feminino, Moda Presente\" decoding=\"async\" src=\"https:\/\/ae01.alicdn.com\/kf\/S21b2fe75e9c54cedbf25f1f6852b667eG.jpg\" \/><img  title=\"\"  alt=\"S42d29002127b46539315eb2682ac39c5d Broche Esmaltado Bandeira Portugal \u2014 Lapela Masculino\/Feminino, Moda Presente\" decoding=\"async\" src=\"https:\/\/ae01.alicdn.com\/kf\/S42d29002127b46539315eb2682ac39c5d.jpg\" \/><img  title=\"\"  alt=\"S10e0616ff0f44b40a4f42f7ef4a5d34dP Broche Esmaltado Bandeira Portugal \u2014 Lapela Masculino\/Feminino, Moda Presente\" decoding=\"async\" src=\"https:\/\/ae01.alicdn.com\/kf\/S10e0616ff0f44b40a4f42f7ef4a5d34dP.jpg\" \/><img  title=\"\"  alt=\"S09fdbc33bdaf41ee8b0bc8eaf9ecb735K Broche Esmaltado Bandeira Portugal \u2014 Lapela Masculino\/Feminino, Moda Presente\" decoding=\"async\" src=\"https:\/\/ae01.alicdn.com\/kf\/S09fdbc33bdaf41ee8b0bc8eaf9ecb735K.jpg\" \/><img  title=\"\"  alt=\"S7cdde1ce8fb942d3910f03c2acfdb180J Broche Esmaltado Bandeira Portugal \u2014 Lapela Masculino\/Feminino, Moda Presente\" decoding=\"async\" src=\"https:\/\/ae01.alicdn.com\/kf\/S7cdde1ce8fb942d3910f03c2acfdb180J.jpg\" \/><img  title=\"\"  alt=\"S3ef03141ed2949648519420f92ddb407c Broche Esmaltado Bandeira Portugal \u2014 Lapela Masculino\/Feminino, Moda Presente\" decoding=\"async\" src=\"https:\/\/ae01.alicdn.com\/kf\/S3ef03141ed2949648519420f92ddb407c.jpg\" \/><img  title=\"\"  alt=\"S87be68e09ba64ea6975d3338745d1f47j Broche Esmaltado Bandeira Portugal \u2014 Lapela Masculino\/Feminino, Moda Presente\" decoding=\"async\" src=\"https:\/\/ae01.alicdn.com\/kf\/S87be68e09ba64ea6975d3338745d1f47j.jpg\" \/><\/div>\n<\/div>\n<\/div>\n<\/div>\n<\/div>","protected":false},"excerpt":{"rendered":"<p>Demonstre o seu orgulho portugu\u00eas com este elegante broche de lapela esmaltado com a bandeira de Portugal. Fabricado em metal resistente e com acabamento moderno, este pin multicolorido \u00e9 perfeito para homens e mulheres, podendo ser usado em roupas, gravatas, fatos, chap\u00e9us ou at\u00e9 mesmo na bagagem durante viagens. Este acess\u00f3rio patri\u00f3tico destaca-se pelo seu [&hellip;]<\/p>\n","protected":false},"featured_media":15977,"comment_status":"open","ping_status":"closed","template":"","meta":[],"product_brand":[],"product_cat":[729],"product_tag":[],"class_list":{"0":"post-15976","1":"product","2":"type-product","3":"status-publish","4":"has-post-thumbnail","6":"product_cat-souvenirs","8":"first","9":"instock","10":"shipping-taxable","11":"purchasable","12":"product-type-simple"},"acf":[],"yoast_head":"<!-- This site is optimized with the Yoast SEO plugin v27.4 - https:\/\/yoast.com\/product\/yoast-seo-wordpress\/ -->\n<title>Broche Esmaltado Bandeira Portugal \u2014 Lapela Masculino\/Feminino, Moda Presente - Encontre Portugal<\/title>\n<meta name=\"robots\" content=\"index, follow, max-snippet:-1, max-image-preview:large, max-video-preview:-1\" \/>\n<link rel=\"canonical\" href=\"https:\/\/encontreportugal.pt\/zh\/loja\/souvenirs\/broche-esmaltado-bandeira-portugal-lapela-masculino-feminino-moda-presente\/\" \/>\n<meta property=\"og:locale\" content=\"zh_CN\" \/>\n<meta property=\"og:type\" content=\"article\" \/>\n<meta property=\"og:title\" content=\"Broche Esmaltado Bandeira Portugal \u2014 Lapela Masculino\/Feminino, Moda Presente - Encontre Portugal\" \/>\n<meta property=\"og:url\" content=\"https:\/\/encontreportugal.pt\/zh\/loja\/souvenirs\/broche-esmaltado-bandeira-portugal-lapela-masculino-feminino-moda-presente\/\" \/>\n<meta property=\"og:site_name\" content=\"Encontre Portugal\" \/>\n<meta property=\"article:modified_time\" content=\"2025-06-09T22:16:25+00:00\" \/>\n<meta property=\"og:image\" content=\"https:\/\/encontreportugal.pt\/wp-content\/uploads\/2025\/06\/kf-S24b034e28aa94a71b08806d37a404f04K.webp\" \/>\n\t<meta property=\"og:image:width\" content=\"1000\" \/>\n\t<meta property=\"og:image:height\" content=\"1000\" \/>\n\t<meta property=\"og:image:type\" content=\"image\/webp\" \/>\n<meta name=\"twitter:card\" content=\"summary_large_image\" \/>\n<meta name=\"twitter:label1\" content=\"\u9884\u8ba1\u9605\u8bfb\u65f6\u95f4\" \/>\n\t<meta name=\"twitter:data1\" content=\"1 \u5206\" \/>\n<script type=\"application\/ld+json\" class=\"yoast-schema-graph\">{\"@context\":\"https:\\\/\\\/schema.org\",\"@graph\":[{\"@type\":\"WebPage\",\"@id\":\"https:\\\/\\\/encontreportugal.pt\\\/loja\\\/souvenirs\\\/broche-esmaltado-bandeira-portugal-lapela-masculino-feminino-moda-presente\\\/\",\"url\":\"https:\\\/\\\/encontreportugal.pt\\\/loja\\\/souvenirs\\\/broche-esmaltado-bandeira-portugal-lapela-masculino-feminino-moda-presente\\\/\",\"name\":\"Broche Esmaltado Bandeira Portugal \u2014 Lapela Masculino\\\/Feminino, Moda Presente - Encontre Portugal\",\"isPartOf\":{\"@id\":\"https:\\\/\\\/encontreportugal.pt\\\/zh\\\/#website\"},\"primaryImageOfPage\":{\"@id\":\"https:\\\/\\\/encontreportugal.pt\\\/loja\\\/souvenirs\\\/broche-esmaltado-bandeira-portugal-lapela-masculino-feminino-moda-presente\\\/#primaryimage\"},\"image\":{\"@id\":\"https:\\\/\\\/encontreportugal.pt\\\/loja\\\/souvenirs\\\/broche-esmaltado-bandeira-portugal-lapela-masculino-feminino-moda-presente\\\/#primaryimage\"},\"thumbnailUrl\":\"https:\\\/\\\/encontreportugal.pt\\\/wp-content\\\/uploads\\\/2025\\\/06\\\/kf-S24b034e28aa94a71b08806d37a404f04K.webp\",\"datePublished\":\"2025-06-09T22:14:16+00:00\",\"dateModified\":\"2025-06-09T22:16:25+00:00\",\"breadcrumb\":{\"@id\":\"https:\\\/\\\/encontreportugal.pt\\\/loja\\\/souvenirs\\\/broche-esmaltado-bandeira-portugal-lapela-masculino-feminino-moda-presente\\\/#breadcrumb\"},\"inLanguage\":\"zh-Hans\",\"potentialAction\":[{\"@type\":\"ReadAction\",\"target\":[\"https:\\\/\\\/encontreportugal.pt\\\/loja\\\/souvenirs\\\/broche-esmaltado-bandeira-portugal-lapela-masculino-feminino-moda-presente\\\/\"]}]},{\"@type\":\"ImageObject\",\"inLanguage\":\"zh-Hans\",\"@id\":\"https:\\\/\\\/encontreportugal.pt\\\/loja\\\/souvenirs\\\/broche-esmaltado-bandeira-portugal-lapela-masculino-feminino-moda-presente\\\/#primaryimage\",\"url\":\"https:\\\/\\\/encontreportugal.pt\\\/wp-content\\\/uploads\\\/2025\\\/06\\\/kf-S24b034e28aa94a71b08806d37a404f04K.webp\",\"contentUrl\":\"https:\\\/\\\/encontreportugal.pt\\\/wp-content\\\/uploads\\\/2025\\\/06\\\/kf-S24b034e28aa94a71b08806d37a404f04K.webp\",\"width\":1000,\"height\":1000},{\"@type\":\"BreadcrumbList\",\"@id\":\"https:\\\/\\\/encontreportugal.pt\\\/loja\\\/souvenirs\\\/broche-esmaltado-bandeira-portugal-lapela-masculino-feminino-moda-presente\\\/#breadcrumb\",\"itemListElement\":[{\"@type\":\"ListItem\",\"position\":1,\"name\":\"In\u00edcio\",\"item\":\"https:\\\/\\\/encontreportugal.pt\\\/zh\\\/\"},{\"@type\":\"ListItem\",\"position\":2,\"name\":\"Loja\",\"item\":\"https:\\\/\\\/encontreportugal.pt\\\/loja\\\/\"},{\"@type\":\"ListItem\",\"position\":3,\"name\":\"Broche Esmaltado Bandeira Portugal \u2014 Lapela Masculino\\\/Feminino, Moda Presente\"}]},{\"@type\":\"WebSite\",\"@id\":\"https:\\\/\\\/encontreportugal.pt\\\/zh\\\/#website\",\"url\":\"https:\\\/\\\/encontreportugal.pt\\\/zh\\\/\",\"name\":\"Encontre Portugal\",\"description\":\"O maior Portal de dicas ao imigrante brasileiro em Portugal.\",\"publisher\":{\"@id\":\"https:\\\/\\\/encontreportugal.pt\\\/zh\\\/#organization\"},\"potentialAction\":[{\"@type\":\"SearchAction\",\"target\":{\"@type\":\"EntryPoint\",\"urlTemplate\":\"https:\\\/\\\/encontreportugal.pt\\\/zh\\\/?s={search_term_string}\"},\"query-input\":{\"@type\":\"PropertyValueSpecification\",\"valueRequired\":true,\"valueName\":\"search_term_string\"}}],\"inLanguage\":\"zh-Hans\"},{\"@type\":\"Organization\",\"@id\":\"https:\\\/\\\/encontreportugal.pt\\\/zh\\\/#organization\",\"name\":\"Encontre Portugal\",\"url\":\"https:\\\/\\\/encontreportugal.pt\\\/zh\\\/\",\"logo\":{\"@type\":\"ImageObject\",\"inLanguage\":\"zh-Hans\",\"@id\":\"https:\\\/\\\/encontreportugal.pt\\\/zh\\\/#\\\/schema\\\/logo\\\/image\\\/\",\"url\":\"https:\\\/\\\/encontreportugal.pt\\\/wp-content\\\/uploads\\\/2024\\\/04\\\/cropped-logo-encontre-portugal.png\",\"contentUrl\":\"https:\\\/\\\/encontreportugal.pt\\\/wp-content\\\/uploads\\\/2024\\\/04\\\/cropped-logo-encontre-portugal.png\",\"width\":500,\"height\":165,\"caption\":\"Encontre Portugal\"},\"image\":{\"@id\":\"https:\\\/\\\/encontreportugal.pt\\\/zh\\\/#\\\/schema\\\/logo\\\/image\\\/\"}}]}<\/script>\n<!-- \/ Yoast SEO plugin. -->","yoast_head_json":{"title":"Broche Esmaltado Bandeira Portugal \u2014 Lapela Masculino\/Feminino, Moda Presente - Encontre Portugal","robots":{"index":"index","follow":"follow","max-snippet":"max-snippet:-1","max-image-preview":"max-image-preview:large","max-video-preview":"max-video-preview:-1"},"canonical":"https:\/\/encontreportugal.pt\/zh\/loja\/souvenirs\/broche-esmaltado-bandeira-portugal-lapela-masculino-feminino-moda-presente\/","og_locale":"zh_CN","og_type":"article","og_title":"Broche Esmaltado Bandeira Portugal \u2014 Lapela Masculino\/Feminino, Moda Presente - Encontre Portugal","og_url":"https:\/\/encontreportugal.pt\/zh\/loja\/souvenirs\/broche-esmaltado-bandeira-portugal-lapela-masculino-feminino-moda-presente\/","og_site_name":"Encontre Portugal","article_modified_time":"2025-06-09T22:16:25+00:00","og_image":[{"width":1000,"height":1000,"url":"https:\/\/encontreportugal.pt\/wp-content\/uploads\/2025\/06\/kf-S24b034e28aa94a71b08806d37a404f04K.webp","type":"image\/webp"}],"twitter_card":"summary_large_image","twitter_misc":{"\u9884\u8ba1\u9605\u8bfb\u65f6\u95f4":"1 \u5206"},"schema":{"@context":"https:\/\/schema.org","@graph":[{"@type":"WebPage","@id":"https:\/\/encontreportugal.pt\/loja\/souvenirs\/broche-esmaltado-bandeira-portugal-lapela-masculino-feminino-moda-presente\/","url":"https:\/\/encontreportugal.pt\/loja\/souvenirs\/broche-esmaltado-bandeira-portugal-lapela-masculino-feminino-moda-presente\/","name":"Broche Esmaltado Bandeira Portugal \u2014 Lapela Masculino\/Feminino, Moda Presente - Encontre Portugal","isPartOf":{"@id":"https:\/\/encontreportugal.pt\/zh\/#website"},"primaryImageOfPage":{"@id":"https:\/\/encontreportugal.pt\/loja\/souvenirs\/broche-esmaltado-bandeira-portugal-lapela-masculino-feminino-moda-presente\/#primaryimage"},"image":{"@id":"https:\/\/encontreportugal.pt\/loja\/souvenirs\/broche-esmaltado-bandeira-portugal-lapela-masculino-feminino-moda-presente\/#primaryimage"},"thumbnailUrl":"https:\/\/encontreportugal.pt\/wp-content\/uploads\/2025\/06\/kf-S24b034e28aa94a71b08806d37a404f04K.webp","datePublished":"2025-06-09T22:14:16+00:00","dateModified":"2025-06-09T22:16:25+00:00","breadcrumb":{"@id":"https:\/\/encontreportugal.pt\/loja\/souvenirs\/broche-esmaltado-bandeira-portugal-lapela-masculino-feminino-moda-presente\/#breadcrumb"},"inLanguage":"zh-Hans","potentialAction":[{"@type":"ReadAction","target":["https:\/\/encontreportugal.pt\/loja\/souvenirs\/broche-esmaltado-bandeira-portugal-lapela-masculino-feminino-moda-presente\/"]}]},{"@type":"ImageObject","inLanguage":"zh-Hans","@id":"https:\/\/encontreportugal.pt\/loja\/souvenirs\/broche-esmaltado-bandeira-portugal-lapela-masculino-feminino-moda-presente\/#primaryimage","url":"https:\/\/encontreportugal.pt\/wp-content\/uploads\/2025\/06\/kf-S24b034e28aa94a71b08806d37a404f04K.webp","contentUrl":"https:\/\/encontreportugal.pt\/wp-content\/uploads\/2025\/06\/kf-S24b034e28aa94a71b08806d37a404f04K.webp","width":1000,"height":1000},{"@type":"BreadcrumbList","@id":"https:\/\/encontreportugal.pt\/loja\/souvenirs\/broche-esmaltado-bandeira-portugal-lapela-masculino-feminino-moda-presente\/#breadcrumb","itemListElement":[{"@type":"ListItem","position":1,"name":"In\u00edcio","item":"https:\/\/encontreportugal.pt\/zh\/"},{"@type":"ListItem","position":2,"name":"Loja","item":"https:\/\/encontreportugal.pt\/loja\/"},{"@type":"ListItem","position":3,"name":"Broche Esmaltado Bandeira Portugal \u2014 Lapela Masculino\/Feminino, Moda Presente"}]},{"@type":"WebSite","@id":"https:\/\/encontreportugal.pt\/zh\/#website","url":"https:\/\/encontreportugal.pt\/zh\/","name":"\u5bfb\u627e\u8461\u8404\u7259","description":"\u8461\u8404\u7259\u6700\u5927\u7684\u5df4\u897f\u79fb\u6c11\u63d0\u793a\u95e8\u6237\u7f51\u7ad9\u3002","publisher":{"@id":"https:\/\/encontreportugal.pt\/zh\/#organization"},"potentialAction":[{"@type":"SearchAction","target":{"@type":"EntryPoint","urlTemplate":"https:\/\/encontreportugal.pt\/zh\/?s={search_term_string}"},"query-input":{"@type":"PropertyValueSpecification","valueRequired":true,"valueName":"search_term_string"}}],"inLanguage":"zh-Hans"},{"@type":"Organization","@id":"https:\/\/encontreportugal.pt\/zh\/#organization","name":"\u5bfb\u627e\u8461\u8404\u7259","url":"https:\/\/encontreportugal.pt\/zh\/","logo":{"@type":"ImageObject","inLanguage":"zh-Hans","@id":"https:\/\/encontreportugal.pt\/zh\/#\/schema\/logo\/image\/","url":"https:\/\/encontreportugal.pt\/wp-content\/uploads\/2024\/04\/cropped-logo-encontre-portugal.png","contentUrl":"https:\/\/encontreportugal.pt\/wp-content\/uploads\/2024\/04\/cropped-logo-encontre-portugal.png","width":500,"height":165,"caption":"Encontre Portugal"},"image":{"@id":"https:\/\/encontreportugal.pt\/zh\/#\/schema\/logo\/image\/"}}]}},"_links":{"self":[{"href":"https:\/\/encontreportugal.pt\/zh\/wp-json\/wp\/v2\/product\/15976","targetHints":{"allow":["GET"]}}],"collection":[{"href":"https:\/\/encontreportugal.pt\/zh\/wp-json\/wp\/v2\/product"}],"about":[{"href":"https:\/\/encontreportugal.pt\/zh\/wp-json\/wp\/v2\/types\/product"}],"replies":[{"embeddable":true,"href":"https:\/\/encontreportugal.pt\/zh\/wp-json\/wp\/v2\/comments?post=15976"}],"wp:featuredmedia":[{"embeddable":true,"href":"https:\/\/encontreportugal.pt\/zh\/wp-json\/wp\/v2\/media\/15977"}],"wp:attachment":[{"href":"https:\/\/encontreportugal.pt\/zh\/wp-json\/wp\/v2\/media?parent=15976"}],"wp:term":[{"taxonomy":"product_brand","embeddable":true,"href":"https:\/\/encontreportugal.pt\/zh\/wp-json\/wp\/v2\/product_brand?post=15976"},{"taxonomy":"product_cat","embeddable":true,"href":"https:\/\/encontreportugal.pt\/zh\/wp-json\/wp\/v2\/product_cat?post=15976"},{"taxonomy":"product_tag","embeddable":true,"href":"https:\/\/encontreportugal.pt\/zh\/wp-json\/wp\/v2\/product_tag?post=15976"}],"curies":[{"name":"wp","href":"https:\/\/api.w.org\/{rel}","templated":true}]}}