{"id":20829,"date":"2025-09-19T00:13:55","date_gmt":"2025-09-19T00:13:55","guid":{"rendered":"https:\/\/encontreportugal.pt\/loja\/sem categoria\/bone-beisebol-personalizado-mapa-portugal-protecao-solar-ajustavel-unissexo\/"},"modified":"2025-09-19T00:14:20","modified_gmt":"2025-09-19T00:14:20","slug":"bone-beisebol-personalizado-mapa-portugal-protecao-solar-ajustavel-unissexo","status":"publish","type":"product","link":"https:\/\/encontreportugal.pt\/zh\/loja\/bones\/bone-beisebol-personalizado-mapa-portugal-protecao-solar-ajustavel-unissexo\/","title":{"rendered":"Bon\u00e9 Beisebol Personalizado | Mapa Portugal, Prote\u00e7\u00e3o Solar, Ajust\u00e1vel Unissexo"},"content":{"rendered":"<div class=\"product-specs-list-container\">\n<ul class=\"product-specs-list util-clearfix\">\n<li class=\"product-prop line-limit-length\"><span\n\t\t\t\t\t\t\t\t\tclass=\"property-title\">Artesanato de Tecelagem:&nbsp;<\/span><span\n\t\t\t\t\t\t\t\t\tclass=\"property-desc line-limit-length\">Malha<\/span>\n\t\t\t\t\t\t<\/li>\n<li class=\"product-prop line-limit-length\"><span\n\t\t\t\t\t\t\t\t\tclass=\"property-title\">Qu\u00edmico Hign-em causa:&nbsp;<\/span><span\n\t\t\t\t\t\t\t\t\tclass=\"property-desc line-limit-length\">Nenhum<\/span>\n\t\t\t\t\t\t<\/li>\n<li class=\"product-prop line-limit-length\"><span\n\t\t\t\t\t\t\t\t\tclass=\"property-title\">Caracter\u00edstica:&nbsp;<\/span><span\n\t\t\t\t\t\t\t\t\tclass=\"property-desc line-limit-length\">Prote\u00e7\u00e3o solar<\/span>\n\t\t\t\t\t\t<\/li>\n<li class=\"product-prop line-limit-length\"><span\n\t\t\t\t\t\t\t\t\tclass=\"property-title\">Applicable Scene:&nbsp;<\/span><span\n\t\t\t\t\t\t\t\t\tclass=\"property-desc line-limit-length\">CASUAL<\/span>\n\t\t\t\t\t\t<\/li>\n<li class=\"product-prop line-limit-length\"><span\n\t\t\t\t\t\t\t\t\tclass=\"property-title\">Esta\u00e7\u00e3o adequada:&nbsp;<\/span><span\n\t\t\t\t\t\t\t\t\tclass=\"property-desc line-limit-length\">Quatro Esta\u00e7\u00f5es<\/span>\n\t\t\t\t\t\t<\/li>\n<li class=\"product-prop line-limit-length\"><span\n\t\t\t\t\t\t\t\t\tclass=\"property-title\">Lugar de origem:&nbsp;<\/span><span\n\t\t\t\t\t\t\t\t\tclass=\"property-desc line-limit-length\">China (continente)<\/span>\n\t\t\t\t\t\t<\/li>\n<li class=\"product-prop line-limit-length\"><span\n\t\t\t\t\t\t\t\t\tclass=\"property-title\">N\u00famero do modelo:&nbsp;<\/span><span\n\t\t\t\t\t\t\t\t\tclass=\"property-desc line-limit-length\">Baseball Cap<\/span>\n\t\t\t\t\t\t<\/li>\n<li class=\"product-prop line-limit-length\"><span\n\t\t\t\t\t\t\t\t\tclass=\"property-title\">Tipo de cinta:&nbsp;<\/span><span\n\t\t\t\t\t\t\t\t\tclass=\"property-desc line-limit-length\">Ajust\u00e1vel<\/span>\n\t\t\t\t\t\t<\/li>\n<li class=\"product-prop line-limit-length\"><span\n\t\t\t\t\t\t\t\t\tclass=\"property-title\">Tipo de modelo:&nbsp;<\/span><span\n\t\t\t\t\t\t\t\t\tclass=\"property-desc line-limit-length\">Estampada<\/span>\n\t\t\t\t\t\t<\/li>\n<li class=\"product-prop line-limit-length\"><span\n\t\t\t\t\t\t\t\t\tclass=\"property-title\">Estilo:&nbsp;<\/span><span\n\t\t\t\t\t\t\t\t\tclass=\"property-desc line-limit-length\">Casual<\/span>\n\t\t\t\t\t\t<\/li>\n<li class=\"product-prop line-limit-length\"><span\n\t\t\t\t\t\t\t\t\tclass=\"property-title\">Tamanho de chap\u00e9u:&nbsp;<\/span><span\n\t\t\t\t\t\t\t\t\tclass=\"property-desc line-limit-length\">Tamanho \u00danico<\/span>\n\t\t\t\t\t\t<\/li>\n<li class=\"product-prop line-limit-length\"><span\n\t\t\t\t\t\t\t\t\tclass=\"property-title\">Sexo:&nbsp;<\/span><span\n\t\t\t\t\t\t\t\t\tclass=\"property-desc line-limit-length\">Unissex<\/span>\n\t\t\t\t\t\t<\/li>\n<li class=\"product-prop line-limit-length\"><span\n\t\t\t\t\t\t\t\t\tclass=\"property-title\">Nome do departamento:&nbsp;<\/span><span\n\t\t\t\t\t\t\t\t\tclass=\"property-desc line-limit-length\">Adult<\/span>\n\t\t\t\t\t\t<\/li>\n<li class=\"product-prop line-limit-length\"><span\n\t\t\t\t\t\t\t\t\tclass=\"property-title\">Material:&nbsp;<\/span><span\n\t\t\t\t\t\t\t\t\tclass=\"property-desc line-limit-length\">POLI\u00c9STER<\/span>\n\t\t\t\t\t\t<\/li>\n<li class=\"product-prop line-limit-length\"><span\n\t\t\t\t\t\t\t\t\tclass=\"property-title\">Origem:&nbsp;<\/span><span\n\t\t\t\t\t\t\t\t\tclass=\"property-desc line-limit-length\">CN (Origem)<\/span>\n\t\t\t\t\t\t<\/li>\n<li class=\"product-prop line-limit-length\"><span\n\t\t\t\t\t\t\t\t\tclass=\"property-title\">CN:&nbsp;<\/span><span\n\t\t\t\t\t\t\t\t\tclass=\"property-desc line-limit-length\">Fujian<\/span>\n\t\t\t\t\t\t<\/li>\n<li class=\"product-prop line-limit-length\"><span\n\t\t\t\t\t\t\t\t\tclass=\"property-title\">Tipo de Item:&nbsp;<\/span><span\n\t\t\t\t\t\t\t\t\tclass=\"property-desc line-limit-length\">Baseball Caps<\/span>\n\t\t\t\t\t\t<\/li>\n<\/ul><\/div>\n<div class=\"detailmodule_html\">\n<div class=\"detail-desc-decorate-richtext\">Descri\u00e7\u00e3o do produto<\/div>\n<\/div>","protected":false},"excerpt":{"rendered":"<p>Artesanato de Tecelagem:&nbsp;Malha Qu\u00edmico Hign-em causa:&nbsp;Nenhum Caracter\u00edstica:&nbsp;Prote\u00e7\u00e3o solar Applicable Scene:&nbsp;CASUAL Esta\u00e7\u00e3o adequada:&nbsp;Quatro Esta\u00e7\u00f5es Lugar de origem:&nbsp;China (continente) N\u00famero do modelo:&nbsp;Baseball Cap Tipo de cinta:&nbsp;Ajust\u00e1vel Tipo de modelo:&nbsp;Estampada Estilo:&nbsp;Casual Tamanho de chap\u00e9u:&nbsp;Tamanho \u00danico Sexo:&nbsp;Unissex Nome do departamento:&nbsp;Adult Material:&nbsp;POLI\u00c9STER Origem:&nbsp;CN (Origem) CN:&nbsp;Fujian Tipo de Item:&nbsp;Baseball Caps Descri\u00e7\u00e3o do produto<\/p>","protected":false},"featured_media":20830,"comment_status":"open","ping_status":"closed","template":"","meta":[],"product_brand":[],"product_cat":[900],"product_tag":[],"class_list":{"0":"post-20829","1":"product","2":"type-product","3":"status-publish","4":"has-post-thumbnail","6":"product_cat-bones","8":"first","9":"instock","10":"shipping-taxable","11":"purchasable","12":"product-type-variable"},"acf":[],"yoast_head":"<!-- This site is optimized with the Yoast SEO plugin v27.4 - https:\/\/yoast.com\/product\/yoast-seo-wordpress\/ -->\n<title>Bon\u00e9 Beisebol Personalizado | Mapa Portugal, Prote\u00e7\u00e3o Solar, Ajust\u00e1vel Unissexo - Encontre Portugal<\/title>\n<meta name=\"robots\" content=\"index, follow, max-snippet:-1, max-image-preview:large, max-video-preview:-1\" \/>\n<link rel=\"canonical\" href=\"https:\/\/encontreportugal.pt\/zh\/loja\/bones\/bone-beisebol-personalizado-mapa-portugal-protecao-solar-ajustavel-unissexo\/\" \/>\n<meta property=\"og:locale\" content=\"zh_CN\" \/>\n<meta property=\"og:type\" content=\"article\" \/>\n<meta property=\"og:title\" content=\"Bon\u00e9 Beisebol Personalizado | Mapa Portugal, Prote\u00e7\u00e3o Solar, Ajust\u00e1vel Unissexo - Encontre Portugal\" \/>\n<meta property=\"og:url\" content=\"https:\/\/encontreportugal.pt\/zh\/loja\/bones\/bone-beisebol-personalizado-mapa-portugal-protecao-solar-ajustavel-unissexo\/\" \/>\n<meta property=\"og:site_name\" content=\"Encontre Portugal\" \/>\n<meta property=\"article:modified_time\" content=\"2025-09-19T00:14:20+00:00\" \/>\n<meta property=\"og:image\" content=\"https:\/\/encontreportugal.pt\/wp-content\/uploads\/2025\/09\/kf-Scf7f8979a7494ca2ae61f1df4b14662d9.webp\" \/>\n\t<meta property=\"og:image:width\" content=\"1200\" \/>\n\t<meta property=\"og:image:height\" content=\"1200\" \/>\n\t<meta property=\"og:image:type\" content=\"image\/webp\" \/>\n<meta name=\"twitter:card\" content=\"summary_large_image\" \/>\n<script type=\"application\/ld+json\" class=\"yoast-schema-graph\">{\"@context\":\"https:\\\/\\\/schema.org\",\"@graph\":[{\"@type\":\"WebPage\",\"@id\":\"https:\\\/\\\/encontreportugal.pt\\\/de\\\/loja\\\/bones\\\/bone-beisebol-personalizado-mapa-portugal-protecao-solar-ajustavel-unissexo\\\/\",\"url\":\"https:\\\/\\\/encontreportugal.pt\\\/de\\\/loja\\\/bones\\\/bone-beisebol-personalizado-mapa-portugal-protecao-solar-ajustavel-unissexo\\\/\",\"name\":\"Bon\u00e9 Beisebol Personalizado | Mapa Portugal, Prote\u00e7\u00e3o Solar, Ajust\u00e1vel Unissexo - Encontre Portugal\",\"isPartOf\":{\"@id\":\"https:\\\/\\\/encontreportugal.pt\\\/zh\\\/#website\"},\"primaryImageOfPage\":{\"@id\":\"https:\\\/\\\/encontreportugal.pt\\\/de\\\/loja\\\/bones\\\/bone-beisebol-personalizado-mapa-portugal-protecao-solar-ajustavel-unissexo\\\/#primaryimage\"},\"image\":{\"@id\":\"https:\\\/\\\/encontreportugal.pt\\\/de\\\/loja\\\/bones\\\/bone-beisebol-personalizado-mapa-portugal-protecao-solar-ajustavel-unissexo\\\/#primaryimage\"},\"thumbnailUrl\":\"https:\\\/\\\/encontreportugal.pt\\\/wp-content\\\/uploads\\\/2025\\\/09\\\/kf-Scf7f8979a7494ca2ae61f1df4b14662d9.webp\",\"datePublished\":\"2025-09-19T00:13:55+00:00\",\"dateModified\":\"2025-09-19T00:14:20+00:00\",\"breadcrumb\":{\"@id\":\"https:\\\/\\\/encontreportugal.pt\\\/de\\\/loja\\\/bones\\\/bone-beisebol-personalizado-mapa-portugal-protecao-solar-ajustavel-unissexo\\\/#breadcrumb\"},\"inLanguage\":\"zh-Hans\",\"potentialAction\":[{\"@type\":\"ReadAction\",\"target\":[\"https:\\\/\\\/encontreportugal.pt\\\/de\\\/loja\\\/bones\\\/bone-beisebol-personalizado-mapa-portugal-protecao-solar-ajustavel-unissexo\\\/\"]}]},{\"@type\":\"ImageObject\",\"inLanguage\":\"zh-Hans\",\"@id\":\"https:\\\/\\\/encontreportugal.pt\\\/de\\\/loja\\\/bones\\\/bone-beisebol-personalizado-mapa-portugal-protecao-solar-ajustavel-unissexo\\\/#primaryimage\",\"url\":\"https:\\\/\\\/encontreportugal.pt\\\/wp-content\\\/uploads\\\/2025\\\/09\\\/kf-Scf7f8979a7494ca2ae61f1df4b14662d9.webp\",\"contentUrl\":\"https:\\\/\\\/encontreportugal.pt\\\/wp-content\\\/uploads\\\/2025\\\/09\\\/kf-Scf7f8979a7494ca2ae61f1df4b14662d9.webp\",\"width\":1200,\"height\":1200},{\"@type\":\"BreadcrumbList\",\"@id\":\"https:\\\/\\\/encontreportugal.pt\\\/de\\\/loja\\\/bones\\\/bone-beisebol-personalizado-mapa-portugal-protecao-solar-ajustavel-unissexo\\\/#breadcrumb\",\"itemListElement\":[{\"@type\":\"ListItem\",\"position\":1,\"name\":\"In\u00edcio\",\"item\":\"https:\\\/\\\/encontreportugal.pt\\\/zh\\\/\"},{\"@type\":\"ListItem\",\"position\":2,\"name\":\"Loja\",\"item\":\"https:\\\/\\\/encontreportugal.pt\\\/loja\\\/\"},{\"@type\":\"ListItem\",\"position\":3,\"name\":\"Bon\u00e9 Beisebol Personalizado | Mapa Portugal, Prote\u00e7\u00e3o Solar, Ajust\u00e1vel Unissexo\"}]},{\"@type\":\"WebSite\",\"@id\":\"https:\\\/\\\/encontreportugal.pt\\\/zh\\\/#website\",\"url\":\"https:\\\/\\\/encontreportugal.pt\\\/zh\\\/\",\"name\":\"Encontre Portugal\",\"description\":\"O maior Portal de dicas ao imigrante brasileiro em Portugal.\",\"publisher\":{\"@id\":\"https:\\\/\\\/encontreportugal.pt\\\/zh\\\/#organization\"},\"potentialAction\":[{\"@type\":\"SearchAction\",\"target\":{\"@type\":\"EntryPoint\",\"urlTemplate\":\"https:\\\/\\\/encontreportugal.pt\\\/zh\\\/?s={search_term_string}\"},\"query-input\":{\"@type\":\"PropertyValueSpecification\",\"valueRequired\":true,\"valueName\":\"search_term_string\"}}],\"inLanguage\":\"zh-Hans\"},{\"@type\":\"Organization\",\"@id\":\"https:\\\/\\\/encontreportugal.pt\\\/zh\\\/#organization\",\"name\":\"Encontre Portugal\",\"url\":\"https:\\\/\\\/encontreportugal.pt\\\/zh\\\/\",\"logo\":{\"@type\":\"ImageObject\",\"inLanguage\":\"zh-Hans\",\"@id\":\"https:\\\/\\\/encontreportugal.pt\\\/zh\\\/#\\\/schema\\\/logo\\\/image\\\/\",\"url\":\"https:\\\/\\\/encontreportugal.pt\\\/wp-content\\\/uploads\\\/2024\\\/04\\\/cropped-logo-encontre-portugal.png\",\"contentUrl\":\"https:\\\/\\\/encontreportugal.pt\\\/wp-content\\\/uploads\\\/2024\\\/04\\\/cropped-logo-encontre-portugal.png\",\"width\":500,\"height\":165,\"caption\":\"Encontre Portugal\"},\"image\":{\"@id\":\"https:\\\/\\\/encontreportugal.pt\\\/zh\\\/#\\\/schema\\\/logo\\\/image\\\/\"}}]}<\/script>\n<!-- \/ Yoast SEO plugin. -->","yoast_head_json":{"title":"Bon\u00e9 Beisebol Personalizado | Mapa Portugal, Prote\u00e7\u00e3o Solar, Ajust\u00e1vel Unissexo - Encontre Portugal","robots":{"index":"index","follow":"follow","max-snippet":"max-snippet:-1","max-image-preview":"max-image-preview:large","max-video-preview":"max-video-preview:-1"},"canonical":"https:\/\/encontreportugal.pt\/zh\/loja\/bones\/bone-beisebol-personalizado-mapa-portugal-protecao-solar-ajustavel-unissexo\/","og_locale":"zh_CN","og_type":"article","og_title":"Bon\u00e9 Beisebol Personalizado | Mapa Portugal, Prote\u00e7\u00e3o Solar, Ajust\u00e1vel Unissexo - Encontre Portugal","og_url":"https:\/\/encontreportugal.pt\/zh\/loja\/bones\/bone-beisebol-personalizado-mapa-portugal-protecao-solar-ajustavel-unissexo\/","og_site_name":"Encontre Portugal","article_modified_time":"2025-09-19T00:14:20+00:00","og_image":[{"width":1200,"height":1200,"url":"https:\/\/encontreportugal.pt\/wp-content\/uploads\/2025\/09\/kf-Scf7f8979a7494ca2ae61f1df4b14662d9.webp","type":"image\/webp"}],"twitter_card":"summary_large_image","schema":{"@context":"https:\/\/schema.org","@graph":[{"@type":"WebPage","@id":"https:\/\/encontreportugal.pt\/de\/loja\/bones\/bone-beisebol-personalizado-mapa-portugal-protecao-solar-ajustavel-unissexo\/","url":"https:\/\/encontreportugal.pt\/de\/loja\/bones\/bone-beisebol-personalizado-mapa-portugal-protecao-solar-ajustavel-unissexo\/","name":"Bon\u00e9 Beisebol Personalizado | Mapa Portugal, Prote\u00e7\u00e3o Solar, Ajust\u00e1vel Unissexo - Encontre Portugal","isPartOf":{"@id":"https:\/\/encontreportugal.pt\/zh\/#website"},"primaryImageOfPage":{"@id":"https:\/\/encontreportugal.pt\/de\/loja\/bones\/bone-beisebol-personalizado-mapa-portugal-protecao-solar-ajustavel-unissexo\/#primaryimage"},"image":{"@id":"https:\/\/encontreportugal.pt\/de\/loja\/bones\/bone-beisebol-personalizado-mapa-portugal-protecao-solar-ajustavel-unissexo\/#primaryimage"},"thumbnailUrl":"https:\/\/encontreportugal.pt\/wp-content\/uploads\/2025\/09\/kf-Scf7f8979a7494ca2ae61f1df4b14662d9.webp","datePublished":"2025-09-19T00:13:55+00:00","dateModified":"2025-09-19T00:14:20+00:00","breadcrumb":{"@id":"https:\/\/encontreportugal.pt\/de\/loja\/bones\/bone-beisebol-personalizado-mapa-portugal-protecao-solar-ajustavel-unissexo\/#breadcrumb"},"inLanguage":"zh-Hans","potentialAction":[{"@type":"ReadAction","target":["https:\/\/encontreportugal.pt\/de\/loja\/bones\/bone-beisebol-personalizado-mapa-portugal-protecao-solar-ajustavel-unissexo\/"]}]},{"@type":"ImageObject","inLanguage":"zh-Hans","@id":"https:\/\/encontreportugal.pt\/de\/loja\/bones\/bone-beisebol-personalizado-mapa-portugal-protecao-solar-ajustavel-unissexo\/#primaryimage","url":"https:\/\/encontreportugal.pt\/wp-content\/uploads\/2025\/09\/kf-Scf7f8979a7494ca2ae61f1df4b14662d9.webp","contentUrl":"https:\/\/encontreportugal.pt\/wp-content\/uploads\/2025\/09\/kf-Scf7f8979a7494ca2ae61f1df4b14662d9.webp","width":1200,"height":1200},{"@type":"BreadcrumbList","@id":"https:\/\/encontreportugal.pt\/de\/loja\/bones\/bone-beisebol-personalizado-mapa-portugal-protecao-solar-ajustavel-unissexo\/#breadcrumb","itemListElement":[{"@type":"ListItem","position":1,"name":"In\u00edcio","item":"https:\/\/encontreportugal.pt\/zh\/"},{"@type":"ListItem","position":2,"name":"Loja","item":"https:\/\/encontreportugal.pt\/loja\/"},{"@type":"ListItem","position":3,"name":"Bon\u00e9 Beisebol Personalizado | Mapa Portugal, Prote\u00e7\u00e3o Solar, Ajust\u00e1vel Unissexo"}]},{"@type":"WebSite","@id":"https:\/\/encontreportugal.pt\/zh\/#website","url":"https:\/\/encontreportugal.pt\/zh\/","name":"\u5bfb\u627e\u8461\u8404\u7259","description":"\u8461\u8404\u7259\u6700\u5927\u7684\u5df4\u897f\u79fb\u6c11\u63d0\u793a\u95e8\u6237\u7f51\u7ad9\u3002","publisher":{"@id":"https:\/\/encontreportugal.pt\/zh\/#organization"},"potentialAction":[{"@type":"SearchAction","target":{"@type":"EntryPoint","urlTemplate":"https:\/\/encontreportugal.pt\/zh\/?s={search_term_string}"},"query-input":{"@type":"PropertyValueSpecification","valueRequired":true,"valueName":"search_term_string"}}],"inLanguage":"zh-Hans"},{"@type":"Organization","@id":"https:\/\/encontreportugal.pt\/zh\/#organization","name":"\u5bfb\u627e\u8461\u8404\u7259","url":"https:\/\/encontreportugal.pt\/zh\/","logo":{"@type":"ImageObject","inLanguage":"zh-Hans","@id":"https:\/\/encontreportugal.pt\/zh\/#\/schema\/logo\/image\/","url":"https:\/\/encontreportugal.pt\/wp-content\/uploads\/2024\/04\/cropped-logo-encontre-portugal.png","contentUrl":"https:\/\/encontreportugal.pt\/wp-content\/uploads\/2024\/04\/cropped-logo-encontre-portugal.png","width":500,"height":165,"caption":"Encontre Portugal"},"image":{"@id":"https:\/\/encontreportugal.pt\/zh\/#\/schema\/logo\/image\/"}}]}},"_links":{"self":[{"href":"https:\/\/encontreportugal.pt\/zh\/wp-json\/wp\/v2\/product\/20829","targetHints":{"allow":["GET"]}}],"collection":[{"href":"https:\/\/encontreportugal.pt\/zh\/wp-json\/wp\/v2\/product"}],"about":[{"href":"https:\/\/encontreportugal.pt\/zh\/wp-json\/wp\/v2\/types\/product"}],"replies":[{"embeddable":true,"href":"https:\/\/encontreportugal.pt\/zh\/wp-json\/wp\/v2\/comments?post=20829"}],"wp:featuredmedia":[{"embeddable":true,"href":"https:\/\/encontreportugal.pt\/zh\/wp-json\/wp\/v2\/media\/20830"}],"wp:attachment":[{"href":"https:\/\/encontreportugal.pt\/zh\/wp-json\/wp\/v2\/media?parent=20829"}],"wp:term":[{"taxonomy":"product_brand","embeddable":true,"href":"https:\/\/encontreportugal.pt\/zh\/wp-json\/wp\/v2\/product_brand?post=20829"},{"taxonomy":"product_cat","embeddable":true,"href":"https:\/\/encontreportugal.pt\/zh\/wp-json\/wp\/v2\/product_cat?post=20829"},{"taxonomy":"product_tag","embeddable":true,"href":"https:\/\/encontreportugal.pt\/zh\/wp-json\/wp\/v2\/product_tag?post=20829"}],"curies":[{"name":"wp","href":"https:\/\/api.w.org\/{rel}","templated":true}]}}